{"id":937,"date":"2023-07-11T17:48:44","date_gmt":"2023-07-11T17:48:44","guid":{"rendered":"https:\/\/cetnup.com\/?page_id=937"},"modified":"2023-10-07T00:56:44","modified_gmt":"2023-10-07T00:56:44","slug":"acne","status":"publish","type":"page","link":"https:\/\/cetnup.com\/index.php\/acne\/","title":{"rendered":"Acn\u00e9"},"content":{"rendered":"\t\t<div data-elementor-type=\"wp-page\" data-elementor-id=\"937\" class=\"elementor elementor-937\">\n\t\t\t\t\t\t<section class=\"elementor-section elementor-top-section elementor-element elementor-element-bbc0408 elementor-section-content-middle elementor-reverse-mobile elementor-section-boxed elementor-section-height-default elementor-section-height-default\" data-id=\"bbc0408\" data-element_type=\"section\" data-settings=\"{&quot;background_background&quot;:&quot;classic&quot;}\">\n\t\t\t\t\t\t\t<div class=\"elementor-background-overlay\"><\/div>\n\t\t\t\t\t\t\t<div class=\"elementor-container elementor-column-gap-no\">\n\t\t\t\t\t<div class=\"elementor-column elementor-col-100 elementor-top-column elementor-element elementor-element-435faa6\" data-id=\"435faa6\" data-element_type=\"column\">\n\t\t\t<div class=\"elementor-widget-wrap elementor-element-populated\">\n\t\t\t\t\t\t<div class=\"elementor-element elementor-element-e061403 elementor-widget elementor-widget-heading\" data-id=\"e061403\" data-element_type=\"widget\" data-widget_type=\"heading.default\">\n\t\t\t\t<div class=\"elementor-widget-container\">\n\t\t\t<h2 class=\"elementor-heading-title elementor-size-default\">Acn\u00e9<\/h2>\t\t<\/div>\n\t\t\t\t<\/div>\n\t\t\t\t<div class=\"elementor-element elementor-element-5f4ee7f elementor-widget-divider--view-line elementor-widget elementor-widget-divider\" data-id=\"5f4ee7f\" data-element_type=\"widget\" data-widget_type=\"divider.default\">\n\t\t\t\t<div class=\"elementor-widget-container\">\n\t\t\t\t\t<div class=\"elementor-divider\">\n\t\t\t<span class=\"elementor-divider-separator\">\n\t\t\t\t\t\t<\/span>\n\t\t<\/div>\n\t\t\t\t<\/div>\n\t\t\t\t<\/div>\n\t\t\t\t<div class=\"elementor-element elementor-element-87e6fc7 elementor-widget elementor-widget-text-editor\" data-id=\"87e6fc7\" data-element_type=\"widget\" data-widget_type=\"text-editor.default\">\n\t\t\t\t<div class=\"elementor-widget-container\">\n\t\t\t\t\t\t\t<p class=\"p1\" style=\"margin: 0cm;\"><span class=\"s1\"><span style=\"font-size: 12.5pt; font-family: 'Open Sans',sans-serif; color: #656565;\">El&nbsp;<b>acn\u00e9<\/b>&nbsp;es una bacteria que se desarrolla en un ambiente con exceso de sebo. Existen diferentes&nbsp;<b>f<\/b><\/span><\/span><span class=\"s2\"><b><span style=\"font-size: 12.5pt; font-family: 'Open Sans',sans-serif; color: #656565;\">actores que detonan el e<\/span><\/b><\/span><span class=\"s3\"><b><span style=\"font-size: 12.5pt; font-family: 'Open Sans',sans-serif; color: #656565;\">xceso de sebo<\/span><\/b><\/span><span class=\"s3\"><span style=\"font-size: 12.5pt; font-family: 'Open Sans',sans-serif; color: #656565;\">, tanto en hombres como en mujeres pasando desde lo hormonal hasta factores externos.&nbsp;<\/span><\/span><span class=\"s3\" style=\"font-style: inherit; font-weight: inherit; font-family: var( --e-global-typography-secondary-font-family ), Sans-serif;\"><span style=\"font-size: 12.5pt; font-family: 'Open Sans',sans-serif; color: #656565;\">Nuestros tratamientos est\u00e1n enfocados en diagnosticar los factores para corregirlos desde su origen, as\u00ed como corregir la parte est\u00e9tica.&nbsp;<\/span><\/span><span class=\"apple-converted-space\" style=\"font-style: inherit; font-weight: inherit; font-family: var( --e-global-typography-secondary-font-family ), Sans-serif;\"><span style=\"font-size: 12.5pt; font-family: 'Open Sans',sans-serif; color: #656565;\">&nbsp;<\/span><\/span><span class=\"s3\" style=\"font-style: inherit; font-weight: inherit; font-family: var( --e-global-typography-secondary-font-family ), Sans-serif;\"><span style=\"font-size: 12.5pt; font-family: 'Open Sans',sans-serif; color: #656565;\">La terap\u00e9utica com\u00fanmente est\u00e1 basada en un tratamiento de cabina, t\u00f3pico y sist\u00e9mico.<\/span><\/span><\/p>\t\t\t\t\t\t<\/div>\n\t\t\t\t<\/div>\n\t\t\t\t\t<\/div>\n\t\t<\/div>\n\t\t\t\t\t<\/div>\n\t\t<\/section>\n\t\t\t\t<section class=\"elementor-section elementor-top-section elementor-element elementor-element-5aa0c73 elementor-section-content-middle elementor-reverse-mobile elementor-section-boxed elementor-section-height-default elementor-section-height-default\" data-id=\"5aa0c73\" data-element_type=\"section\" data-settings=\"{&quot;background_background&quot;:&quot;classic&quot;}\">\n\t\t\t\t\t\t\t<div class=\"elementor-background-overlay\"><\/div>\n\t\t\t\t\t\t\t<div class=\"elementor-container elementor-column-gap-no\">\n\t\t\t\t\t<div class=\"elementor-column elementor-col-100 elementor-top-column elementor-element elementor-element-e52655e\" data-id=\"e52655e\" data-element_type=\"column\">\n\t\t\t<div class=\"elementor-widget-wrap elementor-element-populated\">\n\t\t\t\t\t\t<section class=\"elementor-section elementor-inner-section elementor-element elementor-element-2909aa0 elementor-section-boxed elementor-section-height-default elementor-section-height-default\" data-id=\"2909aa0\" data-element_type=\"section\">\n\t\t\t\t\t\t<div class=\"elementor-container elementor-column-gap-default\">\n\t\t\t\t\t<div class=\"elementor-column elementor-col-50 elementor-inner-column elementor-element elementor-element-7af2427\" data-id=\"7af2427\" data-element_type=\"column\">\n\t\t\t<div class=\"elementor-widget-wrap elementor-element-populated\">\n\t\t\t\t\t\t<div class=\"elementor-element elementor-element-7f48e37 elementor-widget elementor-widget-text-editor\" data-id=\"7f48e37\" data-element_type=\"widget\" data-widget_type=\"text-editor.default\">\n\t\t\t\t<div class=\"elementor-widget-container\">\n\t\t\t\t\t\t\t<p><strong>Cabina:\u00a0<\/strong>Es el Tratamiento inicial que se hace en la cl\u00ednica con el cual se obtendr\u00e1 una mejor\u00eda de un 20 a 30% en los primeros 7 d\u00edas. Este tratamiento puede estar formado por diferentes terap\u00e9uticas dependiendo el caso, desde peeling qu\u00edmico, laser co2 fraccionado, dermoabrasi\u00f3n, queratinoplastia, sesiones desinflamatorias de gl\u00e1ndulas seb\u00e1ceas, e incluso todas.\u00a0<\/p>\t\t\t\t\t\t<\/div>\n\t\t\t\t<\/div>\n\t\t\t\t\t<\/div>\n\t\t<\/div>\n\t\t\t\t<div class=\"elementor-column elementor-col-50 elementor-inner-column elementor-element elementor-element-9ed72c6\" data-id=\"9ed72c6\" data-element_type=\"column\">\n\t\t\t<div class=\"elementor-widget-wrap elementor-element-populated\">\n\t\t\t\t\t\t<div class=\"elementor-element elementor-element-2ee8636 elementor-widget elementor-widget-image\" data-id=\"2ee8636\" data-element_type=\"widget\" data-widget_type=\"image.default\">\n\t\t\t\t<div class=\"elementor-widget-container\">\n\t\t\t\t\t\t\t\t\t\t\t\t\t<img fetchpriority=\"high\" decoding=\"async\" width=\"446\" height=\"298\" src=\"https:\/\/cetnup.com\/wp-content\/uploads\/2023\/08\/Captura-de-Pantalla-2023-05-04-a-las-18.05.54.png\" class=\"attachment-large size-large wp-image-989\" alt=\"\" srcset=\"https:\/\/cetnup.com\/wp-content\/uploads\/2023\/08\/Captura-de-Pantalla-2023-05-04-a-las-18.05.54.png 446w, https:\/\/cetnup.com\/wp-content\/uploads\/2023\/08\/Captura-de-Pantalla-2023-05-04-a-las-18.05.54-300x200.png 300w\" sizes=\"(max-width: 446px) 100vw, 446px\" \/>\t\t\t\t\t\t\t\t\t\t\t\t\t<\/div>\n\t\t\t\t<\/div>\n\t\t\t\t\t<\/div>\n\t\t<\/div>\n\t\t\t\t\t<\/div>\n\t\t<\/section>\n\t\t\t\t\t<\/div>\n\t\t<\/div>\n\t\t\t\t\t<\/div>\n\t\t<\/section>\n\t\t\t\t<section class=\"elementor-section elementor-top-section elementor-element elementor-element-2ef539b elementor-section-content-middle elementor-reverse-mobile elementor-section-boxed elementor-section-height-default elementor-section-height-default\" data-id=\"2ef539b\" data-element_type=\"section\" data-settings=\"{&quot;background_background&quot;:&quot;classic&quot;}\">\n\t\t\t\t\t\t\t<div class=\"elementor-background-overlay\"><\/div>\n\t\t\t\t\t\t\t<div class=\"elementor-container elementor-column-gap-no\">\n\t\t\t\t\t<div class=\"elementor-column elementor-col-100 elementor-top-column elementor-element elementor-element-24085d9\" data-id=\"24085d9\" data-element_type=\"column\">\n\t\t\t<div class=\"elementor-widget-wrap elementor-element-populated\">\n\t\t\t\t\t\t<section class=\"elementor-section elementor-inner-section elementor-element elementor-element-50ed3ab elementor-section-boxed elementor-section-height-default elementor-section-height-default\" data-id=\"50ed3ab\" data-element_type=\"section\">\n\t\t\t\t\t\t<div class=\"elementor-container elementor-column-gap-default\">\n\t\t\t\t\t<div class=\"elementor-column elementor-col-50 elementor-inner-column elementor-element elementor-element-2ff2e8b\" data-id=\"2ff2e8b\" data-element_type=\"column\">\n\t\t\t<div class=\"elementor-widget-wrap elementor-element-populated\">\n\t\t\t\t\t\t<div class=\"elementor-element elementor-element-fbc6855 elementor-widget elementor-widget-image\" data-id=\"fbc6855\" data-element_type=\"widget\" data-widget_type=\"image.default\">\n\t\t\t\t<div class=\"elementor-widget-container\">\n\t\t\t\t\t\t\t\t\t\t\t\t\t<img decoding=\"async\" width=\"600\" height=\"400\" src=\"https:\/\/cetnup.com\/wp-content\/uploads\/2023\/08\/aplicacion-de-tratamiento-acne-1024x679-600x400.jpg.webp\" class=\"attachment-medium_large size-medium_large wp-image-993\" alt=\"\" srcset=\"https:\/\/cetnup.com\/wp-content\/uploads\/2023\/08\/aplicacion-de-tratamiento-acne-1024x679-600x400.jpg.webp 600w, https:\/\/cetnup.com\/wp-content\/uploads\/2023\/08\/aplicacion-de-tratamiento-acne-1024x679-600x400.jpg-300x200.webp 300w\" sizes=\"(max-width: 600px) 100vw, 600px\" \/>\t\t\t\t\t\t\t\t\t\t\t\t\t<\/div>\n\t\t\t\t<\/div>\n\t\t\t\t\t<\/div>\n\t\t<\/div>\n\t\t\t\t<div class=\"elementor-column elementor-col-50 elementor-inner-column elementor-element elementor-element-0d7382f\" data-id=\"0d7382f\" data-element_type=\"column\">\n\t\t\t<div class=\"elementor-widget-wrap elementor-element-populated\">\n\t\t\t\t\t\t<div class=\"elementor-element elementor-element-7af0004 elementor-widget elementor-widget-text-editor\" data-id=\"7af0004\" data-element_type=\"widget\" data-widget_type=\"text-editor.default\">\n\t\t\t\t<div class=\"elementor-widget-container\">\n\t\t\t\t\t\t\t<p><strong>T\u00f3pico<\/strong><u>:<\/u>\u00a0Tratamiento intensivo domiciliario para el progreso, en algunos casos para el control. Mismo que puede ser utilizado en un m\u00ednimo periodo de tres meses y puede prolongarse hasta un a\u00f1o en casos severos.<\/p><p>\u00a0<\/p>\t\t\t\t\t\t<\/div>\n\t\t\t\t<\/div>\n\t\t\t\t\t<\/div>\n\t\t<\/div>\n\t\t\t\t\t<\/div>\n\t\t<\/section>\n\t\t\t\t\t<\/div>\n\t\t<\/div>\n\t\t\t\t\t<\/div>\n\t\t<\/section>\n\t\t\t\t<section class=\"elementor-section elementor-top-section elementor-element elementor-element-b8e7e64 elementor-section-content-middle elementor-reverse-mobile elementor-section-boxed elementor-section-height-default elementor-section-height-default\" data-id=\"b8e7e64\" data-element_type=\"section\" data-settings=\"{&quot;background_background&quot;:&quot;classic&quot;}\">\n\t\t\t\t\t\t\t<div class=\"elementor-background-overlay\"><\/div>\n\t\t\t\t\t\t\t<div class=\"elementor-container elementor-column-gap-no\">\n\t\t\t\t\t<div class=\"elementor-column elementor-col-100 elementor-top-column elementor-element elementor-element-0dc9b9c\" data-id=\"0dc9b9c\" data-element_type=\"column\">\n\t\t\t<div class=\"elementor-widget-wrap elementor-element-populated\">\n\t\t\t\t\t\t<section class=\"elementor-section elementor-inner-section elementor-element elementor-element-1243634 elementor-section-boxed elementor-section-height-default elementor-section-height-default\" data-id=\"1243634\" data-element_type=\"section\">\n\t\t\t\t\t\t<div class=\"elementor-container elementor-column-gap-default\">\n\t\t\t\t\t<div class=\"elementor-column elementor-col-50 elementor-inner-column elementor-element elementor-element-4d3a40a\" data-id=\"4d3a40a\" data-element_type=\"column\">\n\t\t\t<div class=\"elementor-widget-wrap elementor-element-populated\">\n\t\t\t\t\t\t<div class=\"elementor-element elementor-element-c108631 elementor-widget elementor-widget-text-editor\" data-id=\"c108631\" data-element_type=\"widget\" data-widget_type=\"text-editor.default\">\n\t\t\t\t<div class=\"elementor-widget-container\">\n\t\t\t\t\t\t\t<p style=\"margin: 0cm;\"><strong><span style=\"font-size: 12.5pt; font-family: 'Open Sans',sans-serif; color: #656565;\">Sist\u00e9mico<\/span><\/strong><span style=\"font-size: 12.5pt; font-family: 'Open Sans',sans-serif; color: #656565;\">: Consiste en la toma de medicamento de ser necesario para corregir algunos trastornos desde hormonales hasta la hipertrofia de gl\u00e1ndulas seb\u00e1ceas. Inclusive interconsulta con ginecolog\u00eda o endocrinolog\u00eda.<\/span><\/p>\t\t\t\t\t\t<\/div>\n\t\t\t\t<\/div>\n\t\t\t\t\t<\/div>\n\t\t<\/div>\n\t\t\t\t<div class=\"elementor-column elementor-col-50 elementor-inner-column elementor-element elementor-element-6ff3540\" data-id=\"6ff3540\" data-element_type=\"column\">\n\t\t\t<div class=\"elementor-widget-wrap elementor-element-populated\">\n\t\t\t\t\t\t<div class=\"elementor-element elementor-element-25a5e6f elementor-widget elementor-widget-image\" data-id=\"25a5e6f\" data-element_type=\"widget\" data-widget_type=\"image.default\">\n\t\t\t\t<div class=\"elementor-widget-container\">\n\t\t\t\t\t\t\t\t\t\t\t\t\t<img decoding=\"async\" width=\"600\" height=\"400\" src=\"https:\/\/cetnup.com\/wp-content\/uploads\/2023\/08\/tomando-pastillas-1024x679-600x400.jpg.webp\" class=\"attachment-medium_large size-medium_large wp-image-994\" alt=\"\" srcset=\"https:\/\/cetnup.com\/wp-content\/uploads\/2023\/08\/tomando-pastillas-1024x679-600x400.jpg.webp 600w, https:\/\/cetnup.com\/wp-content\/uploads\/2023\/08\/tomando-pastillas-1024x679-600x400.jpg-300x200.webp 300w\" sizes=\"(max-width: 600px) 100vw, 600px\" \/>\t\t\t\t\t\t\t\t\t\t\t\t\t<\/div>\n\t\t\t\t<\/div>\n\t\t\t\t\t<\/div>\n\t\t<\/div>\n\t\t\t\t\t<\/div>\n\t\t<\/section>\n\t\t\t\t\t<\/div>\n\t\t<\/div>\n\t\t\t\t\t<\/div>\n\t\t<\/section>\n\t\t\t\t<section class=\"elementor-section elementor-top-section elementor-element elementor-element-9a94b81 elementor-section-content-middle elementor-reverse-mobile elementor-section-boxed elementor-section-height-default elementor-section-height-default\" data-id=\"9a94b81\" data-element_type=\"section\" data-settings=\"{&quot;background_background&quot;:&quot;classic&quot;}\">\n\t\t\t\t\t\t\t<div class=\"elementor-background-overlay\"><\/div>\n\t\t\t\t\t\t\t<div class=\"elementor-container elementor-column-gap-no\">\n\t\t\t\t\t<div class=\"elementor-column elementor-col-100 elementor-top-column elementor-element elementor-element-5de5164\" data-id=\"5de5164\" data-element_type=\"column\">\n\t\t\t<div class=\"elementor-widget-wrap elementor-element-populated\">\n\t\t\t\t\t\t<section class=\"elementor-section elementor-inner-section elementor-element elementor-element-51bbff2 elementor-section-boxed elementor-section-height-default elementor-section-height-default\" data-id=\"51bbff2\" data-element_type=\"section\">\n\t\t\t\t\t\t<div class=\"elementor-container elementor-column-gap-default\">\n\t\t\t\t\t<div class=\"elementor-column elementor-col-100 elementor-inner-column elementor-element elementor-element-4867725\" data-id=\"4867725\" data-element_type=\"column\">\n\t\t\t<div class=\"elementor-widget-wrap elementor-element-populated\">\n\t\t\t\t\t\t<div class=\"elementor-element elementor-element-b4a7da4 elementor-widget elementor-widget-text-editor\" data-id=\"b4a7da4\" data-element_type=\"widget\" data-widget_type=\"text-editor.default\">\n\t\t\t\t<div class=\"elementor-widget-container\">\n\t\t\t\t\t\t\t<p>El \u00e9xito para tratar el Acn\u00e9 est\u00e1 en funci\u00f3n de atacar el origen y corregir el da\u00f1o externo, es decir, brotes, cicatrices, manchas, y la \u00fanica manera es renovando la piel de manera ordenada, desde las capas m\u00e1s profundas hasta las m\u00e1s superficiales, para dejar una piel nueva libre de imperfecciones.<\/p><p>\u00a0<\/p>\t\t\t\t\t\t<\/div>\n\t\t\t\t<\/div>\n\t\t\t\t\t<\/div>\n\t\t<\/div>\n\t\t\t\t\t<\/div>\n\t\t<\/section>\n\t\t\t\t\t<\/div>\n\t\t<\/div>\n\t\t\t\t\t<\/div>\n\t\t<\/section>\n\t\t\t\t<\/div>\n\t\t","protected":false},"excerpt":{"rendered":"<p>Acn\u00e9 El&nbsp;acn\u00e9&nbsp;es una bacteria que se desarrolla en un ambiente con exceso de sebo. Existen diferentes&nbsp;factores que detonan el exceso de sebo, tanto en hombres como en mujeres pasando desde lo hormonal hasta factores externos.&nbsp;Nuestros tratamientos est\u00e1n enfocados en diagnosticar los factores para corregirlos desde su origen, as\u00ed como corregir la parte est\u00e9tica.&nbsp;&nbsp;La terap\u00e9utica com\u00fanmente [&hellip;]<\/p>\n","protected":false},"author":1,"featured_media":0,"parent":0,"menu_order":0,"comment_status":"closed","ping_status":"closed","template":"","meta":{"site-sidebar-layout":"no-sidebar","site-content-layout":"page-builder","ast-site-content-layout":"","site-content-style":"default","site-sidebar-style":"default","ast-global-header-display":"","ast-banner-title-visibility":"","ast-main-header-display":"","ast-hfb-above-header-display":"","ast-hfb-below-header-display":"","ast-hfb-mobile-header-display":"","site-post-title":"disabled","ast-breadcrumbs-content":"","ast-featured-img":"disabled","footer-sml-layout":"","theme-transparent-header-meta":"","adv-header-id-meta":"","stick-header-meta":"","header-above-stick-meta":"","header-main-stick-meta":"","header-below-stick-meta":"","astra-migrate-meta-layouts":"default","ast-page-background-enabled":"default","ast-page-background-meta":{"desktop":{"background-color":"","background-image":"","background-repeat":"repeat","background-position":"center center","background-size":"auto","background-attachment":"scroll","background-type":"","background-media":"","overlay-type":"","overlay-color":"","overlay-opacity":"","overlay-gradient":""},"tablet":{"background-color":"","background-image":"","background-repeat":"repeat","background-position":"center center","background-size":"auto","background-attachment":"scroll","background-type":"","background-media":"","overlay-type":"","overlay-color":"","overlay-opacity":"","overlay-gradient":""},"mobile":{"background-color":"","background-image":"","background-repeat":"repeat","background-position":"center center","background-size":"auto","background-attachment":"scroll","background-type":"","background-media":"","overlay-type":"","overlay-color":"","overlay-opacity":"","overlay-gradient":""}},"ast-content-background-meta":{"desktop":{"background-color":"var(--ast-global-color-5)","background-image":"","background-repeat":"repeat","background-position":"center center","background-size":"auto","background-attachment":"scroll","background-type":"","background-media":"","overlay-type":"","overlay-color":"","overlay-opacity":"","overlay-gradient":""},"tablet":{"background-color":"var(--ast-global-color-5)","background-image":"","background-repeat":"repeat","background-position":"center center","background-size":"auto","background-attachment":"scroll","background-type":"","background-media":"","overlay-type":"","overlay-color":"","overlay-opacity":"","overlay-gradient":""},"mobile":{"background-color":"var(--ast-global-color-5)","background-image":"","background-repeat":"repeat","background-position":"center center","background-size":"auto","background-attachment":"scroll","background-type":"","background-media":"","overlay-type":"","overlay-color":"","overlay-opacity":"","overlay-gradient":""}},"_joinchat":[],"footnotes":""},"class_list":["post-937","page","type-page","status-publish","hentry"],"_links":{"self":[{"href":"https:\/\/cetnup.com\/index.php\/wp-json\/wp\/v2\/pages\/937","targetHints":{"allow":["GET"]}}],"collection":[{"href":"https:\/\/cetnup.com\/index.php\/wp-json\/wp\/v2\/pages"}],"about":[{"href":"https:\/\/cetnup.com\/index.php\/wp-json\/wp\/v2\/types\/page"}],"author":[{"embeddable":true,"href":"https:\/\/cetnup.com\/index.php\/wp-json\/wp\/v2\/users\/1"}],"replies":[{"embeddable":true,"href":"https:\/\/cetnup.com\/index.php\/wp-json\/wp\/v2\/comments?post=937"}],"version-history":[{"count":29,"href":"https:\/\/cetnup.com\/index.php\/wp-json\/wp\/v2\/pages\/937\/revisions"}],"predecessor-version":[{"id":1328,"href":"https:\/\/cetnup.com\/index.php\/wp-json\/wp\/v2\/pages\/937\/revisions\/1328"}],"wp:attachment":[{"href":"https:\/\/cetnup.com\/index.php\/wp-json\/wp\/v2\/media?parent=937"}],"curies":[{"name":"wp","href":"https:\/\/api.w.org\/{rel}","templated":true}]}}