{"id":941,"date":"2023-07-11T17:50:13","date_gmt":"2023-07-11T17:50:13","guid":{"rendered":"https:\/\/cetnup.com\/?page_id=941"},"modified":"2023-08-12T00:33:39","modified_gmt":"2023-08-12T00:33:39","slug":"manchas","status":"publish","type":"page","link":"https:\/\/cetnup.com\/index.php\/manchas\/","title":{"rendered":"manchas"},"content":{"rendered":"\t\t<div data-elementor-type=\"wp-page\" data-elementor-id=\"941\" class=\"elementor elementor-941\">\n\t\t\t\t\t\t<section class=\"elementor-section elementor-top-section elementor-element elementor-element-14a2bf1 elementor-section-content-middle elementor-reverse-mobile elementor-section-boxed elementor-section-height-default elementor-section-height-default\" data-id=\"14a2bf1\" data-element_type=\"section\" data-settings=\"{&quot;background_background&quot;:&quot;classic&quot;}\">\n\t\t\t\t\t\t\t<div class=\"elementor-background-overlay\"><\/div>\n\t\t\t\t\t\t\t<div class=\"elementor-container elementor-column-gap-no\">\n\t\t\t\t\t<div class=\"elementor-column elementor-col-50 elementor-top-column elementor-element elementor-element-e388469\" data-id=\"e388469\" data-element_type=\"column\">\n\t\t\t<div class=\"elementor-widget-wrap elementor-element-populated\">\n\t\t\t\t\t\t<div class=\"elementor-element elementor-element-9646c4c elementor-widget elementor-widget-heading\" data-id=\"9646c4c\" data-element_type=\"widget\" data-widget_type=\"heading.default\">\n\t\t\t\t<div class=\"elementor-widget-container\">\n\t\t\t<h2 class=\"elementor-heading-title elementor-size-default\">Manchas<\/h2>\t\t<\/div>\n\t\t\t\t<\/div>\n\t\t\t\t<div class=\"elementor-element elementor-element-f70e450 elementor-widget-divider--view-line elementor-widget elementor-widget-divider\" data-id=\"f70e450\" data-element_type=\"widget\" data-widget_type=\"divider.default\">\n\t\t\t\t<div class=\"elementor-widget-container\">\n\t\t\t\t\t<div class=\"elementor-divider\">\n\t\t\t<span class=\"elementor-divider-separator\">\n\t\t\t\t\t\t<\/span>\n\t\t<\/div>\n\t\t\t\t<\/div>\n\t\t\t\t<\/div>\n\t\t\t\t<div class=\"elementor-element elementor-element-faf6953 elementor-widget elementor-widget-text-editor\" data-id=\"faf6953\" data-element_type=\"widget\" data-widget_type=\"text-editor.default\">\n\t\t\t\t<div class=\"elementor-widget-container\">\n\t\t\t\t\t\t\t<p style=\"margin: 0cm 0cm 21.0pt 0cm;\"><span style=\"font-size: 12.5pt; font-family: 'Open Sans',sans-serif; color: #656565;\">Nuestra Piel produce unas c\u00e9lulas llamadas Melanocitos que a su vez generan un pigmento llamado Melanina y es la responsable de darnos el color a la piel para protegernos de factores tanto internos (fisiol\u00f3gicos) como externos.<\/span><\/p>\t\t\t\t\t\t<\/div>\n\t\t\t\t<\/div>\n\t\t\t\t<div class=\"elementor-element elementor-element-fe7704c elementor-widget elementor-widget-text-editor\" data-id=\"fe7704c\" data-element_type=\"widget\" data-widget_type=\"text-editor.default\">\n\t\t\t\t<div class=\"elementor-widget-container\">\n\t\t\t\t\t\t\t<p style=\"margin: 0cm;\"><strong><span style=\"font-size: 12.5pt; font-family: 'Open Sans',sans-serif; color: #656565;\">Internos (Fisiol\u00f3gicos):<\/span><\/strong><\/p><p style=\"margin: 0cm;\"><strong><span style=\"font-size: 12.5pt; font-family: 'Open Sans',sans-serif; color: #656565;\">Hormonas:<\/span><\/strong><span class=\"apple-converted-space\"><span style=\"font-size: 12.5pt; font-family: 'Open Sans',sans-serif; color: #656565;\">\u00a0<\/span><\/span><span style=\"font-size: 12.5pt; font-family: 'Open Sans',sans-serif; color: #656565;\">\u00a0Cambios durante o despu\u00e9s del embarazo, por anticonceptivos, o trastornos hormonales.<\/span><\/p><p style=\"margin: 0cm;\"><strong><span style=\"font-size: 12.5pt; font-family: 'Open Sans',sans-serif; color: #656565;\">Mediadores de Inflamaci\u00f3n:<\/span><\/strong><span style=\"font-size: 12.5pt; font-family: 'Open Sans',sans-serif; color: #656565;\">\u00a0 Alta sensibilidad en la liberaci\u00f3n de los mediadores de inflamaci\u00f3n. Cuando sufrimos una lesi\u00f3n nuestro cuerpo trata de restaurar liberando algo que se llama mediadores de inflamaci\u00f3n, lo podemos observar cuando se mira rojo y abultado la zona da\u00f1ada, en ese momento hay una hiperactividad de melanocitos para proteger la zona da\u00f1ado dando una acumulaci\u00f3n que por fuera se mira como mancha marr\u00f3n, una acumulaci\u00f3n de los mismos.<\/span><\/p><p style=\"margin: 0cm;\"><strong><span style=\"font-size: 12.5pt; font-family: 'Open Sans',sans-serif; color: #656565;\">Da\u00f1o Hep\u00e1tico:<\/span><\/strong><span class=\"apple-converted-space\"><span style=\"font-size: 12.5pt; font-family: 'Open Sans',sans-serif; color: #656565;\">\u00a0<\/span><\/span><span style=\"font-size: 12.5pt; font-family: 'Open Sans',sans-serif; color: #656565;\">Mal funcionamiento en las enzimas que se secretan en el h\u00edgado derivado de abuso de medicamentos, alcohol, drogas.<\/span><\/p><p style=\"margin: 0cm;\"><strong><span style=\"font-size: 12.5pt; font-family: 'Open Sans',sans-serif; color: #656565;\">Enfermedades:<\/span><\/strong><span class=\"apple-converted-space\"><span style=\"font-size: 12.5pt; font-family: 'Open Sans',sans-serif; color: #656565;\">\u00a0<\/span><\/span><span style=\"font-size: 12.5pt; font-family: 'Open Sans',sans-serif; color: #656565;\">\u00a0Trastornos inmunol\u00f3gicos (vit\u00edligo), hongos, s\u00edndromes, etc.<\/span><\/p>\t\t\t\t\t\t<\/div>\n\t\t\t\t<\/div>\n\t\t\t\t\t<\/div>\n\t\t<\/div>\n\t\t\t\t<div class=\"elementor-column elementor-col-50 elementor-top-column elementor-element elementor-element-db3d61a\" data-id=\"db3d61a\" data-element_type=\"column\">\n\t\t\t<div class=\"elementor-widget-wrap elementor-element-populated\">\n\t\t\t\t\t\t<div class=\"elementor-element elementor-element-bcb2093 elementor-widget elementor-widget-image\" data-id=\"bcb2093\" data-element_type=\"widget\" data-widget_type=\"image.default\">\n\t\t\t\t<div class=\"elementor-widget-container\">\n\t\t\t\t\t\t\t\t\t\t\t\t\t<img fetchpriority=\"high\" decoding=\"async\" width=\"766\" height=\"1024\" src=\"https:\/\/cetnup.com\/wp-content\/uploads\/2023\/08\/1era-foto-manchas-web-1.jpg-766x1024.webp\" class=\"attachment-large size-large wp-image-1288\" alt=\"\" srcset=\"https:\/\/cetnup.com\/wp-content\/uploads\/2023\/08\/1era-foto-manchas-web-1.jpg-766x1024.webp 766w, https:\/\/cetnup.com\/wp-content\/uploads\/2023\/08\/1era-foto-manchas-web-1.jpg-224x300.webp 224w, https:\/\/cetnup.com\/wp-content\/uploads\/2023\/08\/1era-foto-manchas-web-1.jpg-768x1027.webp 768w, https:\/\/cetnup.com\/wp-content\/uploads\/2023\/08\/1era-foto-manchas-web-1.jpg-1149x1536.webp 1149w, https:\/\/cetnup.com\/wp-content\/uploads\/2023\/08\/1era-foto-manchas-web-1.jpg-1532x2048.webp 1532w, https:\/\/cetnup.com\/wp-content\/uploads\/2023\/08\/1era-foto-manchas-web-1.jpg.webp 1842w\" sizes=\"(max-width: 766px) 100vw, 766px\" \/>\t\t\t\t\t\t\t\t\t\t\t\t\t<\/div>\n\t\t\t\t<\/div>\n\t\t\t\t\t<\/div>\n\t\t<\/div>\n\t\t\t\t\t<\/div>\n\t\t<\/section>\n\t\t\t\t<section class=\"elementor-section elementor-top-section elementor-element elementor-element-d695bd8 elementor-section-boxed elementor-section-height-default elementor-section-height-default\" data-id=\"d695bd8\" data-element_type=\"section\" data-settings=\"{&quot;background_background&quot;:&quot;classic&quot;}\">\n\t\t\t\t\t\t<div class=\"elementor-container elementor-column-gap-default\">\n\t\t\t\t\t<div class=\"elementor-column elementor-col-100 elementor-top-column elementor-element elementor-element-9cc4dd4\" data-id=\"9cc4dd4\" data-element_type=\"column\">\n\t\t\t<div class=\"elementor-widget-wrap elementor-element-populated\">\n\t\t\t\t\t\t<div class=\"elementor-element elementor-element-dd2e212 elementor-widget elementor-widget-text-editor\" data-id=\"dd2e212\" data-element_type=\"widget\" data-widget_type=\"text-editor.default\">\n\t\t\t\t<div class=\"elementor-widget-container\">\n\t\t\t\t\t\t\t<p style=\"margin: 0cm;\"><strong><span style=\"font-size: 12.5pt; font-family: 'Open Sans',sans-serif; color: #656565;\">Factores externos:<\/span><\/strong><\/p><p style=\"margin: 0cm;\"><strong><span style=\"font-size: 12.5pt; font-family: 'Open Sans',sans-serif; color: #656565;\">Qu\u00edmicos:<\/span><\/strong><span class=\"apple-converted-space\"><span style=\"font-size: 12.5pt; font-family: 'Open Sans',sans-serif; color: #656565;\">\u00a0<\/span><\/span><span style=\"font-size: 12.5pt; font-family: 'Open Sans',sans-serif; color: #656565;\">Productos irritantes como ceras para depilar, desodorantes, alcoholes, sustancias muy acidas, tintes, capilares, sustancias para peelings qu\u00edmicos, nitr\u00f3geno, etc.<\/span><\/p><p style=\"margin: 0cm;\"><strong><span style=\"font-size: 12.5pt; font-family: 'Open Sans',sans-serif; color: #656565;\">F\u00edsicos:<\/span><\/strong><span style=\"font-size: 12.5pt; font-family: 'Open Sans',sans-serif; color: #656565;\">\u00a0 Rozaduras, fricci\u00f3n en la piel en pliegues, lesiones, cortaduras, golpes, etc.<\/span><\/p><p style=\"margin: 0cm;\"><strong><span style=\"font-size: 12.5pt; font-family: 'Open Sans',sans-serif; color: #656565;\">Medio Ambiente:<\/span><\/strong><span class=\"apple-converted-space\"><span style=\"font-size: 12.5pt; font-family: 'Open Sans',sans-serif; color: #656565;\">\u00a0<\/span><\/span><span style=\"font-size: 12.5pt; font-family: 'Open Sans',sans-serif; color: #656565;\">Radiaci\u00f3n solar, exposici\u00f3n a temperaturas g\u00e9lidas prolongadas.<\/span><\/p><p style=\"margin: 0cm 0cm 21.0pt 0cm;\"><span style=\"font-size: 12.5pt; font-family: 'Open Sans',sans-serif; color: #656565;\">Debido a que las manchas tienen su origen en diversos factores los tratamientos est\u00e1n personalizados en relaci\u00f3n a la profundidad de la capa de piel donde se encuentra la mancha, la antig\u00fcedad, el progreso, y si ha recibido tratamiento.<\/span><\/p><p style=\"margin: 0cm 0cm 21.0pt 0cm;\"><span style=\"font-size: 12.5pt; font-family: 'Open Sans',sans-serif; color: #656565;\">En todos los casos reunimos una serie de terap\u00e9uticas para lograr llegar hasta las capas necesaria y eliminar las manchas; as\u00ed como actuar a nivel fisiol\u00f3gico para inhibir el exceso de melanina. En principio necesitamos estimular el recambio epid\u00e9rmico a trav\u00e9s de Laser co2, tratamiento en casa, peeling desde profundo hasta suave, Laser no ablativo, queratinoplastia, etc.<\/span><\/p>\t\t\t\t\t\t<\/div>\n\t\t\t\t<\/div>\n\t\t\t\t\t<\/div>\n\t\t<\/div>\n\t\t\t\t\t<\/div>\n\t\t<\/section>\n\t\t\t\t<\/div>\n\t\t","protected":false},"excerpt":{"rendered":"<p>Manchas Nuestra Piel produce unas c\u00e9lulas llamadas Melanocitos que a su vez generan un pigmento llamado Melanina y es la responsable de darnos el color a la piel para protegernos de factores tanto internos (fisiol\u00f3gicos) como externos. Internos (Fisiol\u00f3gicos): Hormonas:\u00a0\u00a0Cambios durante o despu\u00e9s del embarazo, por anticonceptivos, o trastornos hormonales. Mediadores de Inflamaci\u00f3n:\u00a0 Alta sensibilidad [&hellip;]<\/p>\n","protected":false},"author":1,"featured_media":0,"parent":0,"menu_order":0,"comment_status":"closed","ping_status":"closed","template":"","meta":{"site-sidebar-layout":"no-sidebar","site-content-layout":"page-builder","ast-site-content-layout":"","site-content-style":"default","site-sidebar-style":"default","ast-global-header-display":"","ast-banner-title-visibility":"","ast-main-header-display":"","ast-hfb-above-header-display":"","ast-hfb-below-header-display":"","ast-hfb-mobile-header-display":"","site-post-title":"disabled","ast-breadcrumbs-content":"","ast-featured-img":"disabled","footer-sml-layout":"","theme-transparent-header-meta":"","adv-header-id-meta":"","stick-header-meta":"","header-above-stick-meta":"","header-main-stick-meta":"","header-below-stick-meta":"","astra-migrate-meta-layouts":"default","ast-page-background-enabled":"default","ast-page-background-meta":{"desktop":{"background-color":"","background-image":"","background-repeat":"repeat","background-position":"center center","background-size":"auto","background-attachment":"scroll","background-type":"","background-media":"","overlay-type":"","overlay-color":"","overlay-opacity":"","overlay-gradient":""},"tablet":{"background-color":"","background-image":"","background-repeat":"repeat","background-position":"center center","background-size":"auto","background-attachment":"scroll","background-type":"","background-media":"","overlay-type":"","overlay-color":"","overlay-opacity":"","overlay-gradient":""},"mobile":{"background-color":"","background-image":"","background-repeat":"repeat","background-position":"center center","background-size":"auto","background-attachment":"scroll","background-type":"","background-media":"","overlay-type":"","overlay-color":"","overlay-opacity":"","overlay-gradient":""}},"ast-content-background-meta":{"desktop":{"background-color":"var(--ast-global-color-5)","background-image":"","background-repeat":"repeat","background-position":"center center","background-size":"auto","background-attachment":"scroll","background-type":"","background-media":"","overlay-type":"","overlay-color":"","overlay-opacity":"","overlay-gradient":""},"tablet":{"background-color":"var(--ast-global-color-5)","background-image":"","background-repeat":"repeat","background-position":"center center","background-size":"auto","background-attachment":"scroll","background-type":"","background-media":"","overlay-type":"","overlay-color":"","overlay-opacity":"","overlay-gradient":""},"mobile":{"background-color":"var(--ast-global-color-5)","background-image":"","background-repeat":"repeat","background-position":"center center","background-size":"auto","background-attachment":"scroll","background-type":"","background-media":"","overlay-type":"","overlay-color":"","overlay-opacity":"","overlay-gradient":""}},"_joinchat":[],"footnotes":""},"class_list":["post-941","page","type-page","status-publish","hentry"],"_links":{"self":[{"href":"https:\/\/cetnup.com\/index.php\/wp-json\/wp\/v2\/pages\/941","targetHints":{"allow":["GET"]}}],"collection":[{"href":"https:\/\/cetnup.com\/index.php\/wp-json\/wp\/v2\/pages"}],"about":[{"href":"https:\/\/cetnup.com\/index.php\/wp-json\/wp\/v2\/types\/page"}],"author":[{"embeddable":true,"href":"https:\/\/cetnup.com\/index.php\/wp-json\/wp\/v2\/users\/1"}],"replies":[{"embeddable":true,"href":"https:\/\/cetnup.com\/index.php\/wp-json\/wp\/v2\/comments?post=941"}],"version-history":[{"count":7,"href":"https:\/\/cetnup.com\/index.php\/wp-json\/wp\/v2\/pages\/941\/revisions"}],"predecessor-version":[{"id":1295,"href":"https:\/\/cetnup.com\/index.php\/wp-json\/wp\/v2\/pages\/941\/revisions\/1295"}],"wp:attachment":[{"href":"https:\/\/cetnup.com\/index.php\/wp-json\/wp\/v2\/media?parent=941"}],"curies":[{"name":"wp","href":"https:\/\/api.w.org\/{rel}","templated":true}]}}