{"id":943,"date":"2023-07-11T17:50:45","date_gmt":"2023-07-11T17:50:45","guid":{"rendered":"https:\/\/cetnup.com\/?page_id=943"},"modified":"2023-08-02T23:25:45","modified_gmt":"2023-08-02T23:25:45","slug":"botox","status":"publish","type":"page","link":"https:\/\/cetnup.com\/index.php\/botox\/","title":{"rendered":"B\u00f3tox"},"content":{"rendered":"\t\t<div data-elementor-type=\"wp-page\" data-elementor-id=\"943\" class=\"elementor elementor-943\">\n\t\t\t\t\t\t<section class=\"elementor-section elementor-top-section elementor-element elementor-element-c4e2d73 elementor-section-content-middle elementor-reverse-mobile elementor-section-boxed elementor-section-height-default elementor-section-height-default\" data-id=\"c4e2d73\" data-element_type=\"section\" data-settings=\"{&quot;background_background&quot;:&quot;classic&quot;}\">\n\t\t\t\t\t\t\t<div class=\"elementor-background-overlay\"><\/div>\n\t\t\t\t\t\t\t<div class=\"elementor-container elementor-column-gap-no\">\n\t\t\t\t\t<div class=\"elementor-column elementor-col-100 elementor-top-column elementor-element elementor-element-9d61da2\" data-id=\"9d61da2\" data-element_type=\"column\">\n\t\t\t<div class=\"elementor-widget-wrap elementor-element-populated\">\n\t\t\t\t\t\t<div class=\"elementor-element elementor-element-8e679da elementor-widget elementor-widget-heading\" data-id=\"8e679da\" data-element_type=\"widget\" data-widget_type=\"heading.default\">\n\t\t\t\t<div class=\"elementor-widget-container\">\n\t\t\t<h2 class=\"elementor-heading-title elementor-size-default\">B\u00f3tox<\/h2>\t\t<\/div>\n\t\t\t\t<\/div>\n\t\t\t\t<div class=\"elementor-element elementor-element-3495fc4 elementor-widget-divider--view-line elementor-widget elementor-widget-divider\" data-id=\"3495fc4\" data-element_type=\"widget\" data-widget_type=\"divider.default\">\n\t\t\t\t<div class=\"elementor-widget-container\">\n\t\t\t\t\t<div class=\"elementor-divider\">\n\t\t\t<span class=\"elementor-divider-separator\">\n\t\t\t\t\t\t<\/span>\n\t\t<\/div>\n\t\t\t\t<\/div>\n\t\t\t\t<\/div>\n\t\t\t\t<div class=\"elementor-element elementor-element-b793281 elementor-widget elementor-widget-text-editor\" data-id=\"b793281\" data-element_type=\"widget\" data-widget_type=\"text-editor.default\">\n\t\t\t\t<div class=\"elementor-widget-container\">\n\t\t\t\t\t\t\t<p>La toxina botul\u00ednica, o m\u00e1s com\u00fanmente conocida como Botox, es una prote\u00edna purificada que se inyecta en los m\u00fasculos para bloquear temporalmente los impulsos nerviosos. Se utiliza para tratar afecciones como las arrugas y los espasmos musculares, y se ha demostrado que es seguro y eficaz para uso cosm\u00e9tico.<\/p>\t\t\t\t\t\t<\/div>\n\t\t\t\t<\/div>\n\t\t\t\t\t<\/div>\n\t\t<\/div>\n\t\t\t\t\t<\/div>\n\t\t<\/section>\n\t\t\t\t<section class=\"elementor-section elementor-top-section elementor-element elementor-element-25e074e elementor-section-content-middle elementor-reverse-mobile elementor-section-boxed elementor-section-height-default elementor-section-height-default\" data-id=\"25e074e\" data-element_type=\"section\" data-settings=\"{&quot;background_background&quot;:&quot;classic&quot;}\">\n\t\t\t\t\t\t\t<div class=\"elementor-background-overlay\"><\/div>\n\t\t\t\t\t\t\t<div class=\"elementor-container elementor-column-gap-no\">\n\t\t\t\t\t<div class=\"elementor-column elementor-col-100 elementor-top-column elementor-element elementor-element-f581ac6\" data-id=\"f581ac6\" data-element_type=\"column\">\n\t\t\t<div class=\"elementor-widget-wrap elementor-element-populated\">\n\t\t\t\t\t\t<section class=\"elementor-section elementor-inner-section elementor-element elementor-element-d82daa1 elementor-section-boxed elementor-section-height-default elementor-section-height-default\" data-id=\"d82daa1\" data-element_type=\"section\">\n\t\t\t\t\t\t<div class=\"elementor-container elementor-column-gap-default\">\n\t\t\t\t\t<div class=\"elementor-column elementor-col-50 elementor-inner-column elementor-element elementor-element-deaac9e\" data-id=\"deaac9e\" data-element_type=\"column\">\n\t\t\t<div class=\"elementor-widget-wrap elementor-element-populated\">\n\t\t\t\t\t\t<div class=\"elementor-element elementor-element-7fa71af elementor-widget elementor-widget-text-editor\" data-id=\"7fa71af\" data-element_type=\"widget\" data-widget_type=\"text-editor.default\">\n\t\t\t\t<div class=\"elementor-widget-container\">\n\t\t\t\t\t\t\t<p>El proceso de aplicaci\u00f3n del Botox suele implicar una consulta con un m\u00e9dico o enfermero titulado que hablar\u00e1 de sus objetivos y expectativas, as\u00ed como de los riesgos asociados al tratamiento. Una vez finalizada la consulta, se le dar\u00e1n instrucciones sobre c\u00f3mo prepararse para su cita. Es posible que se le pida que se abstenga de beber alcohol o cafe\u00edna 24 horas antes de su cita. Si es posible, tambi\u00e9n debe evitar fumar una hora antes de su cita. Esto puede ayudar a prevenir cualquier complicaci\u00f3n que pueda producirse durante el tratamiento, como hematomas o hemorragias bajo la piel donde se administraron las inyecciones.<\/p>\t\t\t\t\t\t<\/div>\n\t\t\t\t<\/div>\n\t\t\t\t\t<\/div>\n\t\t<\/div>\n\t\t\t\t<div class=\"elementor-column elementor-col-50 elementor-inner-column elementor-element elementor-element-e73f608\" data-id=\"e73f608\" data-element_type=\"column\">\n\t\t\t<div class=\"elementor-widget-wrap elementor-element-populated\">\n\t\t\t\t\t\t<div class=\"elementor-element elementor-element-537cc19 elementor-widget elementor-widget-image\" data-id=\"537cc19\" data-element_type=\"widget\" data-widget_type=\"image.default\">\n\t\t\t\t<div class=\"elementor-widget-container\">\n\t\t\t\t\t\t\t\t\t\t\t\t\t<img fetchpriority=\"high\" decoding=\"async\" width=\"923\" height=\"1024\" src=\"https:\/\/cetnup.com\/wp-content\/uploads\/2023\/08\/imagen-botox-imagen-de-relleno-1845x2048.jpg-923x1024.webp\" class=\"attachment-large size-large wp-image-1032\" alt=\"\" srcset=\"https:\/\/cetnup.com\/wp-content\/uploads\/2023\/08\/imagen-botox-imagen-de-relleno-1845x2048.jpg-923x1024.webp 923w, https:\/\/cetnup.com\/wp-content\/uploads\/2023\/08\/imagen-botox-imagen-de-relleno-1845x2048.jpg-270x300.webp 270w, https:\/\/cetnup.com\/wp-content\/uploads\/2023\/08\/imagen-botox-imagen-de-relleno-1845x2048.jpg-768x853.webp 768w, https:\/\/cetnup.com\/wp-content\/uploads\/2023\/08\/imagen-botox-imagen-de-relleno-1845x2048.jpg-1384x1536.webp 1384w, https:\/\/cetnup.com\/wp-content\/uploads\/2023\/08\/imagen-botox-imagen-de-relleno-1845x2048.jpg.webp 1845w\" sizes=\"(max-width: 923px) 100vw, 923px\" \/>\t\t\t\t\t\t\t\t\t\t\t\t\t<\/div>\n\t\t\t\t<\/div>\n\t\t\t\t\t<\/div>\n\t\t<\/div>\n\t\t\t\t\t<\/div>\n\t\t<\/section>\n\t\t\t\t\t<\/div>\n\t\t<\/div>\n\t\t\t\t\t<\/div>\n\t\t<\/section>\n\t\t\t\t<section class=\"elementor-section elementor-top-section elementor-element elementor-element-e5812bf elementor-section-content-middle elementor-reverse-mobile elementor-section-boxed elementor-section-height-default elementor-section-height-default\" data-id=\"e5812bf\" data-element_type=\"section\" data-settings=\"{&quot;background_background&quot;:&quot;classic&quot;}\">\n\t\t\t\t\t\t\t<div class=\"elementor-background-overlay\"><\/div>\n\t\t\t\t\t\t\t<div class=\"elementor-container elementor-column-gap-no\">\n\t\t\t\t\t<div class=\"elementor-column elementor-col-50 elementor-top-column elementor-element elementor-element-5eb3e0a\" data-id=\"5eb3e0a\" data-element_type=\"column\">\n\t\t\t<div class=\"elementor-widget-wrap elementor-element-populated\">\n\t\t\t\t\t\t<div class=\"elementor-element elementor-element-4567430 elementor-widget elementor-widget-heading\" data-id=\"4567430\" data-element_type=\"widget\" data-widget_type=\"heading.default\">\n\t\t\t\t<div class=\"elementor-widget-container\">\n\t\t\t<h2 class=\"elementor-heading-title elementor-size-default\">Recomendaciones preliminares<\/h2>\t\t<\/div>\n\t\t\t\t<\/div>\n\t\t\t\t<div class=\"elementor-element elementor-element-6989dae elementor-widget-divider--view-line elementor-widget elementor-widget-divider\" data-id=\"6989dae\" data-element_type=\"widget\" data-widget_type=\"divider.default\">\n\t\t\t\t<div class=\"elementor-widget-container\">\n\t\t\t\t\t<div class=\"elementor-divider\">\n\t\t\t<span class=\"elementor-divider-separator\">\n\t\t\t\t\t\t<\/span>\n\t\t<\/div>\n\t\t\t\t<\/div>\n\t\t\t\t<\/div>\n\t\t\t\t<div class=\"elementor-element elementor-element-8ce8714 elementor-widget elementor-widget-text-editor\" data-id=\"8ce8714\" data-element_type=\"widget\" data-widget_type=\"text-editor.default\">\n\t\t\t\t<div class=\"elementor-widget-container\">\n\t\t\t\t\t\t\t<p>Aunque las inyecciones de Botox son seguras cuando las administra un profesional cualificado de acuerdo con las instrucciones del fabricante, hay ciertas precauciones que debe tomar antes de recibir el tratamiento:<\/p><p>-No conduzca usted mismo hasta su casa despu\u00e9s de recibir las inyecciones; haga arreglos con otra persona de antemano si es posible.<\/p>\t\t\t\t\t\t<\/div>\n\t\t\t\t<\/div>\n\t\t\t\t\t<\/div>\n\t\t<\/div>\n\t\t\t\t<div class=\"elementor-column elementor-col-50 elementor-top-column elementor-element elementor-element-17d4d77\" data-id=\"17d4d77\" data-element_type=\"column\">\n\t\t\t<div class=\"elementor-widget-wrap elementor-element-populated\">\n\t\t\t\t\t\t<div class=\"elementor-element elementor-element-dc8d0c5 elementor-widget elementor-widget-heading\" data-id=\"dc8d0c5\" data-element_type=\"widget\" data-widget_type=\"heading.default\">\n\t\t\t\t<div class=\"elementor-widget-container\">\n\t\t\t<h2 class=\"elementor-heading-title elementor-size-default\">Que busca correjir el Botox<\/h2>\t\t<\/div>\n\t\t\t\t<\/div>\n\t\t\t\t<div class=\"elementor-element elementor-element-2b67a5c elementor-widget-divider--view-line elementor-widget elementor-widget-divider\" data-id=\"2b67a5c\" data-element_type=\"widget\" data-widget_type=\"divider.default\">\n\t\t\t\t<div class=\"elementor-widget-container\">\n\t\t\t\t\t<div class=\"elementor-divider\">\n\t\t\t<span class=\"elementor-divider-separator\">\n\t\t\t\t\t\t<\/span>\n\t\t<\/div>\n\t\t\t\t<\/div>\n\t\t\t\t<\/div>\n\t\t\t\t<div class=\"elementor-element elementor-element-94062cc elementor-widget elementor-widget-text-editor\" data-id=\"94062cc\" data-element_type=\"widget\" data-widget_type=\"text-editor.default\">\n\t\t\t\t<div class=\"elementor-widget-container\">\n\t\t\t\t\t\t\t<p style=\"margin: 0cm 0cm 21.0pt 0cm;\"><span style=\"font-size: 12.5pt; font-family: 'Open Sans',sans-serif; color: #656565;\">El b\u00f3tox es un tratamiento habitual para quienes buscan reducir la apariencia de las arrugas. Este procedimiento consiste en inyectar en la piel la toxina botul\u00ednica, que relaja los m\u00fasculos que causan las arrugas y las l\u00edneas de expresi\u00f3n. Los efectos del Botox duran varios meses, lo que le permite disfrutar de una piel suave y sin arrugas durante m\u00e1s tiempo.<\/span><\/p>\t\t\t\t\t\t<\/div>\n\t\t\t\t<\/div>\n\t\t\t\t\t<\/div>\n\t\t<\/div>\n\t\t\t\t\t<\/div>\n\t\t<\/section>\n\t\t\t\t<section class=\"elementor-section elementor-top-section elementor-element elementor-element-8f8ee72 elementor-section-content-middle elementor-reverse-mobile elementor-section-boxed elementor-section-height-default elementor-section-height-default\" data-id=\"8f8ee72\" data-element_type=\"section\" data-settings=\"{&quot;background_background&quot;:&quot;classic&quot;}\">\n\t\t\t\t\t\t\t<div class=\"elementor-background-overlay\"><\/div>\n\t\t\t\t\t\t\t<div class=\"elementor-container elementor-column-gap-no\">\n\t\t\t\t\t<div class=\"elementor-column elementor-col-100 elementor-top-column elementor-element elementor-element-d7c951f\" data-id=\"d7c951f\" data-element_type=\"column\">\n\t\t\t<div class=\"elementor-widget-wrap elementor-element-populated\">\n\t\t\t\t\t\t<div class=\"elementor-element elementor-element-33edca8 elementor-widget elementor-widget-heading\" data-id=\"33edca8\" data-element_type=\"widget\" data-widget_type=\"heading.default\">\n\t\t\t\t<div class=\"elementor-widget-container\">\n\t\t\t<h2 class=\"elementor-heading-title elementor-size-default\">El B\u00f3tox puede utilizarse para tratar tanto problemas cosm\u00e9ticos como m\u00e9dicos. Los tratamientos cosm\u00e9ticos m\u00e1s comunes son:<\/h2>\t\t<\/div>\n\t\t\t\t<\/div>\n\t\t\t\t<div class=\"elementor-element elementor-element-220a934 elementor-widget-divider--view-line elementor-widget elementor-widget-divider\" data-id=\"220a934\" data-element_type=\"widget\" data-widget_type=\"divider.default\">\n\t\t\t\t<div class=\"elementor-widget-container\">\n\t\t\t\t\t<div class=\"elementor-divider\">\n\t\t\t<span class=\"elementor-divider-separator\">\n\t\t\t\t\t\t<\/span>\n\t\t<\/div>\n\t\t\t\t<\/div>\n\t\t\t\t<\/div>\n\t\t\t\t<div class=\"elementor-element elementor-element-1810a6d elementor-widget elementor-widget-text-editor\" data-id=\"1810a6d\" data-element_type=\"widget\" data-widget_type=\"text-editor.default\">\n\t\t\t\t<div class=\"elementor-widget-container\">\n\t\t\t\t\t\t\t<p style=\"margin: 0cm 0cm 21.0pt 0cm;\"><span style=\"color: #656565; font-family: 'Open Sans', sans-serif; font-size: 12.5pt; font-style: inherit; font-weight: inherit;\">* L\u00edneas de expresi\u00f3n<\/span><\/p><p style=\"margin: 0cm 0cm 21.0pt 0cm;\"><span style=\"font-size: 12.5pt; font-family: 'Open Sans',sans-serif; color: #656565;\">* Patas de gallo<\/span><\/p><p style=\"margin: 0cm 0cm 21.0pt 0cm;\"><span style=\"font-size: 12.5pt; font-family: 'Open Sans',sans-serif; color: #656565;\">* Pliegues de la frente<\/span><\/p><p style=\"margin: 0cm 0cm 21.0pt 0cm;\"><span style=\"font-size: 12.5pt; font-family: 'Open Sans',sans-serif; color: #656565;\">* L\u00edneas de la risa<\/span><\/p><p style=\"margin: 0cm 0cm 21.0pt 0cm;\"><span style=\"font-size: 12.5pt; font-family: 'Open Sans',sans-serif; color: #656565;\">* L\u00edneas del cuello<\/span><\/p><p style=\"margin: 0cm 0cm 21.0pt 0cm;\"><span style=\"font-size: 12.5pt; font-family: 'Open Sans',sans-serif; color: #656565;\">* Gl\u00e1ndulas sudor\u00edparas de las axilas<\/span><\/p><p style=\"margin: 0cm 0cm 21.0pt 0cm;\"><span style=\"font-size: 12.5pt; font-family: 'Open Sans',sans-serif; color: #656565;\">El b\u00f3tox tambi\u00e9n puede ayudar a tratar problemas m\u00e9dicos como la sudoraci\u00f3n excesiva y los espasmos musculares.<\/span><\/p><p style=\"margin: 0cm 0cm 21.0pt 0cm;\"><span style=\"font-size: 12.5pt; font-family: 'Open Sans',sans-serif; color: #656565;\">El Botox\u00ae es una prote\u00edna purificada producida por la bacteria Clostridium botulinum. La toxina, presente en el medio de cultivo durante la producci\u00f3n, provoca la par\u00e1lisis de ciertos m\u00fasculos al bloquear la liberaci\u00f3n de acetilcolina en la uni\u00f3n neuromuscular.<\/span><\/p>\t\t\t\t\t\t<\/div>\n\t\t\t\t<\/div>\n\t\t\t\t\t<\/div>\n\t\t<\/div>\n\t\t\t\t\t<\/div>\n\t\t<\/section>\n\t\t\t\t<\/div>\n\t\t","protected":false},"excerpt":{"rendered":"<p>B\u00f3tox La toxina botul\u00ednica, o m\u00e1s com\u00fanmente conocida como Botox, es una prote\u00edna purificada que se inyecta en los m\u00fasculos para bloquear temporalmente los impulsos nerviosos. Se utiliza para tratar afecciones como las arrugas y los espasmos musculares, y se ha demostrado que es seguro y eficaz para uso cosm\u00e9tico. El proceso de aplicaci\u00f3n del [&hellip;]<\/p>\n","protected":false},"author":1,"featured_media":0,"parent":0,"menu_order":0,"comment_status":"closed","ping_status":"closed","template":"","meta":{"site-sidebar-layout":"no-sidebar","site-content-layout":"page-builder","ast-site-content-layout":"","site-content-style":"default","site-sidebar-style":"default","ast-global-header-display":"","ast-banner-title-visibility":"","ast-main-header-display":"","ast-hfb-above-header-display":"","ast-hfb-below-header-display":"","ast-hfb-mobile-header-display":"","site-post-title":"disabled","ast-breadcrumbs-content":"","ast-featured-img":"disabled","footer-sml-layout":"","theme-transparent-header-meta":"","adv-header-id-meta":"","stick-header-meta":"","header-above-stick-meta":"","header-main-stick-meta":"","header-below-stick-meta":"","astra-migrate-meta-layouts":"default","ast-page-background-enabled":"default","ast-page-background-meta":{"desktop":{"background-color":"","background-image":"","background-repeat":"repeat","background-position":"center center","background-size":"auto","background-attachment":"scroll","background-type":"","background-media":"","overlay-type":"","overlay-color":"","overlay-opacity":"","overlay-gradient":""},"tablet":{"background-color":"","background-image":"","background-repeat":"repeat","background-position":"center center","background-size":"auto","background-attachment":"scroll","background-type":"","background-media":"","overlay-type":"","overlay-color":"","overlay-opacity":"","overlay-gradient":""},"mobile":{"background-color":"","background-image":"","background-repeat":"repeat","background-position":"center center","background-size":"auto","background-attachment":"scroll","background-type":"","background-media":"","overlay-type":"","overlay-color":"","overlay-opacity":"","overlay-gradient":""}},"ast-content-background-meta":{"desktop":{"background-color":"var(--ast-global-color-5)","background-image":"","background-repeat":"repeat","background-position":"center center","background-size":"auto","background-attachment":"scroll","background-type":"","background-media":"","overlay-type":"","overlay-color":"","overlay-opacity":"","overlay-gradient":""},"tablet":{"background-color":"var(--ast-global-color-5)","background-image":"","background-repeat":"repeat","background-position":"center center","background-size":"auto","background-attachment":"scroll","background-type":"","background-media":"","overlay-type":"","overlay-color":"","overlay-opacity":"","overlay-gradient":""},"mobile":{"background-color":"var(--ast-global-color-5)","background-image":"","background-repeat":"repeat","background-position":"center center","background-size":"auto","background-attachment":"scroll","background-type":"","background-media":"","overlay-type":"","overlay-color":"","overlay-opacity":"","overlay-gradient":""}},"_joinchat":[],"footnotes":""},"class_list":["post-943","page","type-page","status-publish","hentry"],"_links":{"self":[{"href":"https:\/\/cetnup.com\/index.php\/wp-json\/wp\/v2\/pages\/943","targetHints":{"allow":["GET"]}}],"collection":[{"href":"https:\/\/cetnup.com\/index.php\/wp-json\/wp\/v2\/pages"}],"about":[{"href":"https:\/\/cetnup.com\/index.php\/wp-json\/wp\/v2\/types\/page"}],"author":[{"embeddable":true,"href":"https:\/\/cetnup.com\/index.php\/wp-json\/wp\/v2\/users\/1"}],"replies":[{"embeddable":true,"href":"https:\/\/cetnup.com\/index.php\/wp-json\/wp\/v2\/comments?post=943"}],"version-history":[{"count":8,"href":"https:\/\/cetnup.com\/index.php\/wp-json\/wp\/v2\/pages\/943\/revisions"}],"predecessor-version":[{"id":1036,"href":"https:\/\/cetnup.com\/index.php\/wp-json\/wp\/v2\/pages\/943\/revisions\/1036"}],"wp:attachment":[{"href":"https:\/\/cetnup.com\/index.php\/wp-json\/wp\/v2\/media?parent=943"}],"curies":[{"name":"wp","href":"https:\/\/api.w.org\/{rel}","templated":true}]}}