{"id":945,"date":"2023-07-11T17:51:11","date_gmt":"2023-07-11T17:51:11","guid":{"rendered":"https:\/\/cetnup.com\/?page_id=945"},"modified":"2023-08-05T00:32:36","modified_gmt":"2023-08-05T00:32:36","slug":"faciales","status":"publish","type":"page","link":"https:\/\/cetnup.com\/index.php\/faciales\/","title":{"rendered":"Faciales"},"content":{"rendered":"\t\t<div data-elementor-type=\"wp-page\" data-elementor-id=\"945\" class=\"elementor elementor-945\">\n\t\t\t\t\t\t<section class=\"elementor-section elementor-top-section elementor-element elementor-element-07a293b elementor-section-content-middle elementor-reverse-mobile elementor-section-boxed elementor-section-height-default elementor-section-height-default\" data-id=\"07a293b\" data-element_type=\"section\" data-settings=\"{&quot;background_background&quot;:&quot;classic&quot;}\">\n\t\t\t\t\t\t\t<div class=\"elementor-background-overlay\"><\/div>\n\t\t\t\t\t\t\t<div class=\"elementor-container elementor-column-gap-no\">\n\t\t\t\t\t<div class=\"elementor-column elementor-col-50 elementor-top-column elementor-element elementor-element-f0ff196\" data-id=\"f0ff196\" data-element_type=\"column\">\n\t\t\t<div class=\"elementor-widget-wrap elementor-element-populated\">\n\t\t\t\t\t\t<div class=\"elementor-element elementor-element-790f0f1 elementor-widget elementor-widget-heading\" data-id=\"790f0f1\" data-element_type=\"widget\" data-widget_type=\"heading.default\">\n\t\t\t\t<div class=\"elementor-widget-container\">\n\t\t\t<h2 class=\"elementor-heading-title elementor-size-default\">Faciales<\/h2>\t\t<\/div>\n\t\t\t\t<\/div>\n\t\t\t\t<div class=\"elementor-element elementor-element-1e5b532 elementor-widget-divider--view-line elementor-widget elementor-widget-divider\" data-id=\"1e5b532\" data-element_type=\"widget\" data-widget_type=\"divider.default\">\n\t\t\t\t<div class=\"elementor-widget-container\">\n\t\t\t\t\t<div class=\"elementor-divider\">\n\t\t\t<span class=\"elementor-divider-separator\">\n\t\t\t\t\t\t<\/span>\n\t\t<\/div>\n\t\t\t\t<\/div>\n\t\t\t\t<\/div>\n\t\t\t\t<div class=\"elementor-element elementor-element-a6e01d8 elementor-widget elementor-widget-text-editor\" data-id=\"a6e01d8\" data-element_type=\"widget\" data-widget_type=\"text-editor.default\">\n\t\t\t\t<div class=\"elementor-widget-container\">\n\t\t\t\t\t\t\t<p style=\"margin: 0cm;\"><span style=\"font-size: 12.5pt; font-family: 'Open Sans',sans-serif; color: #656565;\">El facial es un\u00a0<strong><span style=\"font-family: 'Open Sans',sans-serif;\">tratamiento dermatol\u00f3gico<\/span><\/strong>\u00a0localizado principalmente\u00a0<strong><span style=\"font-family: 'Open Sans',sans-serif;\">en la cara<\/span><\/strong>. Sirve principalmente para resolver algunas imperfecciones a nivel de piel que se presenten en la misma. Los faciales pueden clasificarse como:<strong><span style=\"font-family: 'Open Sans',sans-serif;\">\u00a0faciales normales y faciales de alto impacto<\/span><\/strong>, los cuales se definen a continuaci\u00f3n:<\/span><\/p><p style=\"margin: 0cm;\"><strong><span style=\"font-size: 12.5pt; font-family: 'Open Sans',sans-serif; color: #656565;\">FACIALES DE IMPACTO NORMAL Y DE ALTO IMPACTO<\/span><\/strong><span class=\"apple-converted-space\"><b><span style=\"font-size: 12.5pt; font-family: 'Open Sans',sans-serif; color: #656565;\">\u00a0<\/span><\/b><\/span><span style=\"font-size: 12.5pt; font-family: 'Open Sans',sans-serif; color: #656565;\">Experimenta por primera vez en tu Piel los Faciales de Alto Impacto. Estos se caracterizan por cambios inmediatos y progresivos.<\/span><\/p>\t\t\t\t\t\t<\/div>\n\t\t\t\t<\/div>\n\t\t\t\t\t<\/div>\n\t\t<\/div>\n\t\t\t\t<div class=\"elementor-column elementor-col-50 elementor-top-column elementor-element elementor-element-d84614c\" data-id=\"d84614c\" data-element_type=\"column\">\n\t\t\t<div class=\"elementor-widget-wrap elementor-element-populated\">\n\t\t\t\t\t\t<div class=\"elementor-element elementor-element-d01d895 elementor-widget elementor-widget-image\" data-id=\"d01d895\" data-element_type=\"widget\" data-widget_type=\"image.default\">\n\t\t\t\t<div class=\"elementor-widget-container\">\n\t\t\t\t\t\t\t\t\t\t\t\t\t<img fetchpriority=\"high\" decoding=\"async\" width=\"446\" height=\"595\" src=\"https:\/\/cetnup.com\/wp-content\/uploads\/2023\/08\/facial-1-.jpg.webp\" class=\"attachment-large size-large wp-image-1245\" alt=\"\" srcset=\"https:\/\/cetnup.com\/wp-content\/uploads\/2023\/08\/facial-1-.jpg.webp 446w, https:\/\/cetnup.com\/wp-content\/uploads\/2023\/08\/facial-1-.jpg-225x300.webp 225w\" sizes=\"(max-width: 446px) 100vw, 446px\" \/>\t\t\t\t\t\t\t\t\t\t\t\t\t<\/div>\n\t\t\t\t<\/div>\n\t\t\t\t\t<\/div>\n\t\t<\/div>\n\t\t\t\t\t<\/div>\n\t\t<\/section>\n\t\t\t\t<section class=\"elementor-section elementor-top-section elementor-element elementor-element-dfe21cd elementor-section-boxed elementor-section-height-default elementor-section-height-default\" data-id=\"dfe21cd\" data-element_type=\"section\" data-settings=\"{&quot;background_background&quot;:&quot;classic&quot;}\">\n\t\t\t\t\t\t<div class=\"elementor-container elementor-column-gap-default\">\n\t\t\t\t\t<div class=\"elementor-column elementor-col-100 elementor-top-column elementor-element elementor-element-eb5ec3b\" data-id=\"eb5ec3b\" data-element_type=\"column\">\n\t\t\t<div class=\"elementor-widget-wrap elementor-element-populated\">\n\t\t\t\t\t\t<div class=\"elementor-element elementor-element-da4d3fd elementor-widget elementor-widget-text-editor\" data-id=\"da4d3fd\" data-element_type=\"widget\" data-widget_type=\"text-editor.default\">\n\t\t\t\t<div class=\"elementor-widget-container\">\n\t\t\t\t\t\t\t<p>DIFERENCIAS:<\/p><p><strong>FACIAL NORMAL<\/strong><\/p><ul><li>Apariencia cosm\u00e9tica mejor de 1 a 3 d\u00edas.<\/li><\/ul><p>\u00a0 \u00a0 \u00a0 \u00a0 Sin efectos posteriores.<\/p>\t\t\t\t\t\t<\/div>\n\t\t\t\t<\/div>\n\t\t\t\t\t<\/div>\n\t\t<\/div>\n\t\t\t\t\t<\/div>\n\t\t<\/section>\n\t\t\t\t<section class=\"elementor-section elementor-top-section elementor-element elementor-element-fd742d6 elementor-section-boxed elementor-section-height-default elementor-section-height-default\" data-id=\"fd742d6\" data-element_type=\"section\" data-settings=\"{&quot;background_background&quot;:&quot;classic&quot;}\">\n\t\t\t\t\t\t<div class=\"elementor-container elementor-column-gap-default\">\n\t\t\t\t\t<div class=\"elementor-column elementor-col-100 elementor-top-column elementor-element elementor-element-26e7889\" data-id=\"26e7889\" data-element_type=\"column\">\n\t\t\t<div class=\"elementor-widget-wrap elementor-element-populated\">\n\t\t\t\t\t\t<div class=\"elementor-element elementor-element-0a1a13a elementor-widget elementor-widget-text-editor\" data-id=\"0a1a13a\" data-element_type=\"widget\" data-widget_type=\"text-editor.default\">\n\t\t\t\t<div class=\"elementor-widget-container\">\n\t\t\t\t\t\t\t<h5><strong>FACIAL DE ALTO IMPACTO<\/strong><\/h5><ul><li>Apariencia cosm\u00e9tica mejor de 1 a 7 d\u00edas.<\/li><li>Aumento en la mejor\u00eda a partir del 7 mo d\u00eda.<\/li><li>Mejora general de la Piel en tono, textura por 30 a 45 d\u00edas.<\/li><li>Efecto terap\u00e9utico si se repite al d\u00eda 30.<\/li><\/ul><p>Los Faciales de ALTO IMPACTO son tanto para hombres como para mujeres con o sin da\u00f1o, pero que desean mejorar o preservar el buen estado de su piel a un ritmo discreto y f\u00e1cil de continuar en casa.<\/p>\t\t\t\t\t\t<\/div>\n\t\t\t\t<\/div>\n\t\t\t\t\t<\/div>\n\t\t<\/div>\n\t\t\t\t\t<\/div>\n\t\t<\/section>\n\t\t\t\t<section class=\"elementor-section elementor-top-section elementor-element elementor-element-3a978a3 elementor-section-boxed elementor-section-height-default elementor-section-height-default\" data-id=\"3a978a3\" data-element_type=\"section\" data-settings=\"{&quot;background_background&quot;:&quot;classic&quot;}\">\n\t\t\t\t\t\t<div class=\"elementor-container elementor-column-gap-default\">\n\t\t\t\t\t<div class=\"elementor-column elementor-col-100 elementor-top-column elementor-element elementor-element-1b93ebc\" data-id=\"1b93ebc\" data-element_type=\"column\">\n\t\t\t<div class=\"elementor-widget-wrap elementor-element-populated\">\n\t\t\t\t\t\t<div class=\"elementor-element elementor-element-f95edf8 elementor-position-left elementor-vertical-align-top elementor-widget elementor-widget-image-box\" data-id=\"f95edf8\" data-element_type=\"widget\" data-widget_type=\"image-box.default\">\n\t\t\t\t<div class=\"elementor-widget-container\">\n\t\t\t<div class=\"elementor-image-box-wrapper\"><figure class=\"elementor-image-box-img\"><img decoding=\"async\" width=\"450\" height=\"342\" src=\"https:\/\/cetnup.com\/wp-content\/uploads\/2023\/08\/facial-desincrustante-antes-y-despues-.jpg.webp\" class=\"attachment-full size-full wp-image-1252\" alt=\"\" srcset=\"https:\/\/cetnup.com\/wp-content\/uploads\/2023\/08\/facial-desincrustante-antes-y-despues-.jpg.webp 450w, https:\/\/cetnup.com\/wp-content\/uploads\/2023\/08\/facial-desincrustante-antes-y-despues-.jpg-300x228.webp 300w\" sizes=\"(max-width: 450px) 100vw, 450px\" \/><\/figure><div class=\"elementor-image-box-content\"><h3 class=\"elementor-image-box-title\">FACIAL DESINCRUSTANTE<\/h3><p class=\"elementor-image-box-description\">Pieles con producci\u00f3n excesiva de sebo (regular), con brotes leves o repentinos, espinillas acumuladas u ocasionales. Se puede realizar a partir de los 13 a\u00f1os en hombres y mujeres.  *Su funci\u00f3n es equilibrar la secreci\u00f3n seb\u00e1cea disminuyendo la misma y as\u00ed no dar paso a la proliferaci\u00f3n de bacterias como la del acn\u00e9, eliminar comedones y espinillas.\n<\/p><\/div><\/div>\t\t<\/div>\n\t\t\t\t<\/div>\n\t\t\t\t\t<\/div>\n\t\t<\/div>\n\t\t\t\t\t<\/div>\n\t\t<\/section>\n\t\t\t\t<section class=\"elementor-section elementor-top-section elementor-element elementor-element-58e2a41 elementor-section-boxed elementor-section-height-default elementor-section-height-default\" data-id=\"58e2a41\" data-element_type=\"section\" data-settings=\"{&quot;background_background&quot;:&quot;classic&quot;}\">\n\t\t\t\t\t\t<div class=\"elementor-container elementor-column-gap-default\">\n\t\t\t\t\t<div class=\"elementor-column elementor-col-100 elementor-top-column elementor-element elementor-element-38cac91\" data-id=\"38cac91\" data-element_type=\"column\">\n\t\t\t<div class=\"elementor-widget-wrap elementor-element-populated\">\n\t\t\t\t\t\t<div class=\"elementor-element elementor-element-6c9cc41 elementor-position-left elementor-vertical-align-top elementor-widget elementor-widget-image-box\" data-id=\"6c9cc41\" data-element_type=\"widget\" data-widget_type=\"image-box.default\">\n\t\t\t\t<div class=\"elementor-widget-container\">\n\t\t\t<div class=\"elementor-image-box-wrapper\"><figure class=\"elementor-image-box-img\"><img decoding=\"async\" width=\"450\" height=\"342\" src=\"https:\/\/cetnup.com\/wp-content\/uploads\/2023\/08\/facial-anti-arrugas-.jpg.webp\" class=\"attachment-full size-full wp-image-1253\" alt=\"\" srcset=\"https:\/\/cetnup.com\/wp-content\/uploads\/2023\/08\/facial-anti-arrugas-.jpg.webp 450w, https:\/\/cetnup.com\/wp-content\/uploads\/2023\/08\/facial-anti-arrugas-.jpg-300x228.webp 300w\" sizes=\"(max-width: 450px) 100vw, 450px\" \/><\/figure><div class=\"elementor-image-box-content\"><h3 class=\"elementor-image-box-title\">FACIAL ANTI \u2013EDAD<\/h3><p class=\"elementor-image-box-description\">Pieles secas a mixtas con l\u00edneas de expresi\u00f3n, con manchas por sol (foto da\u00f1o) con un tono no uniforme en la piel.Se puede realizar a partir de los 30 a\u00f1os en hombres y mujeres.*Su funci\u00f3n es Revitalizar la cara, estimulando la reconstrucci\u00f3n de las fibras delgadas de col\u00e1geno y elastina atenuando las l\u00edneas de expresi\u00f3n suaves y disminuyendo flacidez, al mismo tiempo que desvanece manchas.\n<\/p><\/div><\/div>\t\t<\/div>\n\t\t\t\t<\/div>\n\t\t\t\t\t<\/div>\n\t\t<\/div>\n\t\t\t\t\t<\/div>\n\t\t<\/section>\n\t\t\t\t<section class=\"elementor-section elementor-top-section elementor-element elementor-element-7ca7843 elementor-section-boxed elementor-section-height-default elementor-section-height-default\" data-id=\"7ca7843\" data-element_type=\"section\" data-settings=\"{&quot;background_background&quot;:&quot;classic&quot;}\">\n\t\t\t\t\t\t<div class=\"elementor-container elementor-column-gap-default\">\n\t\t\t\t\t<div class=\"elementor-column elementor-col-100 elementor-top-column elementor-element elementor-element-ce38e77\" data-id=\"ce38e77\" data-element_type=\"column\">\n\t\t\t<div class=\"elementor-widget-wrap elementor-element-populated\">\n\t\t\t\t\t\t<div class=\"elementor-element elementor-element-408943e elementor-position-left elementor-vertical-align-top elementor-widget elementor-widget-image-box\" data-id=\"408943e\" data-element_type=\"widget\" data-widget_type=\"image-box.default\">\n\t\t\t\t<div class=\"elementor-widget-container\">\n\t\t\t<div class=\"elementor-image-box-wrapper\"><figure class=\"elementor-image-box-img\"><img loading=\"lazy\" decoding=\"async\" width=\"450\" height=\"342\" src=\"https:\/\/cetnup.com\/wp-content\/uploads\/2023\/08\/facial-hd-.jpg.webp\" class=\"attachment-full size-full wp-image-1254\" alt=\"\" srcset=\"https:\/\/cetnup.com\/wp-content\/uploads\/2023\/08\/facial-hd-.jpg.webp 450w, https:\/\/cetnup.com\/wp-content\/uploads\/2023\/08\/facial-hd-.jpg-300x228.webp 300w\" sizes=\"(max-width: 450px) 100vw, 450px\" \/><\/figure><div class=\"elementor-image-box-content\"><h3 class=\"elementor-image-box-title\">FACIALES HD 4K<\/h3><p class=\"elementor-image-box-description\">Su prop\u00f3sito es rejuvenecer 5 a\u00f1os al recambiar la piel para restaurarla y darle durabilidad a la apariencia nueva hasta por 6 meses.\nEste tratamiento incorpora el facial de Alto Impacto m\u00e1s peque\u00f1as   micro dosis de Toxina Botul\u00ednica que reducen con mayor eficacia las l\u00edneas de expresi\u00f3n de frente y ojos. Para Hombres y Mujeres, todo tipo de pieles. A partir de los 25 a\u00f1os.\n\n<\/p><\/div><\/div>\t\t<\/div>\n\t\t\t\t<\/div>\n\t\t\t\t\t<\/div>\n\t\t<\/div>\n\t\t\t\t\t<\/div>\n\t\t<\/section>\n\t\t\t\t<section class=\"elementor-section elementor-top-section elementor-element elementor-element-dcd1599 elementor-section-boxed elementor-section-height-default elementor-section-height-default\" data-id=\"dcd1599\" data-element_type=\"section\" data-settings=\"{&quot;background_background&quot;:&quot;classic&quot;}\">\n\t\t\t\t\t\t<div class=\"elementor-container elementor-column-gap-default\">\n\t\t\t\t\t<div class=\"elementor-column elementor-col-100 elementor-top-column elementor-element elementor-element-7fb895e\" data-id=\"7fb895e\" data-element_type=\"column\">\n\t\t\t<div class=\"elementor-widget-wrap elementor-element-populated\">\n\t\t\t\t\t\t<div class=\"elementor-element elementor-element-bb34223 elementor-position-left elementor-vertical-align-top elementor-widget elementor-widget-image-box\" data-id=\"bb34223\" data-element_type=\"widget\" data-widget_type=\"image-box.default\">\n\t\t\t\t<div class=\"elementor-widget-container\">\n\t\t\t<div class=\"elementor-image-box-wrapper\"><figure class=\"elementor-image-box-img\"><img loading=\"lazy\" decoding=\"async\" width=\"450\" height=\"342\" src=\"https:\/\/cetnup.com\/wp-content\/uploads\/2023\/08\/facial-hidratante-.jpg.webp\" class=\"attachment-full size-full wp-image-1255\" alt=\"\" srcset=\"https:\/\/cetnup.com\/wp-content\/uploads\/2023\/08\/facial-hidratante-.jpg.webp 450w, https:\/\/cetnup.com\/wp-content\/uploads\/2023\/08\/facial-hidratante-.jpg-300x228.webp 300w\" sizes=\"(max-width: 450px) 100vw, 450px\" \/><\/figure><div class=\"elementor-image-box-content\"><h3 class=\"elementor-image-box-title\">FACIAL HIDRATANTE <\/h3><p class=\"elementor-image-box-description\">Su funci\u00f3n es brindarle a la piel una apariencia h\u00fameda, brillante, luminosa, con las peque\u00f1as micro dosis de \u00c1cido Hialuronico que se colocan en la Dermis. La lozan\u00eda que se logra con este tratamiento es hasta por 6 meses ya que incorporamos adem\u00e1s del \u00c1cido Hialuronico un facial de alto impacto hidratante.\nSe puede realizar a partir de los 30 a\u00f1os para hombres y mujeres y combinarse con un 4K o cualquier otro procedimiento.\n\n<\/p><\/div><\/div>\t\t<\/div>\n\t\t\t\t<\/div>\n\t\t\t\t\t<\/div>\n\t\t<\/div>\n\t\t\t\t\t<\/div>\n\t\t<\/section>\n\t\t\t\t<\/div>\n\t\t","protected":false},"excerpt":{"rendered":"<p>Faciales El facial es un\u00a0tratamiento dermatol\u00f3gico\u00a0localizado principalmente\u00a0en la cara. Sirve principalmente para resolver algunas imperfecciones a nivel de piel que se presenten en la misma. Los faciales pueden clasificarse como:\u00a0faciales normales y faciales de alto impacto, los cuales se definen a continuaci\u00f3n: FACIALES DE IMPACTO NORMAL Y DE ALTO IMPACTO\u00a0Experimenta por primera vez en tu [&hellip;]<\/p>\n","protected":false},"author":1,"featured_media":0,"parent":0,"menu_order":0,"comment_status":"closed","ping_status":"closed","template":"","meta":{"site-sidebar-layout":"no-sidebar","site-content-layout":"page-builder","ast-site-content-layout":"","site-content-style":"default","site-sidebar-style":"default","ast-global-header-display":"","ast-banner-title-visibility":"","ast-main-header-display":"","ast-hfb-above-header-display":"","ast-hfb-below-header-display":"","ast-hfb-mobile-header-display":"","site-post-title":"disabled","ast-breadcrumbs-content":"","ast-featured-img":"disabled","footer-sml-layout":"","theme-transparent-header-meta":"","adv-header-id-meta":"","stick-header-meta":"","header-above-stick-meta":"","header-main-stick-meta":"","header-below-stick-meta":"","astra-migrate-meta-layouts":"default","ast-page-background-enabled":"default","ast-page-background-meta":{"desktop":{"background-color":"","background-image":"","background-repeat":"repeat","background-position":"center center","background-size":"auto","background-attachment":"scroll","background-type":"","background-media":"","overlay-type":"","overlay-color":"","overlay-opacity":"","overlay-gradient":""},"tablet":{"background-color":"","background-image":"","background-repeat":"repeat","background-position":"center center","background-size":"auto","background-attachment":"scroll","background-type":"","background-media":"","overlay-type":"","overlay-color":"","overlay-opacity":"","overlay-gradient":""},"mobile":{"background-color":"","background-image":"","background-repeat":"repeat","background-position":"center center","background-size":"auto","background-attachment":"scroll","background-type":"","background-media":"","overlay-type":"","overlay-color":"","overlay-opacity":"","overlay-gradient":""}},"ast-content-background-meta":{"desktop":{"background-color":"var(--ast-global-color-5)","background-image":"","background-repeat":"repeat","background-position":"center center","background-size":"auto","background-attachment":"scroll","background-type":"","background-media":"","overlay-type":"","overlay-color":"","overlay-opacity":"","overlay-gradient":""},"tablet":{"background-color":"var(--ast-global-color-5)","background-image":"","background-repeat":"repeat","background-position":"center center","background-size":"auto","background-attachment":"scroll","background-type":"","background-media":"","overlay-type":"","overlay-color":"","overlay-opacity":"","overlay-gradient":""},"mobile":{"background-color":"var(--ast-global-color-5)","background-image":"","background-repeat":"repeat","background-position":"center center","background-size":"auto","background-attachment":"scroll","background-type":"","background-media":"","overlay-type":"","overlay-color":"","overlay-opacity":"","overlay-gradient":""}},"_joinchat":[],"footnotes":""},"class_list":["post-945","page","type-page","status-publish","hentry"],"_links":{"self":[{"href":"https:\/\/cetnup.com\/index.php\/wp-json\/wp\/v2\/pages\/945","targetHints":{"allow":["GET"]}}],"collection":[{"href":"https:\/\/cetnup.com\/index.php\/wp-json\/wp\/v2\/pages"}],"about":[{"href":"https:\/\/cetnup.com\/index.php\/wp-json\/wp\/v2\/types\/page"}],"author":[{"embeddable":true,"href":"https:\/\/cetnup.com\/index.php\/wp-json\/wp\/v2\/users\/1"}],"replies":[{"embeddable":true,"href":"https:\/\/cetnup.com\/index.php\/wp-json\/wp\/v2\/comments?post=945"}],"version-history":[{"count":11,"href":"https:\/\/cetnup.com\/index.php\/wp-json\/wp\/v2\/pages\/945\/revisions"}],"predecessor-version":[{"id":1258,"href":"https:\/\/cetnup.com\/index.php\/wp-json\/wp\/v2\/pages\/945\/revisions\/1258"}],"wp:attachment":[{"href":"https:\/\/cetnup.com\/index.php\/wp-json\/wp\/v2\/media?parent=945"}],"curies":[{"name":"wp","href":"https:\/\/api.w.org\/{rel}","templated":true}]}}