{"id":947,"date":"2023-07-11T17:52:27","date_gmt":"2023-07-11T17:52:27","guid":{"rendered":"https:\/\/cetnup.com\/?page_id=947"},"modified":"2023-08-04T22:49:01","modified_gmt":"2023-08-04T22:49:01","slug":"despigmentacion","status":"publish","type":"page","link":"https:\/\/cetnup.com\/index.php\/despigmentacion\/","title":{"rendered":"Despigmentaci\u00f3n"},"content":{"rendered":"\t\t<div data-elementor-type=\"wp-page\" data-elementor-id=\"947\" class=\"elementor elementor-947\">\n\t\t\t\t\t\t<section class=\"elementor-section elementor-top-section elementor-element elementor-element-60382d7 elementor-section-content-middle elementor-reverse-mobile elementor-section-boxed elementor-section-height-default elementor-section-height-default\" data-id=\"60382d7\" data-element_type=\"section\" data-settings=\"{&quot;background_background&quot;:&quot;classic&quot;}\">\n\t\t\t\t\t\t\t<div class=\"elementor-background-overlay\"><\/div>\n\t\t\t\t\t\t\t<div class=\"elementor-container elementor-column-gap-no\">\n\t\t\t\t\t<div class=\"elementor-column elementor-col-50 elementor-top-column elementor-element elementor-element-b2d9412\" data-id=\"b2d9412\" data-element_type=\"column\">\n\t\t\t<div class=\"elementor-widget-wrap elementor-element-populated\">\n\t\t\t\t\t\t<div class=\"elementor-element elementor-element-edc8227 elementor-widget elementor-widget-heading\" data-id=\"edc8227\" data-element_type=\"widget\" data-widget_type=\"heading.default\">\n\t\t\t\t<div class=\"elementor-widget-container\">\n\t\t\t<h2 class=\"elementor-heading-title elementor-size-default\">Despigmentaci\u00f3n<\/h2>\t\t<\/div>\n\t\t\t\t<\/div>\n\t\t\t\t<div class=\"elementor-element elementor-element-d2f4551 elementor-widget-divider--view-line elementor-widget elementor-widget-divider\" data-id=\"d2f4551\" data-element_type=\"widget\" data-widget_type=\"divider.default\">\n\t\t\t\t<div class=\"elementor-widget-container\">\n\t\t\t\t\t<div class=\"elementor-divider\">\n\t\t\t<span class=\"elementor-divider-separator\">\n\t\t\t\t\t\t<\/span>\n\t\t<\/div>\n\t\t\t\t<\/div>\n\t\t\t\t<\/div>\n\t\t\t\t<div class=\"elementor-element elementor-element-aa28af2 elementor-widget elementor-widget-text-editor\" data-id=\"aa28af2\" data-element_type=\"widget\" data-widget_type=\"text-editor.default\">\n\t\t\t\t<div class=\"elementor-widget-container\">\n\t\t\t\t\t\t\t<p>La despigmentaci\u00f3n por zonas de la piel es un trastorno en el que algunas \u00e1reas de la piel pierden su pigmentaci\u00f3n natural, lo que resulta en manchas blancas o descoloridas en la piel. Esto puede deberse a diversas causas, como la exposici\u00f3n excesiva al sol, ciertos medicamentos o enfermedades, como la enfermedad de Addison.\u00a0<\/p><p>En la mayor\u00eda de los casos, la despigmentaci\u00f3n por zonas de la piel no es una condici\u00f3n peligrosa, pero puede afectar la apariencia de la piel y causar preocupaci\u00f3n est\u00e9tica. Si experimenta s\u00edntomas de despigmentaci\u00f3n por zonas de la piel, es importante consultar a un m\u00e9dico para determinar la causa y recibir el tratamiento adecuado.<\/p>\t\t\t\t\t\t<\/div>\n\t\t\t\t<\/div>\n\t\t\t\t\t<\/div>\n\t\t<\/div>\n\t\t\t\t<div class=\"elementor-column elementor-col-50 elementor-top-column elementor-element elementor-element-1dd490c\" data-id=\"1dd490c\" data-element_type=\"column\">\n\t\t\t<div class=\"elementor-widget-wrap elementor-element-populated\">\n\t\t\t\t\t\t<div class=\"elementor-element elementor-element-3532610 elementor-widget elementor-widget-image\" data-id=\"3532610\" data-element_type=\"widget\" data-widget_type=\"image.default\">\n\t\t\t\t<div class=\"elementor-widget-container\">\n\t\t\t\t\t\t\t\t\t\t\t\t\t<img fetchpriority=\"high\" decoding=\"async\" width=\"960\" height=\"1024\" src=\"https:\/\/cetnup.com\/wp-content\/uploads\/2023\/08\/fondo-aclarado-axila--960x1024.png\" class=\"attachment-large size-large wp-image-1239\" alt=\"\" srcset=\"https:\/\/cetnup.com\/wp-content\/uploads\/2023\/08\/fondo-aclarado-axila--960x1024.png 960w, https:\/\/cetnup.com\/wp-content\/uploads\/2023\/08\/fondo-aclarado-axila--281x300.png 281w, https:\/\/cetnup.com\/wp-content\/uploads\/2023\/08\/fondo-aclarado-axila--768x819.png 768w, https:\/\/cetnup.com\/wp-content\/uploads\/2023\/08\/fondo-aclarado-axila--1441x1536.png 1441w, https:\/\/cetnup.com\/wp-content\/uploads\/2023\/08\/fondo-aclarado-axila-.png 1920w\" sizes=\"(max-width: 960px) 100vw, 960px\" \/>\t\t\t\t\t\t\t\t\t\t\t\t\t<\/div>\n\t\t\t\t<\/div>\n\t\t\t\t\t<\/div>\n\t\t<\/div>\n\t\t\t\t\t<\/div>\n\t\t<\/section>\n\t\t\t\t<section class=\"elementor-section elementor-top-section elementor-element elementor-element-ed388fa elementor-section-boxed elementor-section-height-default elementor-section-height-default\" data-id=\"ed388fa\" data-element_type=\"section\" data-settings=\"{&quot;background_background&quot;:&quot;classic&quot;}\">\n\t\t\t\t\t\t<div class=\"elementor-container elementor-column-gap-default\">\n\t\t\t\t\t<div class=\"elementor-column elementor-col-100 elementor-top-column elementor-element elementor-element-d3e693f\" data-id=\"d3e693f\" data-element_type=\"column\">\n\t\t\t<div class=\"elementor-widget-wrap elementor-element-populated\">\n\t\t\t\t\t\t<div class=\"elementor-element elementor-element-c32c15f elementor-widget elementor-widget-text-editor\" data-id=\"c32c15f\" data-element_type=\"widget\" data-widget_type=\"text-editor.default\">\n\t\t\t\t<div class=\"elementor-widget-container\">\n\t\t\t\t\t\t\t<h5>\u00bfEn qu\u00e9 consiste el tratamiento de despigmentaci\u00f3n por zonas de la piel?<\/h5><p>El tratamiento de la despigmentaci\u00f3n por zonas de la piel puede variar dependiendo de la causa del trastorno. En general, el tratamiento puede incluir medidas para proteger la piel de la exposici\u00f3n excesiva al sol, como evitar el sol en las horas m\u00e1s calurosas del d\u00eda y usar un protector solar de amplio espectro con un factor de protecci\u00f3n solar (FPS) de al menos 30. Si la despigmentaci\u00f3n se debe a un medicamento o a una enfermedad, el tratamiento puede incluir la interrupci\u00f3n del medicamento o el tratamiento de la enfermedad subyacente.\u00a0<\/p><p>En algunos casos, tambi\u00e9n se pueden usar cremas o lociones para ayudar a restaurar la pigmentaci\u00f3n natural de la piel. Si experimenta s\u00edntomas de despigmentaci\u00f3n por zonas de la piel, es importante consultar a un m\u00e9dico para recibir el tratamiento adecuado.<\/p>\t\t\t\t\t\t<\/div>\n\t\t\t\t<\/div>\n\t\t\t\t\t<\/div>\n\t\t<\/div>\n\t\t\t\t\t<\/div>\n\t\t<\/section>\n\t\t\t\t<section class=\"elementor-section elementor-top-section elementor-element elementor-element-6b2133b elementor-section-boxed elementor-section-height-default elementor-section-height-default\" data-id=\"6b2133b\" data-element_type=\"section\" data-settings=\"{&quot;background_background&quot;:&quot;classic&quot;}\">\n\t\t\t\t\t\t<div class=\"elementor-container elementor-column-gap-default\">\n\t\t\t\t\t<div class=\"elementor-column elementor-col-100 elementor-top-column elementor-element elementor-element-6a4530e\" data-id=\"6a4530e\" data-element_type=\"column\">\n\t\t\t<div class=\"elementor-widget-wrap elementor-element-populated\">\n\t\t\t\t\t\t<div class=\"elementor-element elementor-element-30b52a6 elementor-widget elementor-widget-text-editor\" data-id=\"30b52a6\" data-element_type=\"widget\" data-widget_type=\"text-editor.default\">\n\t\t\t\t<div class=\"elementor-widget-container\">\n\t\t\t\t\t\t\t<h5>Consideraciones previas al tratamiento<\/h5><p>Si bien no hay medidas espec\u00edficas que se puedan tomar para prevenir la despigmentaci\u00f3n por zonas de la piel, hay algunas cosas que pueden ayudar a reducir el riesgo de desarrollar este trastorno. Por ejemplo, es importante protegerse de la exposici\u00f3n excesiva al sol, especialmente durante las horas m\u00e1s calurosas del d\u00eda. Esto incluye evitar el sol entre las 11 a.m. y las 4 p.m., usar ropa protectora y un protector solar de amplio espectro con un FPS de al menos 30. Adem\u00e1s, es importante evitar el uso de productos para el cuidado de la piel que contengan qu\u00edmicos agresivos o irritantes, ya que estos pueden da\u00f1ar la piel y contribuir a la despigmentaci\u00f3n. Por \u00faltimo, es importante llevar un estilo de vida saludable, que incluya una dieta equilibrada y la pr\u00e1ctica regular de ejercicio f\u00edsico, ya que esto puede ayudar a mantener la piel sana y fuerte.<\/p>\t\t\t\t\t\t<\/div>\n\t\t\t\t<\/div>\n\t\t\t\t\t<\/div>\n\t\t<\/div>\n\t\t\t\t\t<\/div>\n\t\t<\/section>\n\t\t\t\t<\/div>\n\t\t","protected":false},"excerpt":{"rendered":"<p>Despigmentaci\u00f3n La despigmentaci\u00f3n por zonas de la piel es un trastorno en el que algunas \u00e1reas de la piel pierden su pigmentaci\u00f3n natural, lo que resulta en manchas blancas o descoloridas en la piel. Esto puede deberse a diversas causas, como la exposici\u00f3n excesiva al sol, ciertos medicamentos o enfermedades, como la enfermedad de Addison.\u00a0 [&hellip;]<\/p>\n","protected":false},"author":1,"featured_media":0,"parent":0,"menu_order":0,"comment_status":"closed","ping_status":"closed","template":"","meta":{"site-sidebar-layout":"no-sidebar","site-content-layout":"page-builder","ast-site-content-layout":"","site-content-style":"default","site-sidebar-style":"default","ast-global-header-display":"","ast-banner-title-visibility":"","ast-main-header-display":"","ast-hfb-above-header-display":"","ast-hfb-below-header-display":"","ast-hfb-mobile-header-display":"","site-post-title":"disabled","ast-breadcrumbs-content":"","ast-featured-img":"disabled","footer-sml-layout":"","theme-transparent-header-meta":"","adv-header-id-meta":"","stick-header-meta":"","header-above-stick-meta":"","header-main-stick-meta":"","header-below-stick-meta":"","astra-migrate-meta-layouts":"default","ast-page-background-enabled":"default","ast-page-background-meta":{"desktop":{"background-color":"","background-image":"","background-repeat":"repeat","background-position":"center center","background-size":"auto","background-attachment":"scroll","background-type":"","background-media":"","overlay-type":"","overlay-color":"","overlay-opacity":"","overlay-gradient":""},"tablet":{"background-color":"","background-image":"","background-repeat":"repeat","background-position":"center center","background-size":"auto","background-attachment":"scroll","background-type":"","background-media":"","overlay-type":"","overlay-color":"","overlay-opacity":"","overlay-gradient":""},"mobile":{"background-color":"","background-image":"","background-repeat":"repeat","background-position":"center center","background-size":"auto","background-attachment":"scroll","background-type":"","background-media":"","overlay-type":"","overlay-color":"","overlay-opacity":"","overlay-gradient":""}},"ast-content-background-meta":{"desktop":{"background-color":"var(--ast-global-color-5)","background-image":"","background-repeat":"repeat","background-position":"center center","background-size":"auto","background-attachment":"scroll","background-type":"","background-media":"","overlay-type":"","overlay-color":"","overlay-opacity":"","overlay-gradient":""},"tablet":{"background-color":"var(--ast-global-color-5)","background-image":"","background-repeat":"repeat","background-position":"center center","background-size":"auto","background-attachment":"scroll","background-type":"","background-media":"","overlay-type":"","overlay-color":"","overlay-opacity":"","overlay-gradient":""},"mobile":{"background-color":"var(--ast-global-color-5)","background-image":"","background-repeat":"repeat","background-position":"center center","background-size":"auto","background-attachment":"scroll","background-type":"","background-media":"","overlay-type":"","overlay-color":"","overlay-opacity":"","overlay-gradient":""}},"_joinchat":[],"footnotes":""},"class_list":["post-947","page","type-page","status-publish","hentry"],"_links":{"self":[{"href":"https:\/\/cetnup.com\/index.php\/wp-json\/wp\/v2\/pages\/947","targetHints":{"allow":["GET"]}}],"collection":[{"href":"https:\/\/cetnup.com\/index.php\/wp-json\/wp\/v2\/pages"}],"about":[{"href":"https:\/\/cetnup.com\/index.php\/wp-json\/wp\/v2\/types\/page"}],"author":[{"embeddable":true,"href":"https:\/\/cetnup.com\/index.php\/wp-json\/wp\/v2\/users\/1"}],"replies":[{"embeddable":true,"href":"https:\/\/cetnup.com\/index.php\/wp-json\/wp\/v2\/comments?post=947"}],"version-history":[{"count":5,"href":"https:\/\/cetnup.com\/index.php\/wp-json\/wp\/v2\/pages\/947\/revisions"}],"predecessor-version":[{"id":1242,"href":"https:\/\/cetnup.com\/index.php\/wp-json\/wp\/v2\/pages\/947\/revisions\/1242"}],"wp:attachment":[{"href":"https:\/\/cetnup.com\/index.php\/wp-json\/wp\/v2\/media?parent=947"}],"curies":[{"name":"wp","href":"https:\/\/api.w.org\/{rel}","templated":true}]}}