{"id":952,"date":"2023-07-11T17:57:13","date_gmt":"2023-07-11T17:57:13","guid":{"rendered":"https:\/\/cetnup.com\/?page_id=952"},"modified":"2023-08-04T22:12:09","modified_gmt":"2023-08-04T22:12:09","slug":"laser-co2-fraccionado","status":"publish","type":"page","link":"https:\/\/cetnup.com\/index.php\/laser-co2-fraccionado\/","title":{"rendered":"Laser Co2 Fraccionado"},"content":{"rendered":"\t\t<div data-elementor-type=\"wp-page\" data-elementor-id=\"952\" class=\"elementor elementor-952\">\n\t\t\t\t\t\t<section class=\"elementor-section elementor-top-section elementor-element elementor-element-c70263b elementor-section-content-middle elementor-reverse-mobile elementor-section-boxed elementor-section-height-default elementor-section-height-default\" data-id=\"c70263b\" data-element_type=\"section\" data-settings=\"{&quot;background_background&quot;:&quot;classic&quot;}\">\n\t\t\t\t\t\t\t<div class=\"elementor-background-overlay\"><\/div>\n\t\t\t\t\t\t\t<div class=\"elementor-container elementor-column-gap-no\">\n\t\t\t\t\t<div class=\"elementor-column elementor-col-50 elementor-top-column elementor-element elementor-element-c2d7381\" data-id=\"c2d7381\" data-element_type=\"column\">\n\t\t\t<div class=\"elementor-widget-wrap elementor-element-populated\">\n\t\t\t\t\t\t<div class=\"elementor-element elementor-element-35078e6 elementor-widget elementor-widget-heading\" data-id=\"35078e6\" data-element_type=\"widget\" data-widget_type=\"heading.default\">\n\t\t\t\t<div class=\"elementor-widget-container\">\n\t\t\t<h2 class=\"elementor-heading-title elementor-size-default\">L\u00e1ser CO2 Fraccionado<\/h2>\t\t<\/div>\n\t\t\t\t<\/div>\n\t\t\t\t<div class=\"elementor-element elementor-element-7f57b71 elementor-widget-divider--view-line elementor-widget elementor-widget-divider\" data-id=\"7f57b71\" data-element_type=\"widget\" data-widget_type=\"divider.default\">\n\t\t\t\t<div class=\"elementor-widget-container\">\n\t\t\t\t\t<div class=\"elementor-divider\">\n\t\t\t<span class=\"elementor-divider-separator\">\n\t\t\t\t\t\t<\/span>\n\t\t<\/div>\n\t\t\t\t<\/div>\n\t\t\t\t<\/div>\n\t\t\t\t<div class=\"elementor-element elementor-element-39cdd6e elementor-widget elementor-widget-text-editor\" data-id=\"39cdd6e\" data-element_type=\"widget\" data-widget_type=\"text-editor.default\">\n\t\t\t\t<div class=\"elementor-widget-container\">\n\t\t\t\t\t\t\t<p style=\"margin: 0cm;\"><span style=\"font-size: 12.5pt; font-family: 'Open Sans',sans-serif; color: #656565;\">El<span class=\"apple-converted-space\">\u00a0<\/span><strong><span style=\"font-family: 'Open Sans',sans-serif;\">l\u00e1ser Co2 Fraccionado<\/span><\/strong><span class=\"apple-converted-space\">\u00a0<\/span>en la Piel, es la emisi\u00f3n de una Luz repartida que<span class=\"apple-converted-space\">\u00a0<\/span><strong><span style=\"font-family: 'Open Sans',sans-serif;\">vaporiza el tejido<\/span><\/strong><span class=\"apple-converted-space\">\u00a0<\/span>al quitar el agua en las c\u00e9lulas, esto permite la muerte celular ordenada para su<span class=\"apple-converted-space\">\u00a0<\/span><strong><span style=\"font-family: 'Open Sans',sans-serif;\">regeneraci\u00f3n sin cicatriz<\/span><\/strong>.<\/span><\/p>\t\t\t\t\t\t<\/div>\n\t\t\t\t<\/div>\n\t\t\t\t\t<\/div>\n\t\t<\/div>\n\t\t\t\t<div class=\"elementor-column elementor-col-50 elementor-top-column elementor-element elementor-element-ecdc021\" data-id=\"ecdc021\" data-element_type=\"column\">\n\t\t\t<div class=\"elementor-widget-wrap elementor-element-populated\">\n\t\t\t\t\t\t<div class=\"elementor-element elementor-element-6d03b0a elementor-widget elementor-widget-image\" data-id=\"6d03b0a\" data-element_type=\"widget\" data-widget_type=\"image.default\">\n\t\t\t\t<div class=\"elementor-widget-container\">\n\t\t\t\t\t\t\t\t\t\t\t\t\t<img fetchpriority=\"high\" decoding=\"async\" width=\"1024\" height=\"471\" src=\"https:\/\/cetnup.com\/wp-content\/uploads\/2023\/08\/laser-co2-en-uso-2048x941.jpg-1024x471.webp\" class=\"attachment-large size-large wp-image-1232\" alt=\"\" srcset=\"https:\/\/cetnup.com\/wp-content\/uploads\/2023\/08\/laser-co2-en-uso-2048x941.jpg-1024x471.webp 1024w, https:\/\/cetnup.com\/wp-content\/uploads\/2023\/08\/laser-co2-en-uso-2048x941.jpg-300x138.webp 300w, https:\/\/cetnup.com\/wp-content\/uploads\/2023\/08\/laser-co2-en-uso-2048x941.jpg-768x353.webp 768w, https:\/\/cetnup.com\/wp-content\/uploads\/2023\/08\/laser-co2-en-uso-2048x941.jpg-1536x706.webp 1536w, https:\/\/cetnup.com\/wp-content\/uploads\/2023\/08\/laser-co2-en-uso-2048x941.jpg.webp 2048w\" sizes=\"(max-width: 1024px) 100vw, 1024px\" \/>\t\t\t\t\t\t\t\t\t\t\t\t\t<\/div>\n\t\t\t\t<\/div>\n\t\t\t\t\t<\/div>\n\t\t<\/div>\n\t\t\t\t\t<\/div>\n\t\t<\/section>\n\t\t\t\t<section class=\"elementor-section elementor-top-section elementor-element elementor-element-d25e0a4 elementor-section-boxed elementor-section-height-default elementor-section-height-default\" data-id=\"d25e0a4\" data-element_type=\"section\" data-settings=\"{&quot;background_background&quot;:&quot;classic&quot;}\">\n\t\t\t\t\t\t<div class=\"elementor-container elementor-column-gap-default\">\n\t\t\t\t\t<div class=\"elementor-column elementor-col-100 elementor-top-column elementor-element elementor-element-54b0469\" data-id=\"54b0469\" data-element_type=\"column\">\n\t\t\t<div class=\"elementor-widget-wrap elementor-element-populated\">\n\t\t\t\t\t\t<div class=\"elementor-element elementor-element-f7108ce elementor-widget elementor-widget-text-editor\" data-id=\"f7108ce\" data-element_type=\"widget\" data-widget_type=\"text-editor.default\">\n\t\t\t\t<div class=\"elementor-widget-container\">\n\t\t\t\t\t\t\t<h3>\u00bfC\u00f3mo funciona?<\/h3><p>El l\u00e1ser al fraccionar la emisi\u00f3n de luz a trav\u00e9s de una programaci\u00f3n permite dejar espacios sin actuar para que el proceso de regeneraci\u00f3n sea m\u00e1s r\u00e1pido y no exista cicatriz.<\/p>\t\t\t\t\t\t<\/div>\n\t\t\t\t<\/div>\n\t\t\t\t\t<\/div>\n\t\t<\/div>\n\t\t\t\t\t<\/div>\n\t\t<\/section>\n\t\t\t\t<section class=\"elementor-section elementor-top-section elementor-element elementor-element-7b9a9b3 elementor-section-boxed elementor-section-height-default elementor-section-height-default\" data-id=\"7b9a9b3\" data-element_type=\"section\" data-settings=\"{&quot;background_background&quot;:&quot;classic&quot;}\">\n\t\t\t\t\t\t<div class=\"elementor-container elementor-column-gap-default\">\n\t\t\t\t\t<div class=\"elementor-column elementor-col-100 elementor-top-column elementor-element elementor-element-94fb37f\" data-id=\"94fb37f\" data-element_type=\"column\">\n\t\t\t<div class=\"elementor-widget-wrap elementor-element-populated\">\n\t\t\t\t\t\t<div class=\"elementor-element elementor-element-da99546 elementor-widget elementor-widget-text-editor\" data-id=\"da99546\" data-element_type=\"widget\" data-widget_type=\"text-editor.default\">\n\t\t\t\t<div class=\"elementor-widget-container\">\n\t\t\t\t\t\t\t<p>Gracias a la profundidad a la que el L\u00e1ser puede llegar la regeneraci\u00f3n de los tejidos. se ve mayormente favorecida, con lo que se logra trabajar un n\u00famero importante de afectaciones en la piel; tales como, cicatrices, acn\u00e9, manchas y l\u00edneas de expresi\u00f3n. Puede usted acceder a este tratamiento en nuestra sucursal en la ciudad de Quer\u00e9taro.<\/p><p>\u00a0<\/p><p>\u00a0<\/p>\t\t\t\t\t\t<\/div>\n\t\t\t\t<\/div>\n\t\t\t\t\t<\/div>\n\t\t<\/div>\n\t\t\t\t\t<\/div>\n\t\t<\/section>\n\t\t\t\t<\/div>\n\t\t","protected":false},"excerpt":{"rendered":"<p>L\u00e1ser CO2 Fraccionado El\u00a0l\u00e1ser Co2 Fraccionado\u00a0en la Piel, es la emisi\u00f3n de una Luz repartida que\u00a0vaporiza el tejido\u00a0al quitar el agua en las c\u00e9lulas, esto permite la muerte celular ordenada para su\u00a0regeneraci\u00f3n sin cicatriz. \u00bfC\u00f3mo funciona? El l\u00e1ser al fraccionar la emisi\u00f3n de luz a trav\u00e9s de una programaci\u00f3n permite dejar espacios sin actuar para [&hellip;]<\/p>\n","protected":false},"author":1,"featured_media":0,"parent":0,"menu_order":0,"comment_status":"closed","ping_status":"closed","template":"","meta":{"site-sidebar-layout":"no-sidebar","site-content-layout":"page-builder","ast-site-content-layout":"","site-content-style":"default","site-sidebar-style":"default","ast-global-header-display":"","ast-banner-title-visibility":"","ast-main-header-display":"","ast-hfb-above-header-display":"","ast-hfb-below-header-display":"","ast-hfb-mobile-header-display":"","site-post-title":"disabled","ast-breadcrumbs-content":"","ast-featured-img":"disabled","footer-sml-layout":"","theme-transparent-header-meta":"","adv-header-id-meta":"","stick-header-meta":"","header-above-stick-meta":"","header-main-stick-meta":"","header-below-stick-meta":"","astra-migrate-meta-layouts":"default","ast-page-background-enabled":"default","ast-page-background-meta":{"desktop":{"background-color":"","background-image":"","background-repeat":"repeat","background-position":"center center","background-size":"auto","background-attachment":"scroll","background-type":"","background-media":"","overlay-type":"","overlay-color":"","overlay-opacity":"","overlay-gradient":""},"tablet":{"background-color":"","background-image":"","background-repeat":"repeat","background-position":"center center","background-size":"auto","background-attachment":"scroll","background-type":"","background-media":"","overlay-type":"","overlay-color":"","overlay-opacity":"","overlay-gradient":""},"mobile":{"background-color":"","background-image":"","background-repeat":"repeat","background-position":"center center","background-size":"auto","background-attachment":"scroll","background-type":"","background-media":"","overlay-type":"","overlay-color":"","overlay-opacity":"","overlay-gradient":""}},"ast-content-background-meta":{"desktop":{"background-color":"var(--ast-global-color-5)","background-image":"","background-repeat":"repeat","background-position":"center center","background-size":"auto","background-attachment":"scroll","background-type":"","background-media":"","overlay-type":"","overlay-color":"","overlay-opacity":"","overlay-gradient":""},"tablet":{"background-color":"var(--ast-global-color-5)","background-image":"","background-repeat":"repeat","background-position":"center center","background-size":"auto","background-attachment":"scroll","background-type":"","background-media":"","overlay-type":"","overlay-color":"","overlay-opacity":"","overlay-gradient":""},"mobile":{"background-color":"var(--ast-global-color-5)","background-image":"","background-repeat":"repeat","background-position":"center center","background-size":"auto","background-attachment":"scroll","background-type":"","background-media":"","overlay-type":"","overlay-color":"","overlay-opacity":"","overlay-gradient":""}},"_joinchat":[],"footnotes":""},"class_list":["post-952","page","type-page","status-publish","hentry"],"_links":{"self":[{"href":"https:\/\/cetnup.com\/index.php\/wp-json\/wp\/v2\/pages\/952","targetHints":{"allow":["GET"]}}],"collection":[{"href":"https:\/\/cetnup.com\/index.php\/wp-json\/wp\/v2\/pages"}],"about":[{"href":"https:\/\/cetnup.com\/index.php\/wp-json\/wp\/v2\/types\/page"}],"author":[{"embeddable":true,"href":"https:\/\/cetnup.com\/index.php\/wp-json\/wp\/v2\/users\/1"}],"replies":[{"embeddable":true,"href":"https:\/\/cetnup.com\/index.php\/wp-json\/wp\/v2\/comments?post=952"}],"version-history":[{"count":7,"href":"https:\/\/cetnup.com\/index.php\/wp-json\/wp\/v2\/pages\/952\/revisions"}],"predecessor-version":[{"id":1235,"href":"https:\/\/cetnup.com\/index.php\/wp-json\/wp\/v2\/pages\/952\/revisions\/1235"}],"wp:attachment":[{"href":"https:\/\/cetnup.com\/index.php\/wp-json\/wp\/v2\/media?parent=952"}],"curies":[{"name":"wp","href":"https:\/\/api.w.org\/{rel}","templated":true}]}}