{"id":954,"date":"2023-07-11T17:57:56","date_gmt":"2023-07-11T17:57:56","guid":{"rendered":"https:\/\/cetnup.com\/?page_id=954"},"modified":"2023-08-04T19:55:16","modified_gmt":"2023-08-04T19:55:16","slug":"lesiones-ets","status":"publish","type":"page","link":"https:\/\/cetnup.com\/index.php\/lesiones-ets\/","title":{"rendered":"Lesiones ETS"},"content":{"rendered":"\t\t<div data-elementor-type=\"wp-page\" data-elementor-id=\"954\" class=\"elementor elementor-954\">\n\t\t\t\t\t\t<section class=\"elementor-section elementor-top-section elementor-element elementor-element-af73108 elementor-section-content-middle elementor-reverse-mobile elementor-section-boxed elementor-section-height-default elementor-section-height-default\" data-id=\"af73108\" data-element_type=\"section\" data-settings=\"{&quot;background_background&quot;:&quot;classic&quot;}\">\n\t\t\t\t\t\t\t<div class=\"elementor-background-overlay\"><\/div>\n\t\t\t\t\t\t\t<div class=\"elementor-container elementor-column-gap-no\">\n\t\t\t\t\t<div class=\"elementor-column elementor-col-100 elementor-top-column elementor-element elementor-element-63679a3\" data-id=\"63679a3\" data-element_type=\"column\">\n\t\t\t<div class=\"elementor-widget-wrap elementor-element-populated\">\n\t\t\t\t\t\t<div class=\"elementor-element elementor-element-82e8789 elementor-widget elementor-widget-heading\" data-id=\"82e8789\" data-element_type=\"widget\" data-widget_type=\"heading.default\">\n\t\t\t\t<div class=\"elementor-widget-container\">\n\t\t\t<h2 class=\"elementor-heading-title elementor-size-default\">Lesiones ETS<\/h2>\t\t<\/div>\n\t\t\t\t<\/div>\n\t\t\t\t<div class=\"elementor-element elementor-element-919c2ee elementor-widget-divider--view-line elementor-widget elementor-widget-divider\" data-id=\"919c2ee\" data-element_type=\"widget\" data-widget_type=\"divider.default\">\n\t\t\t\t<div class=\"elementor-widget-container\">\n\t\t\t\t\t<div class=\"elementor-divider\">\n\t\t\t<span class=\"elementor-divider-separator\">\n\t\t\t\t\t\t<\/span>\n\t\t<\/div>\n\t\t\t\t<\/div>\n\t\t\t\t<\/div>\n\t\t\t\t<div class=\"elementor-element elementor-element-3597ca4 elementor-widget elementor-widget-text-editor\" data-id=\"3597ca4\" data-element_type=\"widget\" data-widget_type=\"text-editor.default\">\n\t\t\t\t<div class=\"elementor-widget-container\">\n\t\t\t\t\t\t\t<p>Este tipo de lesiones pueden ser recidivantes y derivadas evidentemente de una exposici\u00f3n por contacto sexual en d\u00f3nde los preservativos no juegan un papel trascendente para su contagio ya que es al contacto la forma de adquirirlas estando o no activas las lesiones, lo que vuelve dif\u00edcil saber el estado de salud de las parejas sexuales. La \u00fanica forma de prevenci\u00f3n es la abstinencia no as\u00ed para el VPH en d\u00f3nde existe vacuna previa al contagio.<\/p>\t\t\t\t\t\t<\/div>\n\t\t\t\t<\/div>\n\t\t\t\t\t<\/div>\n\t\t<\/div>\n\t\t\t\t\t<\/div>\n\t\t<\/section>\n\t\t\t\t<section class=\"elementor-section elementor-top-section elementor-element elementor-element-a94401c elementor-section-boxed elementor-section-height-default elementor-section-height-default\" data-id=\"a94401c\" data-element_type=\"section\" data-settings=\"{&quot;background_background&quot;:&quot;classic&quot;}\">\n\t\t\t\t\t\t<div class=\"elementor-container elementor-column-gap-default\">\n\t\t\t\t\t<div class=\"elementor-column elementor-col-100 elementor-top-column elementor-element elementor-element-762a40e\" data-id=\"762a40e\" data-element_type=\"column\">\n\t\t\t<div class=\"elementor-widget-wrap elementor-element-populated\">\n\t\t\t\t\t\t<div class=\"elementor-element elementor-element-c1df008 elementor-position-left elementor-vertical-align-top elementor-widget elementor-widget-image-box\" data-id=\"c1df008\" data-element_type=\"widget\" data-widget_type=\"image-box.default\">\n\t\t\t\t<div class=\"elementor-widget-container\">\n\t\t\t<div class=\"elementor-image-box-wrapper\"><figure class=\"elementor-image-box-img\"><img fetchpriority=\"high\" decoding=\"async\" width=\"1080\" height=\"600\" src=\"https:\/\/cetnup.com\/wp-content\/uploads\/2023\/08\/molusco-contagioso-.jpg.webp\" class=\"attachment-full size-full wp-image-1213\" alt=\"\" srcset=\"https:\/\/cetnup.com\/wp-content\/uploads\/2023\/08\/molusco-contagioso-.jpg.webp 1080w, https:\/\/cetnup.com\/wp-content\/uploads\/2023\/08\/molusco-contagioso-.jpg-300x167.webp 300w, https:\/\/cetnup.com\/wp-content\/uploads\/2023\/08\/molusco-contagioso-.jpg-1024x569.webp 1024w, https:\/\/cetnup.com\/wp-content\/uploads\/2023\/08\/molusco-contagioso-.jpg-768x427.webp 768w\" sizes=\"(max-width: 1080px) 100vw, 1080px\" \/><\/figure><div class=\"elementor-image-box-content\"><h3 class=\"elementor-image-box-title\">Molusco Contagioso<\/h3><p class=\"elementor-image-box-description\">Este se trasmite por contacto de piel a piel y hay 4 diferentes tipos, una trasmisible com\u00fanmente en los ni\u00f1os menores de 5 a\u00f1os que hacen uso de piscinas, y otra de contacto sexual en el adulto. Son peque\u00f1as p\u00e1pulas de 1 a 5 ml hemisf\u00e9ricas, de superficie lisa y del color de la piel. Pude permanecer durante meses e incluso a\u00f1os.<\/p><\/div><\/div>\t\t<\/div>\n\t\t\t\t<\/div>\n\t\t\t\t\t<\/div>\n\t\t<\/div>\n\t\t\t\t\t<\/div>\n\t\t<\/section>\n\t\t\t\t<section class=\"elementor-section elementor-top-section elementor-element elementor-element-b407960 elementor-section-boxed elementor-section-height-default elementor-section-height-default\" data-id=\"b407960\" data-element_type=\"section\" data-settings=\"{&quot;background_background&quot;:&quot;classic&quot;}\">\n\t\t\t\t\t\t<div class=\"elementor-container elementor-column-gap-default\">\n\t\t\t\t\t<div class=\"elementor-column elementor-col-100 elementor-top-column elementor-element elementor-element-5101607\" data-id=\"5101607\" data-element_type=\"column\">\n\t\t\t<div class=\"elementor-widget-wrap elementor-element-populated\">\n\t\t\t\t\t\t<div class=\"elementor-element elementor-element-719a132 elementor-position-left elementor-vertical-align-top elementor-widget elementor-widget-image-box\" data-id=\"719a132\" data-element_type=\"widget\" data-widget_type=\"image-box.default\">\n\t\t\t\t<div class=\"elementor-widget-container\">\n\t\t\t<div class=\"elementor-image-box-wrapper\"><figure class=\"elementor-image-box-img\"><img decoding=\"async\" width=\"1080\" height=\"600\" src=\"https:\/\/cetnup.com\/wp-content\/uploads\/2023\/08\/herpes-genital-.jpg.webp\" class=\"attachment-full size-full wp-image-1214\" alt=\"\" srcset=\"https:\/\/cetnup.com\/wp-content\/uploads\/2023\/08\/herpes-genital-.jpg.webp 1080w, https:\/\/cetnup.com\/wp-content\/uploads\/2023\/08\/herpes-genital-.jpg-300x167.webp 300w, https:\/\/cetnup.com\/wp-content\/uploads\/2023\/08\/herpes-genital-.jpg-1024x569.webp 1024w, https:\/\/cetnup.com\/wp-content\/uploads\/2023\/08\/herpes-genital-.jpg-768x427.webp 768w\" sizes=\"(max-width: 1080px) 100vw, 1080px\" \/><\/figure><div class=\"elementor-image-box-content\"><h3 class=\"elementor-image-box-title\">Herpes genital (VHS2)<\/h3><p class=\"elementor-image-box-description\">Es de transmisi\u00f3n sexual al contacto de la piel, se producen a las 2 semanas de haber tenido contacto, com\u00fanmente en el hombre, en el glande, el prepucio o en el cuerpo del pene, en la mujer en los genitales externos, la mucosa vulvar, la mucosa vaginal o en el c\u00e9rvix.<\/p><\/div><\/div>\t\t<\/div>\n\t\t\t\t<\/div>\n\t\t\t\t\t<\/div>\n\t\t<\/div>\n\t\t\t\t\t<\/div>\n\t\t<\/section>\n\t\t\t\t<section class=\"elementor-section elementor-top-section elementor-element elementor-element-5e43625 elementor-section-boxed elementor-section-height-default elementor-section-height-default\" data-id=\"5e43625\" data-element_type=\"section\" data-settings=\"{&quot;background_background&quot;:&quot;classic&quot;}\">\n\t\t\t\t\t\t<div class=\"elementor-container elementor-column-gap-default\">\n\t\t\t\t\t<div class=\"elementor-column elementor-col-100 elementor-top-column elementor-element elementor-element-17b1b69\" data-id=\"17b1b69\" data-element_type=\"column\">\n\t\t\t<div class=\"elementor-widget-wrap elementor-element-populated\">\n\t\t\t\t\t\t<div class=\"elementor-element elementor-element-2a81b87 elementor-position-left elementor-vertical-align-top elementor-widget elementor-widget-image-box\" data-id=\"2a81b87\" data-element_type=\"widget\" data-widget_type=\"image-box.default\">\n\t\t\t\t<div class=\"elementor-widget-container\">\n\t\t\t<div class=\"elementor-image-box-wrapper\"><figure class=\"elementor-image-box-img\"><img decoding=\"async\" width=\"1080\" height=\"600\" src=\"https:\/\/cetnup.com\/wp-content\/uploads\/2023\/08\/virus-del-papuloma-humano-.jpg.webp\" class=\"attachment-full size-full wp-image-1215\" alt=\"\" srcset=\"https:\/\/cetnup.com\/wp-content\/uploads\/2023\/08\/virus-del-papuloma-humano-.jpg.webp 1080w, https:\/\/cetnup.com\/wp-content\/uploads\/2023\/08\/virus-del-papuloma-humano-.jpg-300x167.webp 300w, https:\/\/cetnup.com\/wp-content\/uploads\/2023\/08\/virus-del-papuloma-humano-.jpg-1024x569.webp 1024w, https:\/\/cetnup.com\/wp-content\/uploads\/2023\/08\/virus-del-papuloma-humano-.jpg-768x427.webp 768w\" sizes=\"(max-width: 1080px) 100vw, 1080px\" \/><\/figure><div class=\"elementor-image-box-content\"><h3 class=\"elementor-image-box-title\">V\u00edrus del Papiloma Humano 6 y 11<\/h3><p class=\"elementor-image-box-description\">La transmisi\u00f3n suele producirse por contacto directo con las lesiones. Aunque no siempre existe el contagio a pesar de la exposici\u00f3n debido al n\u00famero de part\u00edculas v\u00edricas presentes en la lesi\u00f3n, su localizaci\u00f3n, el grado de exposici\u00f3n y el sistema inmunol\u00f3gico de la persona. Los condilomas acuminados se localizan en la zona ano genital, en tama\u00f1os variados que parecen una coliflor.<\/p><\/div><\/div>\t\t<\/div>\n\t\t\t\t<\/div>\n\t\t\t\t\t<\/div>\n\t\t<\/div>\n\t\t\t\t\t<\/div>\n\t\t<\/section>\n\t\t\t\t<section class=\"elementor-section elementor-top-section elementor-element elementor-element-91ba1b8 elementor-section-boxed elementor-section-height-default elementor-section-height-default\" data-id=\"91ba1b8\" data-element_type=\"section\" data-settings=\"{&quot;background_background&quot;:&quot;classic&quot;}\">\n\t\t\t\t\t\t<div class=\"elementor-container elementor-column-gap-default\">\n\t\t\t\t\t<div class=\"elementor-column elementor-col-100 elementor-top-column elementor-element elementor-element-84d364d\" data-id=\"84d364d\" data-element_type=\"column\">\n\t\t\t<div class=\"elementor-widget-wrap elementor-element-populated\">\n\t\t\t\t\t\t<div class=\"elementor-element elementor-element-5028727 elementor-widget elementor-widget-image\" data-id=\"5028727\" data-element_type=\"widget\" data-widget_type=\"image.default\">\n\t\t\t\t<div class=\"elementor-widget-container\">\n\t\t\t\t\t\t\t\t\t\t\t\t\t<img loading=\"lazy\" decoding=\"async\" width=\"1024\" height=\"379\" src=\"https:\/\/cetnup.com\/wp-content\/uploads\/2023\/08\/lesiones-ets-1-.jpg-1024x379.webp\" class=\"attachment-large size-large wp-image-1198\" alt=\"\" srcset=\"https:\/\/cetnup.com\/wp-content\/uploads\/2023\/08\/lesiones-ets-1-.jpg-1024x379.webp 1024w, https:\/\/cetnup.com\/wp-content\/uploads\/2023\/08\/lesiones-ets-1-.jpg-300x111.webp 300w, https:\/\/cetnup.com\/wp-content\/uploads\/2023\/08\/lesiones-ets-1-.jpg-768x284.webp 768w, https:\/\/cetnup.com\/wp-content\/uploads\/2023\/08\/lesiones-ets-1-.jpg.webp 1080w\" sizes=\"(max-width: 1024px) 100vw, 1024px\" \/>\t\t\t\t\t\t\t\t\t\t\t\t\t<\/div>\n\t\t\t\t<\/div>\n\t\t\t\t\t<\/div>\n\t\t<\/div>\n\t\t\t\t\t<\/div>\n\t\t<\/section>\n\t\t\t\t<section class=\"elementor-section elementor-top-section elementor-element elementor-element-f6b6ade elementor-section-boxed elementor-section-height-default elementor-section-height-default\" data-id=\"f6b6ade\" data-element_type=\"section\" data-settings=\"{&quot;background_background&quot;:&quot;classic&quot;}\">\n\t\t\t\t\t\t<div class=\"elementor-container elementor-column-gap-default\">\n\t\t\t\t\t<div class=\"elementor-column elementor-col-100 elementor-top-column elementor-element elementor-element-3e241a2\" data-id=\"3e241a2\" data-element_type=\"column\">\n\t\t\t<div class=\"elementor-widget-wrap elementor-element-populated\">\n\t\t\t\t\t\t<div class=\"elementor-element elementor-element-e64c754 elementor-widget elementor-widget-text-editor\" data-id=\"e64c754\" data-element_type=\"widget\" data-widget_type=\"text-editor.default\">\n\t\t\t\t<div class=\"elementor-widget-container\">\n\t\t\t\t\t\t\t<p>Este tipo de lesiones por su origen suelen ser recalcitrantes, por lo que las pomadas y lesiones como el imiquimod suelen ser de uso prolongado pero efectivo; la mejor alternativa seria la terapia L\u00e1ser para su eliminaci\u00f3n inmediata. La crioterapia suele ser tardada y dejar manchas residuales (inflamaci\u00f3n), la electrocirug\u00eda es otra opci\u00f3n, pero con posibilidad de cicatrices.<\/p>\t\t\t\t\t\t<\/div>\n\t\t\t\t<\/div>\n\t\t\t\t\t<\/div>\n\t\t<\/div>\n\t\t\t\t\t<\/div>\n\t\t<\/section>\n\t\t\t\t<\/div>\n\t\t","protected":false},"excerpt":{"rendered":"<p>Lesiones ETS Este tipo de lesiones pueden ser recidivantes y derivadas evidentemente de una exposici\u00f3n por contacto sexual en d\u00f3nde los preservativos no juegan un papel trascendente para su contagio ya que es al contacto la forma de adquirirlas estando o no activas las lesiones, lo que vuelve dif\u00edcil saber el estado de salud de [&hellip;]<\/p>\n","protected":false},"author":1,"featured_media":0,"parent":0,"menu_order":0,"comment_status":"closed","ping_status":"closed","template":"","meta":{"site-sidebar-layout":"no-sidebar","site-content-layout":"page-builder","ast-site-content-layout":"","site-content-style":"default","site-sidebar-style":"default","ast-global-header-display":"","ast-banner-title-visibility":"","ast-main-header-display":"","ast-hfb-above-header-display":"","ast-hfb-below-header-display":"","ast-hfb-mobile-header-display":"","site-post-title":"disabled","ast-breadcrumbs-content":"","ast-featured-img":"disabled","footer-sml-layout":"","theme-transparent-header-meta":"","adv-header-id-meta":"","stick-header-meta":"","header-above-stick-meta":"","header-main-stick-meta":"","header-below-stick-meta":"","astra-migrate-meta-layouts":"default","ast-page-background-enabled":"default","ast-page-background-meta":{"desktop":{"background-color":"","background-image":"","background-repeat":"repeat","background-position":"center center","background-size":"auto","background-attachment":"scroll","background-type":"","background-media":"","overlay-type":"","overlay-color":"","overlay-opacity":"","overlay-gradient":""},"tablet":{"background-color":"","background-image":"","background-repeat":"repeat","background-position":"center center","background-size":"auto","background-attachment":"scroll","background-type":"","background-media":"","overlay-type":"","overlay-color":"","overlay-opacity":"","overlay-gradient":""},"mobile":{"background-color":"","background-image":"","background-repeat":"repeat","background-position":"center center","background-size":"auto","background-attachment":"scroll","background-type":"","background-media":"","overlay-type":"","overlay-color":"","overlay-opacity":"","overlay-gradient":""}},"ast-content-background-meta":{"desktop":{"background-color":"var(--ast-global-color-5)","background-image":"","background-repeat":"repeat","background-position":"center center","background-size":"auto","background-attachment":"scroll","background-type":"","background-media":"","overlay-type":"","overlay-color":"","overlay-opacity":"","overlay-gradient":""},"tablet":{"background-color":"var(--ast-global-color-5)","background-image":"","background-repeat":"repeat","background-position":"center center","background-size":"auto","background-attachment":"scroll","background-type":"","background-media":"","overlay-type":"","overlay-color":"","overlay-opacity":"","overlay-gradient":""},"mobile":{"background-color":"var(--ast-global-color-5)","background-image":"","background-repeat":"repeat","background-position":"center center","background-size":"auto","background-attachment":"scroll","background-type":"","background-media":"","overlay-type":"","overlay-color":"","overlay-opacity":"","overlay-gradient":""}},"_joinchat":[],"footnotes":""},"class_list":["post-954","page","type-page","status-publish","hentry"],"_links":{"self":[{"href":"https:\/\/cetnup.com\/index.php\/wp-json\/wp\/v2\/pages\/954","targetHints":{"allow":["GET"]}}],"collection":[{"href":"https:\/\/cetnup.com\/index.php\/wp-json\/wp\/v2\/pages"}],"about":[{"href":"https:\/\/cetnup.com\/index.php\/wp-json\/wp\/v2\/types\/page"}],"author":[{"embeddable":true,"href":"https:\/\/cetnup.com\/index.php\/wp-json\/wp\/v2\/users\/1"}],"replies":[{"embeddable":true,"href":"https:\/\/cetnup.com\/index.php\/wp-json\/wp\/v2\/comments?post=954"}],"version-history":[{"count":20,"href":"https:\/\/cetnup.com\/index.php\/wp-json\/wp\/v2\/pages\/954\/revisions"}],"predecessor-version":[{"id":1218,"href":"https:\/\/cetnup.com\/index.php\/wp-json\/wp\/v2\/pages\/954\/revisions\/1218"}],"wp:attachment":[{"href":"https:\/\/cetnup.com\/index.php\/wp-json\/wp\/v2\/media?parent=954"}],"curies":[{"name":"wp","href":"https:\/\/api.w.org\/{rel}","templated":true}]}}