{"id":957,"date":"2023-07-11T18:01:00","date_gmt":"2023-07-11T18:01:00","guid":{"rendered":"https:\/\/cetnup.com\/?page_id=957"},"modified":"2023-08-03T22:40:27","modified_gmt":"2023-08-03T22:40:27","slug":"marcado-abdominal","status":"publish","type":"page","link":"https:\/\/cetnup.com\/index.php\/marcado-abdominal\/","title":{"rendered":"Marcado Abdominal"},"content":{"rendered":"\t\t<div data-elementor-type=\"wp-page\" data-elementor-id=\"957\" class=\"elementor elementor-957\">\n\t\t\t\t\t\t<section class=\"elementor-section elementor-top-section elementor-element elementor-element-e574de4 elementor-section-content-middle elementor-reverse-mobile elementor-section-boxed elementor-section-height-default elementor-section-height-default\" data-id=\"e574de4\" data-element_type=\"section\" data-settings=\"{&quot;background_background&quot;:&quot;classic&quot;}\">\n\t\t\t\t\t\t\t<div class=\"elementor-background-overlay\"><\/div>\n\t\t\t\t\t\t\t<div class=\"elementor-container elementor-column-gap-no\">\n\t\t\t\t\t<div class=\"elementor-column elementor-col-100 elementor-top-column elementor-element elementor-element-67c4cc3\" data-id=\"67c4cc3\" data-element_type=\"column\">\n\t\t\t<div class=\"elementor-widget-wrap elementor-element-populated\">\n\t\t\t\t\t\t<div class=\"elementor-element elementor-element-3de83d7 elementor-widget elementor-widget-heading\" data-id=\"3de83d7\" data-element_type=\"widget\" data-widget_type=\"heading.default\">\n\t\t\t\t<div class=\"elementor-widget-container\">\n\t\t\t<h2 class=\"elementor-heading-title elementor-size-default\">Marcado Abdominbal<\/h2>\t\t<\/div>\n\t\t\t\t<\/div>\n\t\t\t\t<div class=\"elementor-element elementor-element-066932b elementor-widget-divider--view-line elementor-widget elementor-widget-divider\" data-id=\"066932b\" data-element_type=\"widget\" data-widget_type=\"divider.default\">\n\t\t\t\t<div class=\"elementor-widget-container\">\n\t\t\t\t\t<div class=\"elementor-divider\">\n\t\t\t<span class=\"elementor-divider-separator\">\n\t\t\t\t\t\t<\/span>\n\t\t<\/div>\n\t\t\t\t<\/div>\n\t\t\t\t<\/div>\n\t\t\t\t<div class=\"elementor-element elementor-element-a3a8f53 elementor-widget elementor-widget-text-editor\" data-id=\"a3a8f53\" data-element_type=\"widget\" data-widget_type=\"text-editor.default\">\n\t\t\t\t<div class=\"elementor-widget-container\">\n\t\t\t\t\t\t\t<p>La\u00a0<strong>Cavitaci\u00f3n<\/strong>\u00a0es un procedimiento que se hace con ultrasonido de baja frecuencia. El ultrasonido son ondas sonoras que pueden ser de alta o muy baja frecuencia. Son inaudibles, es por ello que no las podemos escuchar de tan bajas que son, sin embargo, esas ondas al llegar a los tejidos provocan cambios dependiendo la intensidad.<\/p><p>La Cavitaci\u00f3n se produce cuando un fluido interact\u00faa con la energ\u00eda mec\u00e1nica en ondas de compresi\u00f3n y descompresi\u00f3n de la producci\u00f3n de burbujas de gas. Existen 3 tipos y seg\u00fan el tipo el resultado:<\/p>\t\t\t\t\t\t<\/div>\n\t\t\t\t<\/div>\n\t\t\t\t\t<\/div>\n\t\t<\/div>\n\t\t\t\t\t<\/div>\n\t\t<\/section>\n\t\t\t\t<section class=\"elementor-section elementor-top-section elementor-element elementor-element-c5edc5d elementor-section-content-middle elementor-reverse-mobile elementor-section-boxed elementor-section-height-default elementor-section-height-default\" data-id=\"c5edc5d\" data-element_type=\"section\" data-settings=\"{&quot;background_background&quot;:&quot;classic&quot;}\">\n\t\t\t\t\t\t\t<div class=\"elementor-background-overlay\"><\/div>\n\t\t\t\t\t\t\t<div class=\"elementor-container elementor-column-gap-no\">\n\t\t\t\t\t<div class=\"elementor-column elementor-col-100 elementor-top-column elementor-element elementor-element-6288e5f\" data-id=\"6288e5f\" data-element_type=\"column\">\n\t\t\t<div class=\"elementor-widget-wrap elementor-element-populated\">\n\t\t\t\t\t\t<div class=\"elementor-element elementor-element-2edd4dc elementor-widget elementor-widget-image\" data-id=\"2edd4dc\" data-element_type=\"widget\" data-widget_type=\"image.default\">\n\t\t\t\t<div class=\"elementor-widget-container\">\n\t\t\t\t\t\t\t\t\t\t\t\t\t<img fetchpriority=\"high\" decoding=\"async\" width=\"1024\" height=\"379\" src=\"https:\/\/cetnup.com\/wp-content\/uploads\/2023\/08\/cav-de-frente-close-up--1024x379.png\" class=\"attachment-large size-large wp-image-1154\" alt=\"\" srcset=\"https:\/\/cetnup.com\/wp-content\/uploads\/2023\/08\/cav-de-frente-close-up--1024x379.png 1024w, https:\/\/cetnup.com\/wp-content\/uploads\/2023\/08\/cav-de-frente-close-up--300x111.png 300w, https:\/\/cetnup.com\/wp-content\/uploads\/2023\/08\/cav-de-frente-close-up--768x284.png 768w, https:\/\/cetnup.com\/wp-content\/uploads\/2023\/08\/cav-de-frente-close-up-.png 1080w\" sizes=\"(max-width: 1024px) 100vw, 1024px\" \/>\t\t\t\t\t\t\t\t\t\t\t\t\t<\/div>\n\t\t\t\t<\/div>\n\t\t\t\t\t<\/div>\n\t\t<\/div>\n\t\t\t\t\t<\/div>\n\t\t<\/section>\n\t\t\t\t<section class=\"elementor-section elementor-top-section elementor-element elementor-element-509f024 elementor-section-content-middle elementor-reverse-mobile elementor-section-boxed elementor-section-height-default elementor-section-height-default\" data-id=\"509f024\" data-element_type=\"section\" data-settings=\"{&quot;background_background&quot;:&quot;classic&quot;}\">\n\t\t\t\t\t\t\t<div class=\"elementor-background-overlay\"><\/div>\n\t\t\t\t\t\t\t<div class=\"elementor-container elementor-column-gap-no\">\n\t\t\t\t\t<div class=\"elementor-column elementor-col-100 elementor-top-column elementor-element elementor-element-6d9c738\" data-id=\"6d9c738\" data-element_type=\"column\">\n\t\t\t<div class=\"elementor-widget-wrap elementor-element-populated\">\n\t\t\t\t\t\t<div class=\"elementor-element elementor-element-66afc17 elementor-widget elementor-widget-text-editor\" data-id=\"66afc17\" data-element_type=\"widget\" data-widget_type=\"text-editor.default\">\n\t\t\t\t<div class=\"elementor-widget-container\">\n\t\t\t\t\t\t\t<p><strong>CAVITACI\u00d3N ESTABLE:<\/strong>\u00a0Consiste en generar microburbujas y sobre estas se aplicar\u00e1n sonidos de m\u00faltiples frecuencias lo que provocara alteraci\u00f3n en los adipocitos, conduci\u00e9ndose degradaci\u00f3n y facilitando la eliminaci\u00f3n por medio del sistema linf\u00e1tico.<\/p><p>\u00a0<\/p><p><strong>ULTRA CAVITACI\u00d3N:<\/strong>\u00a0 Act\u00faa sobre la zona localizada aplicando ultrasonidos de baja frecuencia que rompen el tejido graso sin afectar a la circulaci\u00f3n.<\/p><p><strong>DOBLE CAVITACI\u00d3N<\/strong>:\u00a0Esta genera dos ondas de distinta frecuencia que elevan la temperatura interna. Provocando se acumule la energ\u00eda y se rompa el tejido adiposo. A frecuencias m\u00e1s bajas se producen ondas que pueden penetrar en los tejidos con mayor facilidad obteniendo mejores resultados.<\/p><p>Con esta t\u00e9cnica podemos disminuir considerablemente el tejido adiposo, ya que a trav\u00e9s de la implosi\u00f3n se provoca su destrucci\u00f3n y con el drenado su eliminaci\u00f3n por sistema linf\u00e1tico y urinario.<\/p><p>Al disminuir el grosor del tejido adiposo exponemos el musculo cada vez m\u00e1s con la piel de modo que ser\u00e1n notorios los contornos y fascias naturales de la musculatura, pero si a esto agregamos la ejercitaci\u00f3n (Esto hace que el musculo crezca), los cambios ser\u00e1n mucho m\u00e1s r\u00e1pidos o m\u00e1s evidentes.<\/p><p>Tenemos que considerar que biol\u00f3gica mente la zona abdominal es una reserva de grasa que aun con un peso ideal esta seguir\u00e1 acumul\u00e1ndose como sistema de protecci\u00f3n por lo cual debemos cuidar la alimentaci\u00f3n y los h\u00e1bitos para preservar los resultados. Tambi\u00e9n debemos considerar que en ning\u00fan momento podr\u00e1 sustituir la liposucci\u00f3n, debido a que en ella las cantidades de tejido adiposo a extraer son mayores.<\/p><p>Para este procedimiento ocupamos un m\u00ednimo de 7 sesiones que pueden hacerse 2 a la semana y la ingesta de agua natural para ayudar a eliminaci\u00f3n por el sistema urinario.<\/p>\t\t\t\t\t\t<\/div>\n\t\t\t\t<\/div>\n\t\t\t\t\t<\/div>\n\t\t<\/div>\n\t\t\t\t\t<\/div>\n\t\t<\/section>\n\t\t\t\t<\/div>\n\t\t","protected":false},"excerpt":{"rendered":"<p>Marcado Abdominbal La\u00a0Cavitaci\u00f3n\u00a0es un procedimiento que se hace con ultrasonido de baja frecuencia. El ultrasonido son ondas sonoras que pueden ser de alta o muy baja frecuencia. Son inaudibles, es por ello que no las podemos escuchar de tan bajas que son, sin embargo, esas ondas al llegar a los tejidos provocan cambios dependiendo la [&hellip;]<\/p>\n","protected":false},"author":1,"featured_media":0,"parent":0,"menu_order":0,"comment_status":"closed","ping_status":"closed","template":"","meta":{"site-sidebar-layout":"no-sidebar","site-content-layout":"page-builder","ast-site-content-layout":"","site-content-style":"default","site-sidebar-style":"default","ast-global-header-display":"","ast-banner-title-visibility":"","ast-main-header-display":"","ast-hfb-above-header-display":"","ast-hfb-below-header-display":"","ast-hfb-mobile-header-display":"","site-post-title":"disabled","ast-breadcrumbs-content":"","ast-featured-img":"disabled","footer-sml-layout":"","theme-transparent-header-meta":"","adv-header-id-meta":"","stick-header-meta":"","header-above-stick-meta":"","header-main-stick-meta":"","header-below-stick-meta":"","astra-migrate-meta-layouts":"default","ast-page-background-enabled":"default","ast-page-background-meta":{"desktop":{"background-color":"","background-image":"","background-repeat":"repeat","background-position":"center center","background-size":"auto","background-attachment":"scroll","background-type":"","background-media":"","overlay-type":"","overlay-color":"","overlay-opacity":"","overlay-gradient":""},"tablet":{"background-color":"","background-image":"","background-repeat":"repeat","background-position":"center center","background-size":"auto","background-attachment":"scroll","background-type":"","background-media":"","overlay-type":"","overlay-color":"","overlay-opacity":"","overlay-gradient":""},"mobile":{"background-color":"","background-image":"","background-repeat":"repeat","background-position":"center center","background-size":"auto","background-attachment":"scroll","background-type":"","background-media":"","overlay-type":"","overlay-color":"","overlay-opacity":"","overlay-gradient":""}},"ast-content-background-meta":{"desktop":{"background-color":"var(--ast-global-color-5)","background-image":"","background-repeat":"repeat","background-position":"center center","background-size":"auto","background-attachment":"scroll","background-type":"","background-media":"","overlay-type":"","overlay-color":"","overlay-opacity":"","overlay-gradient":""},"tablet":{"background-color":"var(--ast-global-color-5)","background-image":"","background-repeat":"repeat","background-position":"center center","background-size":"auto","background-attachment":"scroll","background-type":"","background-media":"","overlay-type":"","overlay-color":"","overlay-opacity":"","overlay-gradient":""},"mobile":{"background-color":"var(--ast-global-color-5)","background-image":"","background-repeat":"repeat","background-position":"center center","background-size":"auto","background-attachment":"scroll","background-type":"","background-media":"","overlay-type":"","overlay-color":"","overlay-opacity":"","overlay-gradient":""}},"_joinchat":[],"footnotes":""},"class_list":["post-957","page","type-page","status-publish","hentry"],"_links":{"self":[{"href":"https:\/\/cetnup.com\/index.php\/wp-json\/wp\/v2\/pages\/957","targetHints":{"allow":["GET"]}}],"collection":[{"href":"https:\/\/cetnup.com\/index.php\/wp-json\/wp\/v2\/pages"}],"about":[{"href":"https:\/\/cetnup.com\/index.php\/wp-json\/wp\/v2\/types\/page"}],"author":[{"embeddable":true,"href":"https:\/\/cetnup.com\/index.php\/wp-json\/wp\/v2\/users\/1"}],"replies":[{"embeddable":true,"href":"https:\/\/cetnup.com\/index.php\/wp-json\/wp\/v2\/comments?post=957"}],"version-history":[{"count":5,"href":"https:\/\/cetnup.com\/index.php\/wp-json\/wp\/v2\/pages\/957\/revisions"}],"predecessor-version":[{"id":1158,"href":"https:\/\/cetnup.com\/index.php\/wp-json\/wp\/v2\/pages\/957\/revisions\/1158"}],"wp:attachment":[{"href":"https:\/\/cetnup.com\/index.php\/wp-json\/wp\/v2\/media?parent=957"}],"curies":[{"name":"wp","href":"https:\/\/api.w.org\/{rel}","templated":true}]}}