{"id":959,"date":"2023-07-11T18:02:26","date_gmt":"2023-07-11T18:02:26","guid":{"rendered":"https:\/\/cetnup.com\/?page_id=959"},"modified":"2023-08-03T17:37:53","modified_gmt":"2023-08-03T17:37:53","slug":"alopecia","status":"publish","type":"page","link":"https:\/\/cetnup.com\/index.php\/alopecia\/","title":{"rendered":"Alopecia"},"content":{"rendered":"\t\t<div data-elementor-type=\"wp-page\" data-elementor-id=\"959\" class=\"elementor elementor-959\">\n\t\t\t\t\t\t<section class=\"elementor-section elementor-top-section elementor-element elementor-element-07e318c elementor-section-content-middle elementor-reverse-mobile elementor-section-boxed elementor-section-height-default elementor-section-height-default\" data-id=\"07e318c\" data-element_type=\"section\" data-settings=\"{&quot;background_background&quot;:&quot;classic&quot;}\">\n\t\t\t\t\t\t\t<div class=\"elementor-background-overlay\"><\/div>\n\t\t\t\t\t\t\t<div class=\"elementor-container elementor-column-gap-no\">\n\t\t\t\t\t<div class=\"elementor-column elementor-col-100 elementor-top-column elementor-element elementor-element-13c9225\" data-id=\"13c9225\" data-element_type=\"column\">\n\t\t\t<div class=\"elementor-widget-wrap elementor-element-populated\">\n\t\t\t\t\t\t<div class=\"elementor-element elementor-element-04fd3a2 elementor-widget elementor-widget-heading\" data-id=\"04fd3a2\" data-element_type=\"widget\" data-widget_type=\"heading.default\">\n\t\t\t\t<div class=\"elementor-widget-container\">\n\t\t\t<h2 class=\"elementor-heading-title elementor-size-default\">Alopecia<\/h2>\t\t<\/div>\n\t\t\t\t<\/div>\n\t\t\t\t<div class=\"elementor-element elementor-element-20d2926 elementor-widget-divider--view-line elementor-widget elementor-widget-divider\" data-id=\"20d2926\" data-element_type=\"widget\" data-widget_type=\"divider.default\">\n\t\t\t\t<div class=\"elementor-widget-container\">\n\t\t\t\t\t<div class=\"elementor-divider\">\n\t\t\t<span class=\"elementor-divider-separator\">\n\t\t\t\t\t\t<\/span>\n\t\t<\/div>\n\t\t\t\t<\/div>\n\t\t\t\t<\/div>\n\t\t\t\t<div class=\"elementor-element elementor-element-8d85775 elementor-widget elementor-widget-text-editor\" data-id=\"8d85775\" data-element_type=\"widget\" data-widget_type=\"text-editor.default\">\n\t\t\t\t<div class=\"elementor-widget-container\">\n\t\t\t\t\t\t\t<p><strong>\u00a0<\/strong><\/p><p>Alopecia es el t\u00e9rmino m\u00e9dico para la ca\u00edda del cabello. Puede ser causado por la gen\u00e9tica, el estr\u00e9s o una reacci\u00f3n a la medicaci\u00f3n. La alopecia areata es una afecci\u00f3n autoinmune en la que el sistema inmunitario del cuerpo ataca los fol\u00edculos pilosos sanos porque los confunde con bacterias o virus da\u00f1inos. Esto causa peque\u00f1os parches redondos de calvicie en el cuero cabelludo y otras partes del cuerpo donde el cabello crece naturalmente.<\/p><p>La alopecia es un problema que afecta a muchas personas en todo el mundo. Aunque no es una condici\u00f3n grave, puede ser muy frustrante y causar mucha ansiedad. Afortunadamente, existen tratamientos que pueden ayudar a reducir la ca\u00edda del cabello y mejorar su aspecto. Los tratamientos para la alopecia pueden incluir medicamentos, cirug\u00eda, terapia con l\u00e1ser o inyecciones de factores de crecimiento. El tipo de tratamiento que se utilice depende de la causa de la alopecia y de la severidad del problema.<\/p>\t\t\t\t\t\t<\/div>\n\t\t\t\t<\/div>\n\t\t\t\t\t<\/div>\n\t\t<\/div>\n\t\t\t\t\t<\/div>\n\t\t<\/section>\n\t\t\t\t<section class=\"elementor-section elementor-top-section elementor-element elementor-element-1701c17 elementor-section-content-middle elementor-reverse-mobile elementor-section-boxed elementor-section-height-default elementor-section-height-default\" data-id=\"1701c17\" data-element_type=\"section\" data-settings=\"{&quot;background_background&quot;:&quot;classic&quot;}\">\n\t\t\t\t\t\t\t<div class=\"elementor-background-overlay\"><\/div>\n\t\t\t\t\t\t\t<div class=\"elementor-container elementor-column-gap-no\">\n\t\t\t\t\t<div class=\"elementor-column elementor-col-100 elementor-top-column elementor-element elementor-element-f6998f9\" data-id=\"f6998f9\" data-element_type=\"column\">\n\t\t\t<div class=\"elementor-widget-wrap elementor-element-populated\">\n\t\t\t\t\t\t<section class=\"elementor-section elementor-inner-section elementor-element elementor-element-236ff18 elementor-section-boxed elementor-section-height-default elementor-section-height-default\" data-id=\"236ff18\" data-element_type=\"section\">\n\t\t\t\t\t\t<div class=\"elementor-container elementor-column-gap-default\">\n\t\t\t\t\t<div class=\"elementor-column elementor-col-50 elementor-inner-column elementor-element elementor-element-208c1be\" data-id=\"208c1be\" data-element_type=\"column\">\n\t\t\t<div class=\"elementor-widget-wrap elementor-element-populated\">\n\t\t\t\t\t\t<div class=\"elementor-element elementor-element-e24bcdc elementor-widget elementor-widget-text-editor\" data-id=\"e24bcdc\" data-element_type=\"widget\" data-widget_type=\"text-editor.default\">\n\t\t\t\t<div class=\"elementor-widget-container\">\n\t\t\t\t\t\t\t<h2>\u00bfQu\u00e9 causa la alopecia?<\/h2><p>Hay muchas causas posibles de la alopecia: predisposici\u00f3n gen\u00e9tica, trastornos autoinmunes como la alopecia areata (que puede causar p\u00e9rdida de cabello tanto temporal como permanente).<\/p>\t\t\t\t\t\t<\/div>\n\t\t\t\t<\/div>\n\t\t\t\t<div class=\"elementor-element elementor-element-0f20e35 elementor-widget elementor-widget-text-editor\" data-id=\"0f20e35\" data-element_type=\"widget\" data-widget_type=\"text-editor.default\">\n\t\t\t\t<div class=\"elementor-widget-container\">\n\t\t\t\t\t\t\t<h4>\u00bfCu\u00e1les son los tratamientos para la alopecia?<\/h4><ul><li>Los tratamientos para la alopecia pueden ser medicamentos, cirug\u00eda o trasplante de capilar.<\/li><li>Los medicamentos para la alopecia pueden incluir minoxidil, finasterida o dutasterida.<\/li><li>La cirug\u00eda para la alopecia puede implicar una t\u00e9cnica llamada microtransplante capilar.<\/li><\/ul><p>El\u00a0<strong>Microtrasplante Capilar<\/strong>, Igualmente cococido como microinjerto capilar es un tratamiento para la ca\u00edda del cabello, que consiste en extraer un fol\u00edculo piloso a la vez y trasplantarlo a la zona sin cabello.<\/p><p><strong>\u00a0<\/strong><\/p><p><strong>\u00a0<\/strong><\/p>\t\t\t\t\t\t<\/div>\n\t\t\t\t<\/div>\n\t\t\t\t\t<\/div>\n\t\t<\/div>\n\t\t\t\t<div class=\"elementor-column elementor-col-50 elementor-inner-column elementor-element elementor-element-53ac7b2\" data-id=\"53ac7b2\" data-element_type=\"column\">\n\t\t\t<div class=\"elementor-widget-wrap elementor-element-populated\">\n\t\t\t\t\t\t<div class=\"elementor-element elementor-element-d12d8ac elementor-widget elementor-widget-image\" data-id=\"d12d8ac\" data-element_type=\"widget\" data-widget_type=\"image.default\">\n\t\t\t\t<div class=\"elementor-widget-container\">\n\t\t\t\t\t\t\t\t\t\t\t\t\t<img fetchpriority=\"high\" decoding=\"async\" width=\"923\" height=\"1024\" src=\"https:\/\/cetnup.com\/wp-content\/uploads\/2023\/08\/imagen-de-relleno-1-alopecia-1845x2048.jpg-923x1024.webp\" class=\"attachment-large size-large wp-image-1082\" alt=\"\" srcset=\"https:\/\/cetnup.com\/wp-content\/uploads\/2023\/08\/imagen-de-relleno-1-alopecia-1845x2048.jpg-923x1024.webp 923w, https:\/\/cetnup.com\/wp-content\/uploads\/2023\/08\/imagen-de-relleno-1-alopecia-1845x2048.jpg-270x300.webp 270w, https:\/\/cetnup.com\/wp-content\/uploads\/2023\/08\/imagen-de-relleno-1-alopecia-1845x2048.jpg-768x853.webp 768w, https:\/\/cetnup.com\/wp-content\/uploads\/2023\/08\/imagen-de-relleno-1-alopecia-1845x2048.jpg-1384x1536.webp 1384w, https:\/\/cetnup.com\/wp-content\/uploads\/2023\/08\/imagen-de-relleno-1-alopecia-1845x2048.jpg.webp 1845w\" sizes=\"(max-width: 923px) 100vw, 923px\" \/>\t\t\t\t\t\t\t\t\t\t\t\t\t<\/div>\n\t\t\t\t<\/div>\n\t\t\t\t\t<\/div>\n\t\t<\/div>\n\t\t\t\t\t<\/div>\n\t\t<\/section>\n\t\t\t\t\t<\/div>\n\t\t<\/div>\n\t\t\t\t\t<\/div>\n\t\t<\/section>\n\t\t\t\t<\/div>\n\t\t","protected":false},"excerpt":{"rendered":"<p>Alopecia \u00a0 Alopecia es el t\u00e9rmino m\u00e9dico para la ca\u00edda del cabello. Puede ser causado por la gen\u00e9tica, el estr\u00e9s o una reacci\u00f3n a la medicaci\u00f3n. La alopecia areata es una afecci\u00f3n autoinmune en la que el sistema inmunitario del cuerpo ataca los fol\u00edculos pilosos sanos porque los confunde con bacterias o virus da\u00f1inos. Esto [&hellip;]<\/p>\n","protected":false},"author":1,"featured_media":0,"parent":0,"menu_order":0,"comment_status":"closed","ping_status":"closed","template":"","meta":{"site-sidebar-layout":"no-sidebar","site-content-layout":"page-builder","ast-site-content-layout":"","site-content-style":"default","site-sidebar-style":"default","ast-global-header-display":"","ast-banner-title-visibility":"","ast-main-header-display":"","ast-hfb-above-header-display":"","ast-hfb-below-header-display":"","ast-hfb-mobile-header-display":"","site-post-title":"disabled","ast-breadcrumbs-content":"","ast-featured-img":"disabled","footer-sml-layout":"","theme-transparent-header-meta":"","adv-header-id-meta":"","stick-header-meta":"","header-above-stick-meta":"","header-main-stick-meta":"","header-below-stick-meta":"","astra-migrate-meta-layouts":"default","ast-page-background-enabled":"default","ast-page-background-meta":{"desktop":{"background-color":"","background-image":"","background-repeat":"repeat","background-position":"center center","background-size":"auto","background-attachment":"scroll","background-type":"","background-media":"","overlay-type":"","overlay-color":"","overlay-opacity":"","overlay-gradient":""},"tablet":{"background-color":"","background-image":"","background-repeat":"repeat","background-position":"center center","background-size":"auto","background-attachment":"scroll","background-type":"","background-media":"","overlay-type":"","overlay-color":"","overlay-opacity":"","overlay-gradient":""},"mobile":{"background-color":"","background-image":"","background-repeat":"repeat","background-position":"center center","background-size":"auto","background-attachment":"scroll","background-type":"","background-media":"","overlay-type":"","overlay-color":"","overlay-opacity":"","overlay-gradient":""}},"ast-content-background-meta":{"desktop":{"background-color":"var(--ast-global-color-5)","background-image":"","background-repeat":"repeat","background-position":"center center","background-size":"auto","background-attachment":"scroll","background-type":"","background-media":"","overlay-type":"","overlay-color":"","overlay-opacity":"","overlay-gradient":""},"tablet":{"background-color":"var(--ast-global-color-5)","background-image":"","background-repeat":"repeat","background-position":"center center","background-size":"auto","background-attachment":"scroll","background-type":"","background-media":"","overlay-type":"","overlay-color":"","overlay-opacity":"","overlay-gradient":""},"mobile":{"background-color":"var(--ast-global-color-5)","background-image":"","background-repeat":"repeat","background-position":"center center","background-size":"auto","background-attachment":"scroll","background-type":"","background-media":"","overlay-type":"","overlay-color":"","overlay-opacity":"","overlay-gradient":""}},"_joinchat":[],"footnotes":""},"class_list":["post-959","page","type-page","status-publish","hentry"],"_links":{"self":[{"href":"https:\/\/cetnup.com\/index.php\/wp-json\/wp\/v2\/pages\/959","targetHints":{"allow":["GET"]}}],"collection":[{"href":"https:\/\/cetnup.com\/index.php\/wp-json\/wp\/v2\/pages"}],"about":[{"href":"https:\/\/cetnup.com\/index.php\/wp-json\/wp\/v2\/types\/page"}],"author":[{"embeddable":true,"href":"https:\/\/cetnup.com\/index.php\/wp-json\/wp\/v2\/users\/1"}],"replies":[{"embeddable":true,"href":"https:\/\/cetnup.com\/index.php\/wp-json\/wp\/v2\/comments?post=959"}],"version-history":[{"count":5,"href":"https:\/\/cetnup.com\/index.php\/wp-json\/wp\/v2\/pages\/959\/revisions"}],"predecessor-version":[{"id":1085,"href":"https:\/\/cetnup.com\/index.php\/wp-json\/wp\/v2\/pages\/959\/revisions\/1085"}],"wp:attachment":[{"href":"https:\/\/cetnup.com\/index.php\/wp-json\/wp\/v2\/media?parent=959"}],"curies":[{"name":"wp","href":"https:\/\/api.w.org\/{rel}","templated":true}]}}