{"id":969,"date":"2023-07-11T18:06:01","date_gmt":"2023-07-11T18:06:01","guid":{"rendered":"https:\/\/cetnup.com\/?page_id=969"},"modified":"2023-08-03T22:57:21","modified_gmt":"2023-08-03T22:57:21","slug":"queratinoplastia","status":"publish","type":"page","link":"https:\/\/cetnup.com\/index.php\/queratinoplastia\/","title":{"rendered":"Queratinoplast\u00eda"},"content":{"rendered":"\t\t<div data-elementor-type=\"wp-page\" data-elementor-id=\"969\" class=\"elementor elementor-969\">\n\t\t\t\t\t\t<section class=\"elementor-section elementor-top-section elementor-element elementor-element-8aabc56 elementor-section-content-middle elementor-reverse-mobile elementor-section-boxed elementor-section-height-default elementor-section-height-default\" data-id=\"8aabc56\" data-element_type=\"section\" data-settings=\"{&quot;background_background&quot;:&quot;classic&quot;}\">\n\t\t\t\t\t\t\t<div class=\"elementor-background-overlay\"><\/div>\n\t\t\t\t\t\t\t<div class=\"elementor-container elementor-column-gap-no\">\n\t\t\t\t\t<div class=\"elementor-column elementor-col-100 elementor-top-column elementor-element elementor-element-a2bdacc\" data-id=\"a2bdacc\" data-element_type=\"column\">\n\t\t\t<div class=\"elementor-widget-wrap elementor-element-populated\">\n\t\t\t\t\t\t<div class=\"elementor-element elementor-element-4249a0d elementor-widget elementor-widget-heading\" data-id=\"4249a0d\" data-element_type=\"widget\" data-widget_type=\"heading.default\">\n\t\t\t\t<div class=\"elementor-widget-container\">\n\t\t\t<h2 class=\"elementor-heading-title elementor-size-default\">Queratinoplast\u00eda<\/h2>\t\t<\/div>\n\t\t\t\t<\/div>\n\t\t\t\t<div class=\"elementor-element elementor-element-483a215 elementor-widget-divider--view-line elementor-widget elementor-widget-divider\" data-id=\"483a215\" data-element_type=\"widget\" data-widget_type=\"divider.default\">\n\t\t\t\t<div class=\"elementor-widget-container\">\n\t\t\t\t\t<div class=\"elementor-divider\">\n\t\t\t<span class=\"elementor-divider-separator\">\n\t\t\t\t\t\t<\/span>\n\t\t<\/div>\n\t\t\t\t<\/div>\n\t\t\t\t<\/div>\n\t\t\t\t<div class=\"elementor-element elementor-element-aa292b4 elementor-widget elementor-widget-text-editor\" data-id=\"aa292b4\" data-element_type=\"widget\" data-widget_type=\"text-editor.default\">\n\t\t\t\t<div class=\"elementor-widget-container\">\n\t\t\t\t\t\t\t<p style=\"margin: 0cm 0cm 21.0pt 0cm;\"><span style=\"font-size: 10.0pt; font-family: 'Open Sans',sans-serif; color: #656565;\">es el procedimiento no quir\u00fargico para reconstruir o restaurar la Piel.\u00a0 Lo que lo hace de r\u00e1pida recuperaci\u00f3n. Consiste en destruir la piel da\u00f1ada de forma ordenada con l\u00e1ser CO2 en frecuencia y potencia muy baja, pero con los alcances altos ya que se combina con agentes Queratol\u00edticos\u00a0\u00a0 que ayudan a disolver la queratina (cemento de la piel) y as\u00ed estimular la regeneraci\u00f3n de piel nueva y sana.<\/span><\/p><p style=\"margin: 0cm 0cm 21.0pt 0cm;\"><span style=\"font-size: 10.0pt; font-family: 'Open Sans',sans-serif; color: #656565;\">La Queratinoplastia es una T\u00e9cnica del doctor Ricardo Garc\u00eda, que re\u00fane tecnolog\u00eda y f\u00e1rmacos ya existentes en el tratamiento y terap\u00e9utica de las diferentes afecciones cut\u00e1neas.\u00a0 Pero sistematizada y graduada a nivel de resultados excepcionales.<\/span><\/p>\t\t\t\t\t\t<\/div>\n\t\t\t\t<\/div>\n\t\t\t\t<div class=\"elementor-element elementor-element-5ea2d28 elementor-widget elementor-widget-text-editor\" data-id=\"5ea2d28\" data-element_type=\"widget\" data-widget_type=\"text-editor.default\">\n\t\t\t\t<div class=\"elementor-widget-container\">\n\t\t\t\t\t\t\t<p style=\"margin: 0cm;\"><strong><span style=\"font-size: 10.0pt; font-family: 'Open Sans',sans-serif; color: #656565;\">Acerca de la Queratinoplastia<\/span><\/strong><\/p><p style=\"margin: 0cm 0cm 21.0pt 0cm;\"><span style=\"font-size: 10.0pt; font-family: 'Open Sans',sans-serif; color: #656565;\">Este procedimiento surge con una de las mejores alternativas a restaurar la salud de la piel, derivado de la experiencia en el manejo de m\u00e1s de m\u00faltiples terap\u00e9uticas para combatir el acn\u00e9, las cicatrices y el envejecimiento prematuro, pasando desde toda clase de Peelings; bajos, medios, medio-profundo y Profundos, hasta tecnolog\u00edas l\u00e1ser y formulas o cremas comerciales de diversos laboratorios hasta propias formulaciones magistrales.<\/span><\/p>\t\t\t\t\t\t<\/div>\n\t\t\t\t<\/div>\n\t\t\t\t\t<\/div>\n\t\t<\/div>\n\t\t\t\t\t<\/div>\n\t\t<\/section>\n\t\t\t\t<section class=\"elementor-section elementor-top-section elementor-element elementor-element-158584a elementor-section-content-middle elementor-reverse-mobile elementor-section-boxed elementor-section-height-default elementor-section-height-default\" data-id=\"158584a\" data-element_type=\"section\" data-settings=\"{&quot;background_background&quot;:&quot;classic&quot;}\">\n\t\t\t\t\t\t\t<div class=\"elementor-background-overlay\"><\/div>\n\t\t\t\t\t\t\t<div class=\"elementor-container elementor-column-gap-no\">\n\t\t\t\t\t<div class=\"elementor-column elementor-col-50 elementor-top-column elementor-element elementor-element-ac75587\" data-id=\"ac75587\" data-element_type=\"column\">\n\t\t\t<div class=\"elementor-widget-wrap elementor-element-populated\">\n\t\t\t\t\t\t<div class=\"elementor-element elementor-element-49d69ae elementor-widget elementor-widget-image\" data-id=\"49d69ae\" data-element_type=\"widget\" data-widget_type=\"image.default\">\n\t\t\t\t<div class=\"elementor-widget-container\">\n\t\t\t\t\t\t\t\t\t\t\t\t\t<img fetchpriority=\"high\" decoding=\"async\" width=\"1024\" height=\"569\" src=\"https:\/\/cetnup.com\/wp-content\/uploads\/2023\/08\/descamacion-1-1-1.jpg-1024x569.webp\" class=\"attachment-large size-large wp-image-1161\" alt=\"\" srcset=\"https:\/\/cetnup.com\/wp-content\/uploads\/2023\/08\/descamacion-1-1-1.jpg-1024x569.webp 1024w, https:\/\/cetnup.com\/wp-content\/uploads\/2023\/08\/descamacion-1-1-1.jpg-300x167.webp 300w, https:\/\/cetnup.com\/wp-content\/uploads\/2023\/08\/descamacion-1-1-1.jpg-768x427.webp 768w, https:\/\/cetnup.com\/wp-content\/uploads\/2023\/08\/descamacion-1-1-1.jpg.webp 1080w\" sizes=\"(max-width: 1024px) 100vw, 1024px\" \/>\t\t\t\t\t\t\t\t\t\t\t\t\t<\/div>\n\t\t\t\t<\/div>\n\t\t\t\t\t<\/div>\n\t\t<\/div>\n\t\t\t\t<div class=\"elementor-column elementor-col-50 elementor-top-column elementor-element elementor-element-e60b374\" data-id=\"e60b374\" data-element_type=\"column\">\n\t\t\t<div class=\"elementor-widget-wrap elementor-element-populated\">\n\t\t\t\t\t\t<div class=\"elementor-element elementor-element-6cd6604 elementor-widget elementor-widget-image\" data-id=\"6cd6604\" data-element_type=\"widget\" data-widget_type=\"image.default\">\n\t\t\t\t<div class=\"elementor-widget-container\">\n\t\t\t\t\t\t\t\t\t\t\t\t\t<img decoding=\"async\" width=\"1024\" height=\"569\" src=\"https:\/\/cetnup.com\/wp-content\/uploads\/2023\/08\/despues-queratinoplastia-1.jpg-1024x569.webp\" class=\"attachment-large size-large wp-image-1162\" alt=\"\" srcset=\"https:\/\/cetnup.com\/wp-content\/uploads\/2023\/08\/despues-queratinoplastia-1.jpg-1024x569.webp 1024w, https:\/\/cetnup.com\/wp-content\/uploads\/2023\/08\/despues-queratinoplastia-1.jpg-300x167.webp 300w, https:\/\/cetnup.com\/wp-content\/uploads\/2023\/08\/despues-queratinoplastia-1.jpg-768x427.webp 768w, https:\/\/cetnup.com\/wp-content\/uploads\/2023\/08\/despues-queratinoplastia-1.jpg.webp 1080w\" sizes=\"(max-width: 1024px) 100vw, 1024px\" \/>\t\t\t\t\t\t\t\t\t\t\t\t\t<\/div>\n\t\t\t\t<\/div>\n\t\t\t\t\t<\/div>\n\t\t<\/div>\n\t\t\t\t\t<\/div>\n\t\t<\/section>\n\t\t\t\t<section class=\"elementor-section elementor-top-section elementor-element elementor-element-502f1e5 elementor-section-content-middle elementor-reverse-mobile elementor-section-boxed elementor-section-height-default elementor-section-height-default\" data-id=\"502f1e5\" data-element_type=\"section\" data-settings=\"{&quot;background_background&quot;:&quot;classic&quot;}\">\n\t\t\t\t\t\t\t<div class=\"elementor-background-overlay\"><\/div>\n\t\t\t\t\t\t\t<div class=\"elementor-container elementor-column-gap-no\">\n\t\t\t\t\t<div class=\"elementor-column elementor-col-100 elementor-top-column elementor-element elementor-element-2398cbc\" data-id=\"2398cbc\" data-element_type=\"column\">\n\t\t\t<div class=\"elementor-widget-wrap elementor-element-populated\">\n\t\t\t\t\t\t<div class=\"elementor-element elementor-element-6f61ec3 elementor-widget elementor-widget-text-editor\" data-id=\"6f61ec3\" data-element_type=\"widget\" data-widget_type=\"text-editor.default\">\n\t\t\t\t<div class=\"elementor-widget-container\">\n\t\t\t\t\t\t\t<p><strong>\u00bfQu\u00e9 hace la diferencia en Usar otra Terapia?<\/strong><\/p><p>Definitivamente los resultados<\/p><p><strong>VENTAJAS:<\/strong><\/p><ul><li>Al ser una multi terapia permite corregir de manera individual el problema en cada caso, esto significa que no en todos los procedimientos se har\u00e1 lo mismo, pero si bajo los mismos principios.<\/li><li>No requieres de hacerte en diferentes sesiones en terapias diversas.<\/li><li>Sin mayores cuidados post tratamientos.<\/li><li>El Costo<\/li><\/ul><p>\u00a0<\/p><p><strong>DESVENTAJAS:<\/strong><\/p><ul><li>Aspecto est\u00e9tico despu\u00e9s del procedimiento<\/li><li>La apariencia durante los primeros d\u00edas no es muy est\u00e9tica, ya que tu cara se inflamar\u00e1 y tendr\u00e1 un tono oscuro.<\/li><li>En ocasiones resulta inc\u00f3modo el procedimiento dependiendo la gravedad de tu problema incluso las primeras horas despu\u00e9s del procedimiento<\/li><li>No realizar actividades f\u00edsicas o deportivas durante una semana<\/li><li>Comez\u00f3n e irritaci\u00f3n durante los 3 primeros d\u00edas.<\/li><\/ul><p><strong>\u00bfPara qu\u00e9 problemas o afecciones se realiza una Querinoplastia?<\/strong><\/p><p>Debido a que es un procedimiento regenerativo de la piel se puede aplicar en todo caso desde imperfecciones ligeras hasta cicatrices o problemas de envejecimiento, lo \u00fanico que var\u00eda ser\u00e1 la profundidad.<\/p><p>\u00a0<\/p><p>\u00a0<\/p><p><strong>\u00bfEn qu\u00e9 consiste?<\/strong><\/p><ul><li>Valoraci\u00f3n del problema y da\u00f1o del mismo. En algunos casos y procedimiento no se puede hacer el mismo d\u00eda de la valoraci\u00f3n, esto est\u00e1 determinado por el tipo de piel. Normalmente en estos casos en 8 d\u00edas se programa.<\/li><li>En ocasiones se espera de 30 a 40 minutos con anestesia t\u00f3pica para despu\u00e9s llevar a cabo la Queratinoplastia con una duraci\u00f3n aproximadamente de 45 minutos.<\/li><li>Saldr\u00e1s con la cara ligeramente inflamada o con sensaci\u00f3n de hinchaz\u00f3n, en ocasiones ligeras molestias, sensibilidad o de irritaci\u00f3n pasajeras (de 2 a 3 horas).<\/li><li>En casa llevaras un tratamiento domiciliario durante los primeros 7 d\u00edas que ayudara a tu recuperaci\u00f3n.<\/li><li>Tu cara se tornar\u00e1 acartonada y color marr\u00f3n, para 3er o 4to d\u00eda comenzar a caer la piel<\/li><li>Al final de d\u00eda 7mo o antes tu cara quedara libre de piel vieja y mejorada. Deber\u00e1s usar tratamiento para preservar los resultados o en su caso progresar en los mismos.<\/li><\/ul><p>\u00a0<\/p><p>\u00a0<\/p><p>\u00a0<\/p><p><strong>PREGUNTAS<\/strong><\/p><ol><li><strong>\u00bfDurante el tratamiento puedo exponerme al sol y hacer mis actividades normales?<\/strong><\/li><\/ol><p>Si. Solo debes tener los cuidados normales como aplicarte protecci\u00f3n solar y no estar expuesto (a) a los rayos solares directos por m\u00e1s de una hora, pero si puedes hacer tus actividades normales aun cuando esto implique salir durante el d\u00eda. Es decir, no necesitas guardarte o encerrarte.<\/p><ol start=\"2\"><li><strong>\u00bfQuedara sensible mi piel?<\/strong><\/li><\/ol><p>No. Porque en casa llevas un seguimiento para la recuperaci\u00f3n, ayud\u00e1ndole a tu cuerpo a no desarrollar ning\u00fan tipo de sensibilidad<\/p><ol start=\"3\"><li><strong>\u00bfSe hace la Piel m\u00e1s delgada?<\/strong><\/li><\/ol><p>No. La piel junto con el h\u00edgado son los \u00f3rganos del cuerpo que tienen la capacidad de regenerarse toda la vida. Y la Piel constantemente se est\u00e1 regenerando cada 25 d\u00edas. De modo que con este procedimiento aceleramos esa regeneraci\u00f3n a niveles m\u00e1s profundos reconstruyendo nuevas c\u00e9lulas sin limitar la capacidad regenerativa natural.<\/p><ol start=\"4\"><li><strong>\u00bfSe manchar\u00e1 la piel despu\u00e9s?<\/strong><\/li><\/ol><p>No. Porque durante la recuperaci\u00f3n recibes tratamiento que ayudan a no estimular la sobreproducci\u00f3n de melanina causante de la pigmentaci\u00f3n en la piel.<\/p><ol start=\"5\"><li><strong>\u00bfDuele?<\/strong><\/li><\/ol><p>No, es inc\u00f3modo. Si tienes una sensaci\u00f3n de calor y en ocasiones de ardor tolerable de segundos durante el tratamiento.\u00a0 No esperemos no tener molestias y ver resultados grandes.<\/p><ol start=\"6\"><li><strong>\u00bfPuedo hacerme el tratamiento si estoy Lactando o Embarazada?<\/strong><\/li><\/ol><p>Si estas embarazada No, porque no podr\u00edas seguir el tratamiento domiciliario. Si estas Lactando Si, en los \u00faltimos meses.<\/p><ol start=\"7\"><li><strong>\u00bfPuede causar C\u00e1ncer?<\/strong><\/li><\/ol><p>No.<\/p><p>El Laser Co2, su \u00fanica funci\u00f3n es quitar el agua que tienen las c\u00e9lulas de la piel (Vaporizando), es decir, dej\u00e1ndolas sin vida para dar paso a la regeneraci\u00f3n de manera ordenada de nuevas c\u00e9lulas. Similar a lo que sucede cuando sufres una raspadura, cortada, pero sin dejar cicatriz. Esto es, no invade otras c\u00e9lulas u \u00f3rganos que comprometan las funciones biol\u00f3gicas o fisiol\u00f3gicas.<\/p><ol start=\"8\"><li><strong>\u00bfSi soy menor de edad puedo hacerme la Queratinoplastia?<\/strong><\/li><\/ol><p>Si. A partir de los 14 a\u00f1os.<\/p><ol start=\"9\"><li><strong>\u00bfSi tengo m\u00e1s de 60 a\u00f1os puedo hacerme la Queratinoplastia si mi piel ya es muy delgada?<\/strong><\/li><\/ol><p>Aunque la recuperaci\u00f3n suele tardar un poco m\u00e1s de d\u00edas, suelen ser satisfactorios los resultados.<\/p><ul><li><strong>\u00bfSi estoy en tratamiento psiqui\u00e1trico y tomando medicamentos, puedo hacerme la<\/strong><strong>Queratinoplastia?<\/strong><\/li><\/ul><p>Si.<\/p><ul><li><strong>\u00bfTengo Diabetes, puedo hacerme la Queratinoplastia?<\/strong><\/li><\/ul><p>No.<\/p>\t\t\t\t\t\t<\/div>\n\t\t\t\t<\/div>\n\t\t\t\t\t<\/div>\n\t\t<\/div>\n\t\t\t\t\t<\/div>\n\t\t<\/section>\n\t\t\t\t<\/div>\n\t\t","protected":false},"excerpt":{"rendered":"<p>Queratinoplast\u00eda es el procedimiento no quir\u00fargico para reconstruir o restaurar la Piel.\u00a0 Lo que lo hace de r\u00e1pida recuperaci\u00f3n. Consiste en destruir la piel da\u00f1ada de forma ordenada con l\u00e1ser CO2 en frecuencia y potencia muy baja, pero con los alcances altos ya que se combina con agentes Queratol\u00edticos\u00a0\u00a0 que ayudan a disolver la queratina [&hellip;]<\/p>\n","protected":false},"author":1,"featured_media":0,"parent":0,"menu_order":0,"comment_status":"closed","ping_status":"closed","template":"","meta":{"site-sidebar-layout":"no-sidebar","site-content-layout":"page-builder","ast-site-content-layout":"","site-content-style":"default","site-sidebar-style":"default","ast-global-header-display":"","ast-banner-title-visibility":"","ast-main-header-display":"","ast-hfb-above-header-display":"","ast-hfb-below-header-display":"","ast-hfb-mobile-header-display":"","site-post-title":"disabled","ast-breadcrumbs-content":"","ast-featured-img":"disabled","footer-sml-layout":"","theme-transparent-header-meta":"","adv-header-id-meta":"","stick-header-meta":"","header-above-stick-meta":"","header-main-stick-meta":"","header-below-stick-meta":"","astra-migrate-meta-layouts":"default","ast-page-background-enabled":"default","ast-page-background-meta":{"desktop":{"background-color":"","background-image":"","background-repeat":"repeat","background-position":"center center","background-size":"auto","background-attachment":"scroll","background-type":"","background-media":"","overlay-type":"","overlay-color":"","overlay-opacity":"","overlay-gradient":""},"tablet":{"background-color":"","background-image":"","background-repeat":"repeat","background-position":"center center","background-size":"auto","background-attachment":"scroll","background-type":"","background-media":"","overlay-type":"","overlay-color":"","overlay-opacity":"","overlay-gradient":""},"mobile":{"background-color":"","background-image":"","background-repeat":"repeat","background-position":"center center","background-size":"auto","background-attachment":"scroll","background-type":"","background-media":"","overlay-type":"","overlay-color":"","overlay-opacity":"","overlay-gradient":""}},"ast-content-background-meta":{"desktop":{"background-color":"var(--ast-global-color-5)","background-image":"","background-repeat":"repeat","background-position":"center center","background-size":"auto","background-attachment":"scroll","background-type":"","background-media":"","overlay-type":"","overlay-color":"","overlay-opacity":"","overlay-gradient":""},"tablet":{"background-color":"var(--ast-global-color-5)","background-image":"","background-repeat":"repeat","background-position":"center center","background-size":"auto","background-attachment":"scroll","background-type":"","background-media":"","overlay-type":"","overlay-color":"","overlay-opacity":"","overlay-gradient":""},"mobile":{"background-color":"var(--ast-global-color-5)","background-image":"","background-repeat":"repeat","background-position":"center center","background-size":"auto","background-attachment":"scroll","background-type":"","background-media":"","overlay-type":"","overlay-color":"","overlay-opacity":"","overlay-gradient":""}},"_joinchat":[],"footnotes":""},"class_list":["post-969","page","type-page","status-publish","hentry"],"_links":{"self":[{"href":"https:\/\/cetnup.com\/index.php\/wp-json\/wp\/v2\/pages\/969","targetHints":{"allow":["GET"]}}],"collection":[{"href":"https:\/\/cetnup.com\/index.php\/wp-json\/wp\/v2\/pages"}],"about":[{"href":"https:\/\/cetnup.com\/index.php\/wp-json\/wp\/v2\/types\/page"}],"author":[{"embeddable":true,"href":"https:\/\/cetnup.com\/index.php\/wp-json\/wp\/v2\/users\/1"}],"replies":[{"embeddable":true,"href":"https:\/\/cetnup.com\/index.php\/wp-json\/wp\/v2\/comments?post=969"}],"version-history":[{"count":5,"href":"https:\/\/cetnup.com\/index.php\/wp-json\/wp\/v2\/pages\/969\/revisions"}],"predecessor-version":[{"id":1165,"href":"https:\/\/cetnup.com\/index.php\/wp-json\/wp\/v2\/pages\/969\/revisions\/1165"}],"wp:attachment":[{"href":"https:\/\/cetnup.com\/index.php\/wp-json\/wp\/v2\/media?parent=969"}],"curies":[{"name":"wp","href":"https:\/\/api.w.org\/{rel}","templated":true}]}}