{"id":971,"date":"2023-07-11T18:06:41","date_gmt":"2023-07-11T18:06:41","guid":{"rendered":"https:\/\/cetnup.com\/?page_id=971"},"modified":"2023-08-03T18:11:08","modified_gmt":"2023-08-03T18:11:08","slug":"relleno-labial","status":"publish","type":"page","link":"https:\/\/cetnup.com\/index.php\/relleno-labial\/","title":{"rendered":"Relleno Labial"},"content":{"rendered":"\t\t<div data-elementor-type=\"wp-page\" data-elementor-id=\"971\" class=\"elementor elementor-971\">\n\t\t\t\t\t\t<section class=\"elementor-section elementor-top-section elementor-element elementor-element-8cef272 elementor-section-content-middle elementor-reverse-mobile elementor-section-boxed elementor-section-height-default elementor-section-height-default\" data-id=\"8cef272\" data-element_type=\"section\" data-settings=\"{&quot;background_background&quot;:&quot;classic&quot;}\">\n\t\t\t\t\t\t\t<div class=\"elementor-background-overlay\"><\/div>\n\t\t\t\t\t\t\t<div class=\"elementor-container elementor-column-gap-no\">\n\t\t\t\t\t<div class=\"elementor-column elementor-col-100 elementor-top-column elementor-element elementor-element-d23392d\" data-id=\"d23392d\" data-element_type=\"column\">\n\t\t\t<div class=\"elementor-widget-wrap elementor-element-populated\">\n\t\t\t\t\t\t<div class=\"elementor-element elementor-element-4e36e02 elementor-widget elementor-widget-heading\" data-id=\"4e36e02\" data-element_type=\"widget\" data-widget_type=\"heading.default\">\n\t\t\t\t<div class=\"elementor-widget-container\">\n\t\t\t<h2 class=\"elementor-heading-title elementor-size-default\">Relleno labial<\/h2>\t\t<\/div>\n\t\t\t\t<\/div>\n\t\t\t\t<div class=\"elementor-element elementor-element-701ae3d elementor-widget-divider--view-line elementor-widget elementor-widget-divider\" data-id=\"701ae3d\" data-element_type=\"widget\" data-widget_type=\"divider.default\">\n\t\t\t\t<div class=\"elementor-widget-container\">\n\t\t\t\t\t<div class=\"elementor-divider\">\n\t\t\t<span class=\"elementor-divider-separator\">\n\t\t\t\t\t\t<\/span>\n\t\t<\/div>\n\t\t\t\t<\/div>\n\t\t\t\t<\/div>\n\t\t\t\t<div class=\"elementor-element elementor-element-db91d9c elementor-widget elementor-widget-text-editor\" data-id=\"db91d9c\" data-element_type=\"widget\" data-widget_type=\"text-editor.default\">\n\t\t\t\t<div class=\"elementor-widget-container\">\n\t\t\t\t\t\t\t<p>El relleno de labios es un procedimiento cosm\u00e9tico que rellena los labios para hacerlos m\u00e1s voluminosos y sim\u00e9tricos. El procedimiento consiste en inyectar una sustancia en los labios para darles una apariencia m\u00e1s llena.<\/p><p>El costo del relleno de labios depende de muchos factores, incluido el precio del producto, la cantidad de producto que se usa y el tiempo que lleva el tratamiento. Tambi\u00e9n puede variar dependiendo de d\u00f3nde lo haga y de lo que pague su seguro. Los rellenos de labios suelen durar unos seis meses, pero a veces hasta 18 meses.<\/p><p>Los tipos m\u00e1s comunes de rellenos son el col\u00e1geno y el \u00e1cido hialur\u00f3nico. De igual forma, los rellenos de labios tambi\u00e9n se pueden usar para equilibrar y suavizar la apariencia de los labios envejecidos.<\/p>\t\t\t\t\t\t<\/div>\n\t\t\t\t<\/div>\n\t\t\t\t\t<\/div>\n\t\t<\/div>\n\t\t\t\t\t<\/div>\n\t\t<\/section>\n\t\t\t\t<section class=\"elementor-section elementor-top-section elementor-element elementor-element-8936b12 elementor-section-content-middle elementor-reverse-mobile elementor-section-boxed elementor-section-height-default elementor-section-height-default\" data-id=\"8936b12\" data-element_type=\"section\" data-settings=\"{&quot;background_background&quot;:&quot;classic&quot;}\">\n\t\t\t\t\t\t\t<div class=\"elementor-background-overlay\"><\/div>\n\t\t\t\t\t\t\t<div class=\"elementor-container elementor-column-gap-no\">\n\t\t\t\t\t<div class=\"elementor-column elementor-col-100 elementor-top-column elementor-element elementor-element-e934554\" data-id=\"e934554\" data-element_type=\"column\">\n\t\t\t<div class=\"elementor-widget-wrap elementor-element-populated\">\n\t\t\t\t\t\t<section class=\"elementor-section elementor-inner-section elementor-element elementor-element-30336ca elementor-section-boxed elementor-section-height-default elementor-section-height-default\" data-id=\"30336ca\" data-element_type=\"section\">\n\t\t\t\t\t\t<div class=\"elementor-container elementor-column-gap-default\">\n\t\t\t\t\t<div class=\"elementor-column elementor-col-50 elementor-inner-column elementor-element elementor-element-26582df\" data-id=\"26582df\" data-element_type=\"column\">\n\t\t\t<div class=\"elementor-widget-wrap elementor-element-populated\">\n\t\t\t\t\t\t<div class=\"elementor-element elementor-element-9158570 elementor-widget elementor-widget-text-editor\" data-id=\"9158570\" data-element_type=\"widget\" data-widget_type=\"text-editor.default\">\n\t\t\t\t<div class=\"elementor-widget-container\">\n\t\t\t\t\t\t\t<h4><strong>Razones por las cuales hacerse un relleno labial<\/strong><\/h4><p>El relleno de labios es un procedimiento cosm\u00e9tico que consiste en inyectar una sustancia en los labios para aumentar su volumen.<\/p><p>Las razones m\u00e1s comunes para obtener rellenos labiales son para que los labios se vean m\u00e1s llenos y sim\u00e9tricos, y para darles una apariencia m\u00e1s juvenil.<\/p><p><strong>La herencia<\/strong>. Aunque suene l\u00f3gico, el factor gen\u00e9tico juega un papel muy importante en la desici\u00f3n de tomar el relleno labial como m\u00e9todo de rejuvenecimiento de los labios. Ya que, no solo ser de edad avanazada es el \u00fanico factor; sino el hecho de haber heredado una forma que uno no desea es quiz\u00e1 raz\u00f3n suficiente para someterse al procedimiento.<\/p><p><strong>La edad<\/strong>. Es este factor el m\u00e1s com\u00fan para someterse al procedimiento, esto debido a que la piel pierde lozan\u00eda connfrme avanza el tiempo, perdiendo hidrataci\u00f3n y tensi\u00f3n, por lo que suelen verse ya los labios resecos todoe l tiempo y sin volumen.<\/p><p><strong>\u00a0<\/strong><\/p>\t\t\t\t\t\t<\/div>\n\t\t\t\t<\/div>\n\t\t\t\t\t<\/div>\n\t\t<\/div>\n\t\t\t\t<div class=\"elementor-column elementor-col-50 elementor-inner-column elementor-element elementor-element-b3a4a04\" data-id=\"b3a4a04\" data-element_type=\"column\">\n\t\t\t<div class=\"elementor-widget-wrap elementor-element-populated\">\n\t\t\t\t\t\t<div class=\"elementor-element elementor-element-e4ff36a elementor-widget elementor-widget-image\" data-id=\"e4ff36a\" data-element_type=\"widget\" data-widget_type=\"image.default\">\n\t\t\t\t<div class=\"elementor-widget-container\">\n\t\t\t\t\t\t\t\t\t\t\t\t\t<img fetchpriority=\"high\" decoding=\"async\" width=\"923\" height=\"1024\" src=\"https:\/\/cetnup.com\/wp-content\/uploads\/2023\/08\/relleno-de-labios-imagen-inicio-1-1845x2048.jpg-923x1024.webp\" class=\"attachment-large size-large wp-image-1088\" alt=\"\" srcset=\"https:\/\/cetnup.com\/wp-content\/uploads\/2023\/08\/relleno-de-labios-imagen-inicio-1-1845x2048.jpg-923x1024.webp 923w, https:\/\/cetnup.com\/wp-content\/uploads\/2023\/08\/relleno-de-labios-imagen-inicio-1-1845x2048.jpg-270x300.webp 270w, https:\/\/cetnup.com\/wp-content\/uploads\/2023\/08\/relleno-de-labios-imagen-inicio-1-1845x2048.jpg-768x853.webp 768w, https:\/\/cetnup.com\/wp-content\/uploads\/2023\/08\/relleno-de-labios-imagen-inicio-1-1845x2048.jpg-1384x1536.webp 1384w, https:\/\/cetnup.com\/wp-content\/uploads\/2023\/08\/relleno-de-labios-imagen-inicio-1-1845x2048.jpg.webp 1845w\" sizes=\"(max-width: 923px) 100vw, 923px\" \/>\t\t\t\t\t\t\t\t\t\t\t\t\t<\/div>\n\t\t\t\t<\/div>\n\t\t\t\t\t<\/div>\n\t\t<\/div>\n\t\t\t\t\t<\/div>\n\t\t<\/section>\n\t\t\t\t\t<\/div>\n\t\t<\/div>\n\t\t\t\t\t<\/div>\n\t\t<\/section>\n\t\t\t\t<section class=\"elementor-section elementor-top-section elementor-element elementor-element-0fbc652 elementor-section-content-middle elementor-reverse-mobile elementor-section-boxed elementor-section-height-default elementor-section-height-default\" data-id=\"0fbc652\" data-element_type=\"section\" data-settings=\"{&quot;background_background&quot;:&quot;classic&quot;}\">\n\t\t\t\t\t\t\t<div class=\"elementor-background-overlay\"><\/div>\n\t\t\t\t\t\t\t<div class=\"elementor-container elementor-column-gap-no\">\n\t\t\t\t\t<div class=\"elementor-column elementor-col-100 elementor-top-column elementor-element elementor-element-e2bf110\" data-id=\"e2bf110\" data-element_type=\"column\">\n\t\t\t<div class=\"elementor-widget-wrap elementor-element-populated\">\n\t\t\t\t\t\t<div class=\"elementor-element elementor-element-f1a50e3 elementor-widget elementor-widget-heading\" data-id=\"f1a50e3\" data-element_type=\"widget\" data-widget_type=\"heading.default\">\n\t\t\t\t<div class=\"elementor-widget-container\">\n\t\t\t<h2 class=\"elementor-heading-title elementor-size-large\">Consideraciones antes del relleno labial<\/h2>\t\t<\/div>\n\t\t\t\t<\/div>\n\t\t\t\t<div class=\"elementor-element elementor-element-9a318f1 elementor-widget-divider--view-line elementor-widget elementor-widget-divider\" data-id=\"9a318f1\" data-element_type=\"widget\" data-widget_type=\"divider.default\">\n\t\t\t\t<div class=\"elementor-widget-container\">\n\t\t\t\t\t<div class=\"elementor-divider\">\n\t\t\t<span class=\"elementor-divider-separator\">\n\t\t\t\t\t\t<\/span>\n\t\t<\/div>\n\t\t\t\t<\/div>\n\t\t\t\t<\/div>\n\t\t\t\t<div class=\"elementor-element elementor-element-9f92a1e elementor-widget elementor-widget-text-editor\" data-id=\"9f92a1e\" data-element_type=\"widget\" data-widget_type=\"text-editor.default\">\n\t\t\t\t<div class=\"elementor-widget-container\">\n\t\t\t\t\t\t\t<p>Hay muchas consideraciones antes de hacerse los rellenos labiales, como si es al\u00e9rgico al material que se usa o si no puede dejar de morderse los labios.<\/p><p>Tambi\u00e9n debe pensar en cu\u00e1nto desea que cambien sus labios en tama\u00f1o, la cantidad de dolor que puede tolerar y qu\u00e9 tipo de resultados desea.<\/p><p>El dolor: debe considerar que este tratamiento o inyecci\u00f3n suele ser doloroso y quiz\u00e1 deba tomarlo en cuenta antes de realizarse este procedimiento.<\/p><p>La compa\u00f1\u00eda: h\u00e1gase acompa\u00f1ar con un ser querido o una persona que cuide de usted para que le acompa\u00f1e y mantenga seguro(a) despu\u00e9s de hacer el procedimiento; ya que la incomodidad que suele proseguir del mimo pueda dificultarle conducir.<\/p><h4><strong>Cuidados porteriores despu\u00e9s del relleno labial<\/strong><\/h4><p>Un relleno de labios puede ser temporal o semipermanente seg\u00fan el tipo que elija. Lo mejor es consultar con un profesional antes de obtener uno para que pueda recomendar el tratamiento adecuado para usted.<\/p>\t\t\t\t\t\t<\/div>\n\t\t\t\t<\/div>\n\t\t\t\t\t<\/div>\n\t\t<\/div>\n\t\t\t\t\t<\/div>\n\t\t<\/section>\n\t\t\t\t<\/div>\n\t\t","protected":false},"excerpt":{"rendered":"<p>Relleno labial El relleno de labios es un procedimiento cosm\u00e9tico que rellena los labios para hacerlos m\u00e1s voluminosos y sim\u00e9tricos. El procedimiento consiste en inyectar una sustancia en los labios para darles una apariencia m\u00e1s llena. El costo del relleno de labios depende de muchos factores, incluido el precio del producto, la cantidad de producto [&hellip;]<\/p>\n","protected":false},"author":1,"featured_media":0,"parent":0,"menu_order":0,"comment_status":"closed","ping_status":"closed","template":"","meta":{"site-sidebar-layout":"no-sidebar","site-content-layout":"page-builder","ast-site-content-layout":"","site-content-style":"default","site-sidebar-style":"default","ast-global-header-display":"","ast-banner-title-visibility":"","ast-main-header-display":"","ast-hfb-above-header-display":"","ast-hfb-below-header-display":"","ast-hfb-mobile-header-display":"","site-post-title":"disabled","ast-breadcrumbs-content":"","ast-featured-img":"disabled","footer-sml-layout":"","theme-transparent-header-meta":"","adv-header-id-meta":"","stick-header-meta":"","header-above-stick-meta":"","header-main-stick-meta":"","header-below-stick-meta":"","astra-migrate-meta-layouts":"default","ast-page-background-enabled":"default","ast-page-background-meta":{"desktop":{"background-color":"","background-image":"","background-repeat":"repeat","background-position":"center center","background-size":"auto","background-attachment":"scroll","background-type":"","background-media":"","overlay-type":"","overlay-color":"","overlay-opacity":"","overlay-gradient":""},"tablet":{"background-color":"","background-image":"","background-repeat":"repeat","background-position":"center center","background-size":"auto","background-attachment":"scroll","background-type":"","background-media":"","overlay-type":"","overlay-color":"","overlay-opacity":"","overlay-gradient":""},"mobile":{"background-color":"","background-image":"","background-repeat":"repeat","background-position":"center center","background-size":"auto","background-attachment":"scroll","background-type":"","background-media":"","overlay-type":"","overlay-color":"","overlay-opacity":"","overlay-gradient":""}},"ast-content-background-meta":{"desktop":{"background-color":"var(--ast-global-color-5)","background-image":"","background-repeat":"repeat","background-position":"center center","background-size":"auto","background-attachment":"scroll","background-type":"","background-media":"","overlay-type":"","overlay-color":"","overlay-opacity":"","overlay-gradient":""},"tablet":{"background-color":"var(--ast-global-color-5)","background-image":"","background-repeat":"repeat","background-position":"center center","background-size":"auto","background-attachment":"scroll","background-type":"","background-media":"","overlay-type":"","overlay-color":"","overlay-opacity":"","overlay-gradient":""},"mobile":{"background-color":"var(--ast-global-color-5)","background-image":"","background-repeat":"repeat","background-position":"center center","background-size":"auto","background-attachment":"scroll","background-type":"","background-media":"","overlay-type":"","overlay-color":"","overlay-opacity":"","overlay-gradient":""}},"_joinchat":[],"footnotes":""},"class_list":["post-971","page","type-page","status-publish","hentry"],"_links":{"self":[{"href":"https:\/\/cetnup.com\/index.php\/wp-json\/wp\/v2\/pages\/971","targetHints":{"allow":["GET"]}}],"collection":[{"href":"https:\/\/cetnup.com\/index.php\/wp-json\/wp\/v2\/pages"}],"about":[{"href":"https:\/\/cetnup.com\/index.php\/wp-json\/wp\/v2\/types\/page"}],"author":[{"embeddable":true,"href":"https:\/\/cetnup.com\/index.php\/wp-json\/wp\/v2\/users\/1"}],"replies":[{"embeddable":true,"href":"https:\/\/cetnup.com\/index.php\/wp-json\/wp\/v2\/comments?post=971"}],"version-history":[{"count":5,"href":"https:\/\/cetnup.com\/index.php\/wp-json\/wp\/v2\/pages\/971\/revisions"}],"predecessor-version":[{"id":1091,"href":"https:\/\/cetnup.com\/index.php\/wp-json\/wp\/v2\/pages\/971\/revisions\/1091"}],"wp:attachment":[{"href":"https:\/\/cetnup.com\/index.php\/wp-json\/wp\/v2\/media?parent=971"}],"curies":[{"name":"wp","href":"https:\/\/api.w.org\/{rel}","templated":true}]}}