{"id":973,"date":"2023-07-11T18:07:20","date_gmt":"2023-07-11T18:07:20","guid":{"rendered":"https:\/\/cetnup.com\/?page_id=973"},"modified":"2023-08-03T00:45:11","modified_gmt":"2023-08-03T00:45:11","slug":"regeneracion-celular","status":"publish","type":"page","link":"https:\/\/cetnup.com\/index.php\/regeneracion-celular\/","title":{"rendered":"Regeneraci\u00f3n Celular"},"content":{"rendered":"\t\t<div data-elementor-type=\"wp-page\" data-elementor-id=\"973\" class=\"elementor elementor-973\">\n\t\t\t\t\t\t<section class=\"elementor-section elementor-top-section elementor-element elementor-element-a7e27fd elementor-section-content-middle elementor-reverse-mobile elementor-section-boxed elementor-section-height-default elementor-section-height-default\" data-id=\"a7e27fd\" data-element_type=\"section\" data-settings=\"{&quot;background_background&quot;:&quot;classic&quot;}\">\n\t\t\t\t\t\t\t<div class=\"elementor-background-overlay\"><\/div>\n\t\t\t\t\t\t\t<div class=\"elementor-container elementor-column-gap-no\">\n\t\t\t\t\t<div class=\"elementor-column elementor-col-100 elementor-top-column elementor-element elementor-element-cd77382\" data-id=\"cd77382\" data-element_type=\"column\">\n\t\t\t<div class=\"elementor-widget-wrap elementor-element-populated\">\n\t\t\t\t\t\t<div class=\"elementor-element elementor-element-85d899d elementor-widget elementor-widget-heading\" data-id=\"85d899d\" data-element_type=\"widget\" data-widget_type=\"heading.default\">\n\t\t\t\t<div class=\"elementor-widget-container\">\n\t\t\t<h2 class=\"elementor-heading-title elementor-size-default\">Regeneraci\u00f3n Celular<\/h2>\t\t<\/div>\n\t\t\t\t<\/div>\n\t\t\t\t<div class=\"elementor-element elementor-element-112148b elementor-widget-divider--view-line elementor-widget elementor-widget-divider\" data-id=\"112148b\" data-element_type=\"widget\" data-widget_type=\"divider.default\">\n\t\t\t\t<div class=\"elementor-widget-container\">\n\t\t\t\t\t<div class=\"elementor-divider\">\n\t\t\t<span class=\"elementor-divider-separator\">\n\t\t\t\t\t\t<\/span>\n\t\t<\/div>\n\t\t\t\t<\/div>\n\t\t\t\t<\/div>\n\t\t\t\t<div class=\"elementor-element elementor-element-066e112 elementor-widget elementor-widget-text-editor\" data-id=\"066e112\" data-element_type=\"widget\" data-widget_type=\"text-editor.default\">\n\t\t\t\t<div class=\"elementor-widget-container\">\n\t\t\t\t\t\t\t<p style=\"margin: 0cm 0cm 21.0pt 0cm;\"><span style=\"font-size: 12.5pt; font-family: 'Open Sans',sans-serif; color: #656565;\">Es el procedimiento en el que estimulamos la producci\u00f3n de nuevas c\u00e9lulas de la piel de manera superficial (Efecto peeling) para desvanecer o corregir (repetidas sesiones) problemas cut\u00e1neos como Acn\u00e9, Manchas, Pecas, Lentigos, L\u00edneas finas de Expresi\u00f3n, Mejorar tono de piel, cicatrices. Este procedimiento se hace con un L\u00e1ser no Ablativo (no invasivo) y formulaci\u00f3n magistral.<\/span><\/p><p style=\"margin: 0cm 0cm 21.0pt 0cm;\"><span style=\"font-size: 12.5pt; font-family: 'Open Sans',sans-serif; color: #656565;\">El procedimiento es de cabina y dura 25 minutos, no es doloroso, la recuperaci\u00f3n es de 5 d\u00edas, puedes hacer tus actividades excepto nadar, habr\u00e1 descamaci\u00f3n de piel como cuando vas a la playa y se puede realizar cada 10 d\u00edas o de manera mensual dependiendo el da\u00f1o.<\/span><\/p><p style=\"margin: 0cm 0cm 21.0pt 0cm;\"><span style=\"font-size: 12.5pt; font-family: 'Open Sans',sans-serif; color: #656565;\">Se usa tratamiento en casa, Protecci\u00f3n Solar, Cremas Emolientes para evitar irritaci\u00f3n y mejora recuperaci\u00f3n. Si el da\u00f1o es severo con opci\u00f3n a seguir tratamiento domiciliario para alcanzar progresos m\u00e1s significativos.<\/span><\/p>\t\t\t\t\t\t<\/div>\n\t\t\t\t<\/div>\n\t\t\t\t\t<\/div>\n\t\t<\/div>\n\t\t\t\t\t<\/div>\n\t\t<\/section>\n\t\t\t\t<section class=\"elementor-section elementor-top-section elementor-element elementor-element-f8e172c elementor-section-content-middle elementor-reverse-mobile elementor-section-boxed elementor-section-height-default elementor-section-height-default\" data-id=\"f8e172c\" data-element_type=\"section\" data-settings=\"{&quot;background_background&quot;:&quot;classic&quot;}\">\n\t\t\t\t\t\t\t<div class=\"elementor-background-overlay\"><\/div>\n\t\t\t\t\t\t\t<div class=\"elementor-container elementor-column-gap-no\">\n\t\t\t\t\t<div class=\"elementor-column elementor-col-100 elementor-top-column elementor-element elementor-element-fc9d633\" data-id=\"fc9d633\" data-element_type=\"column\">\n\t\t\t<div class=\"elementor-widget-wrap elementor-element-populated\">\n\t\t\t\t\t\t<div class=\"elementor-element elementor-element-62920fb elementor-widget elementor-widget-text-editor\" data-id=\"62920fb\" data-element_type=\"widget\" data-widget_type=\"text-editor.default\">\n\t\t\t\t<div class=\"elementor-widget-container\">\n\t\t\t\t\t\t\t<p style=\"margin: 0cm 0cm 21.0pt 0cm;\"><span style=\"font-size: 12.5pt; font-family: 'Open Sans',sans-serif; color: #656565;\">Es el procedimiento en el que estimulamos la producci\u00f3n de nuevas c\u00e9lulas de la piel de manera superficial (Efecto peeling) para desvanecer o corregir (repetidas sesiones) problemas cut\u00e1neos como Acn\u00e9, Manchas, Pecas, Lentigos, L\u00edneas finas de Expresi\u00f3n, Mejorar tono de piel, cicatrices. Este procedimiento se hace con un L\u00e1ser no Ablativo (no invasivo) y formulaci\u00f3n magistral.<\/span><\/p><p style=\"margin: 0cm 0cm 21.0pt 0cm;\"><span style=\"font-size: 12.5pt; font-family: 'Open Sans',sans-serif; color: #656565;\">El procedimiento es de cabina y dura 25 minutos, no es doloroso, la recuperaci\u00f3n es de 5 d\u00edas, puedes hacer tus actividades excepto nadar, habr\u00e1 descamaci\u00f3n de piel como cuando vas a la playa y se puede realizar cada 10 d\u00edas o de manera mensual dependiendo el da\u00f1o.<\/span><\/p><p style=\"margin: 0cm 0cm 21.0pt 0cm;\"><span style=\"font-size: 12.5pt; font-family: 'Open Sans',sans-serif; color: #656565;\">Se usa tratamiento en casa, Protecci\u00f3n Solar, Cremas Emolientes para evitar irritaci\u00f3n y mejora recuperaci\u00f3n. Si el da\u00f1o es severo con opci\u00f3n a seguir tratamiento domiciliario para alcanzar progresos m\u00e1s significativos.<\/span><\/p>\t\t\t\t\t\t<\/div>\n\t\t\t\t<\/div>\n\t\t\t\t\t<\/div>\n\t\t<\/div>\n\t\t\t\t\t<\/div>\n\t\t<\/section>\n\t\t\t\t<section class=\"elementor-section elementor-top-section elementor-element elementor-element-880e92c elementor-section-content-middle elementor-reverse-mobile elementor-section-boxed elementor-section-height-default elementor-section-height-default\" data-id=\"880e92c\" data-element_type=\"section\" data-settings=\"{&quot;background_background&quot;:&quot;classic&quot;}\">\n\t\t\t\t\t\t\t<div class=\"elementor-background-overlay\"><\/div>\n\t\t\t\t\t\t\t<div class=\"elementor-container elementor-column-gap-no\">\n\t\t\t\t\t<div class=\"elementor-column elementor-col-100 elementor-top-column elementor-element elementor-element-a5765e4\" data-id=\"a5765e4\" data-element_type=\"column\">\n\t\t\t<div class=\"elementor-widget-wrap elementor-element-populated\">\n\t\t\t\t\t\t<div class=\"elementor-element elementor-element-950f3c0 elementor-widget elementor-widget-image-gallery\" data-id=\"950f3c0\" data-element_type=\"widget\" data-widget_type=\"image-gallery.default\">\n\t\t\t\t<div class=\"elementor-widget-container\">\n\t\t\t\t\t<div class=\"elementor-image-gallery\">\n\t\t\t<div id='gallery-1' class='gallery galleryid-973 gallery-columns-4 gallery-size-medium'><figure class='gallery-item'>\n\t\t\t<div class='gallery-icon landscape'>\n\t\t\t\t<a data-elementor-open-lightbox=\"yes\" data-elementor-lightbox-slideshow=\"950f3c0\" data-elementor-lightbox-title=\"DESPUES-HOMBRE-REG-.jpg\" data-e-action-hash=\"#elementor-action%3Aaction%3Dlightbox%26settings%3DeyJpZCI6MTA2NCwidXJsIjoiaHR0cHM6XC9cL2NldG51cC5jb21cL3dwLWNvbnRlbnRcL3VwbG9hZHNcLzIwMjNcLzA4XC9ERVNQVUVTLUhPTUJSRS1SRUctLmpwZy53ZWJwIiwic2xpZGVzaG93IjoiOTUwZjNjMCJ9\" href='https:\/\/cetnup.com\/wp-content\/uploads\/2023\/08\/DESPUES-HOMBRE-REG-.jpg.webp'><img fetchpriority=\"high\" decoding=\"async\" width=\"300\" height=\"297\" src=\"https:\/\/cetnup.com\/wp-content\/uploads\/2023\/08\/DESPUES-HOMBRE-REG-.jpg-300x297.webp\" class=\"attachment-medium size-medium\" alt=\"\" srcset=\"https:\/\/cetnup.com\/wp-content\/uploads\/2023\/08\/DESPUES-HOMBRE-REG-.jpg-300x297.webp 300w, https:\/\/cetnup.com\/wp-content\/uploads\/2023\/08\/DESPUES-HOMBRE-REG-.jpg-150x150.webp 150w, https:\/\/cetnup.com\/wp-content\/uploads\/2023\/08\/DESPUES-HOMBRE-REG-.jpg-768x761.webp 768w, https:\/\/cetnup.com\/wp-content\/uploads\/2023\/08\/DESPUES-HOMBRE-REG-.jpg.webp 925w\" sizes=\"(max-width: 300px) 100vw, 300px\" \/><\/a>\n\t\t\t<\/div><\/figure><figure class='gallery-item'>\n\t\t\t<div class='gallery-icon landscape'>\n\t\t\t\t<a data-elementor-open-lightbox=\"yes\" data-elementor-lightbox-slideshow=\"950f3c0\" data-elementor-lightbox-title=\"ANTES-HOMBRE-REG-.jpg\" data-e-action-hash=\"#elementor-action%3Aaction%3Dlightbox%26settings%3DeyJpZCI6MTA2MSwidXJsIjoiaHR0cHM6XC9cL2NldG51cC5jb21cL3dwLWNvbnRlbnRcL3VwbG9hZHNcLzIwMjNcLzA4XC9BTlRFUy1IT01CUkUtUkVHLS5qcGcud2VicCIsInNsaWRlc2hvdyI6Ijk1MGYzYzAifQ%3D%3D\" href='https:\/\/cetnup.com\/wp-content\/uploads\/2023\/08\/ANTES-HOMBRE-REG-.jpg.webp'><img decoding=\"async\" width=\"300\" height=\"297\" src=\"https:\/\/cetnup.com\/wp-content\/uploads\/2023\/08\/ANTES-HOMBRE-REG-.jpg-300x297.webp\" class=\"attachment-medium size-medium\" alt=\"\" srcset=\"https:\/\/cetnup.com\/wp-content\/uploads\/2023\/08\/ANTES-HOMBRE-REG-.jpg-300x297.webp 300w, https:\/\/cetnup.com\/wp-content\/uploads\/2023\/08\/ANTES-HOMBRE-REG-.jpg-150x150.webp 150w, https:\/\/cetnup.com\/wp-content\/uploads\/2023\/08\/ANTES-HOMBRE-REG-.jpg-768x761.webp 768w, https:\/\/cetnup.com\/wp-content\/uploads\/2023\/08\/ANTES-HOMBRE-REG-.jpg.webp 925w\" sizes=\"(max-width: 300px) 100vw, 300px\" \/><\/a>\n\t\t\t<\/div><\/figure><figure class='gallery-item'>\n\t\t\t<div class='gallery-icon landscape'>\n\t\t\t\t<a data-elementor-open-lightbox=\"yes\" data-elementor-lightbox-slideshow=\"950f3c0\" data-elementor-lightbox-title=\"antes-reg-celular-mujer-.jpg\" data-e-action-hash=\"#elementor-action%3Aaction%3Dlightbox%26settings%3DeyJpZCI6MTA2MiwidXJsIjoiaHR0cHM6XC9cL2NldG51cC5jb21cL3dwLWNvbnRlbnRcL3VwbG9hZHNcLzIwMjNcLzA4XC9hbnRlcy1yZWctY2VsdWxhci1tdWplci0uanBnLndlYnAiLCJzbGlkZXNob3ciOiI5NTBmM2MwIn0%3D\" href='https:\/\/cetnup.com\/wp-content\/uploads\/2023\/08\/antes-reg-celular-mujer-.jpg.webp'><img decoding=\"async\" width=\"300\" height=\"297\" src=\"https:\/\/cetnup.com\/wp-content\/uploads\/2023\/08\/antes-reg-celular-mujer-.jpg-300x297.webp\" class=\"attachment-medium size-medium\" alt=\"\" srcset=\"https:\/\/cetnup.com\/wp-content\/uploads\/2023\/08\/antes-reg-celular-mujer-.jpg-300x297.webp 300w, https:\/\/cetnup.com\/wp-content\/uploads\/2023\/08\/antes-reg-celular-mujer-.jpg-150x150.webp 150w, https:\/\/cetnup.com\/wp-content\/uploads\/2023\/08\/antes-reg-celular-mujer-.jpg-768x761.webp 768w, https:\/\/cetnup.com\/wp-content\/uploads\/2023\/08\/antes-reg-celular-mujer-.jpg.webp 925w\" sizes=\"(max-width: 300px) 100vw, 300px\" \/><\/a>\n\t\t\t<\/div><\/figure><figure class='gallery-item'>\n\t\t\t<div class='gallery-icon landscape'>\n\t\t\t\t<a data-elementor-open-lightbox=\"yes\" data-elementor-lightbox-slideshow=\"950f3c0\" data-elementor-lightbox-title=\"depues-reg-mujer-.jpg\" data-e-action-hash=\"#elementor-action%3Aaction%3Dlightbox%26settings%3DeyJpZCI6MTA2MywidXJsIjoiaHR0cHM6XC9cL2NldG51cC5jb21cL3dwLWNvbnRlbnRcL3VwbG9hZHNcLzIwMjNcLzA4XC9kZXB1ZXMtcmVnLW11amVyLS5qcGcud2VicCIsInNsaWRlc2hvdyI6Ijk1MGYzYzAifQ%3D%3D\" href='https:\/\/cetnup.com\/wp-content\/uploads\/2023\/08\/depues-reg-mujer-.jpg.webp'><img loading=\"lazy\" decoding=\"async\" width=\"300\" height=\"297\" src=\"https:\/\/cetnup.com\/wp-content\/uploads\/2023\/08\/depues-reg-mujer-.jpg-300x297.webp\" class=\"attachment-medium size-medium\" alt=\"\" srcset=\"https:\/\/cetnup.com\/wp-content\/uploads\/2023\/08\/depues-reg-mujer-.jpg-300x297.webp 300w, https:\/\/cetnup.com\/wp-content\/uploads\/2023\/08\/depues-reg-mujer-.jpg-150x150.webp 150w, https:\/\/cetnup.com\/wp-content\/uploads\/2023\/08\/depues-reg-mujer-.jpg-768x761.webp 768w, https:\/\/cetnup.com\/wp-content\/uploads\/2023\/08\/depues-reg-mujer-.jpg.webp 925w\" sizes=\"(max-width: 300px) 100vw, 300px\" \/><\/a>\n\t\t\t<\/div><\/figure>\n\t\t<\/div>\n\t\t<\/div>\n\t\t\t\t<\/div>\n\t\t\t\t<\/div>\n\t\t\t\t\t<\/div>\n\t\t<\/div>\n\t\t\t\t\t<\/div>\n\t\t<\/section>\n\t\t\t\t<\/div>\n\t\t","protected":false},"excerpt":{"rendered":"<p>Regeneraci\u00f3n Celular Es el procedimiento en el que estimulamos la producci\u00f3n de nuevas c\u00e9lulas de la piel de manera superficial (Efecto peeling) para desvanecer o corregir (repetidas sesiones) problemas cut\u00e1neos como Acn\u00e9, Manchas, Pecas, Lentigos, L\u00edneas finas de Expresi\u00f3n, Mejorar tono de piel, cicatrices. Este procedimiento se hace con un L\u00e1ser no Ablativo (no invasivo) [&hellip;]<\/p>\n","protected":false},"author":1,"featured_media":0,"parent":0,"menu_order":0,"comment_status":"closed","ping_status":"closed","template":"","meta":{"site-sidebar-layout":"no-sidebar","site-content-layout":"page-builder","ast-site-content-layout":"","site-content-style":"default","site-sidebar-style":"default","ast-global-header-display":"","ast-banner-title-visibility":"","ast-main-header-display":"","ast-hfb-above-header-display":"","ast-hfb-below-header-display":"","ast-hfb-mobile-header-display":"","site-post-title":"disabled","ast-breadcrumbs-content":"","ast-featured-img":"disabled","footer-sml-layout":"","theme-transparent-header-meta":"","adv-header-id-meta":"","stick-header-meta":"","header-above-stick-meta":"","header-main-stick-meta":"","header-below-stick-meta":"","astra-migrate-meta-layouts":"default","ast-page-background-enabled":"default","ast-page-background-meta":{"desktop":{"background-color":"","background-image":"","background-repeat":"repeat","background-position":"center center","background-size":"auto","background-attachment":"scroll","background-type":"","background-media":"","overlay-type":"","overlay-color":"","overlay-opacity":"","overlay-gradient":""},"tablet":{"background-color":"","background-image":"","background-repeat":"repeat","background-position":"center center","background-size":"auto","background-attachment":"scroll","background-type":"","background-media":"","overlay-type":"","overlay-color":"","overlay-opacity":"","overlay-gradient":""},"mobile":{"background-color":"","background-image":"","background-repeat":"repeat","background-position":"center center","background-size":"auto","background-attachment":"scroll","background-type":"","background-media":"","overlay-type":"","overlay-color":"","overlay-opacity":"","overlay-gradient":""}},"ast-content-background-meta":{"desktop":{"background-color":"var(--ast-global-color-5)","background-image":"","background-repeat":"repeat","background-position":"center center","background-size":"auto","background-attachment":"scroll","background-type":"","background-media":"","overlay-type":"","overlay-color":"","overlay-opacity":"","overlay-gradient":""},"tablet":{"background-color":"var(--ast-global-color-5)","background-image":"","background-repeat":"repeat","background-position":"center center","background-size":"auto","background-attachment":"scroll","background-type":"","background-media":"","overlay-type":"","overlay-color":"","overlay-opacity":"","overlay-gradient":""},"mobile":{"background-color":"var(--ast-global-color-5)","background-image":"","background-repeat":"repeat","background-position":"center center","background-size":"auto","background-attachment":"scroll","background-type":"","background-media":"","overlay-type":"","overlay-color":"","overlay-opacity":"","overlay-gradient":""}},"_joinchat":[],"footnotes":""},"class_list":["post-973","page","type-page","status-publish","hentry"],"_links":{"self":[{"href":"https:\/\/cetnup.com\/index.php\/wp-json\/wp\/v2\/pages\/973","targetHints":{"allow":["GET"]}}],"collection":[{"href":"https:\/\/cetnup.com\/index.php\/wp-json\/wp\/v2\/pages"}],"about":[{"href":"https:\/\/cetnup.com\/index.php\/wp-json\/wp\/v2\/types\/page"}],"author":[{"embeddable":true,"href":"https:\/\/cetnup.com\/index.php\/wp-json\/wp\/v2\/users\/1"}],"replies":[{"embeddable":true,"href":"https:\/\/cetnup.com\/index.php\/wp-json\/wp\/v2\/comments?post=973"}],"version-history":[{"count":12,"href":"https:\/\/cetnup.com\/index.php\/wp-json\/wp\/v2\/pages\/973\/revisions"}],"predecessor-version":[{"id":1073,"href":"https:\/\/cetnup.com\/index.php\/wp-json\/wp\/v2\/pages\/973\/revisions\/1073"}],"wp:attachment":[{"href":"https:\/\/cetnup.com\/index.php\/wp-json\/wp\/v2\/media?parent=973"}],"curies":[{"name":"wp","href":"https:\/\/api.w.org\/{rel}","templated":true}]}}